{"id":100,"date":"2015-06-26T14:54:25","date_gmt":"2015-06-26T12:54:25","guid":{"rendered":"http:\/\/juxirkus.de\/juxirkus\/?page_id=100"},"modified":"2026-03-02T13:54:28","modified_gmt":"2026-03-02T12:54:28","slug":"mini-und-midizirkus","status":"publish","type":"page","link":"https:\/\/juxirkus.de\/juxirkus\/mini-und-midizirkus\/","title":{"rendered":"Mini- &#038; Midizirkus"},"content":{"rendered":"\n<div class=\"wp-block-columns is-layout-flex wp-container-core-columns-is-layout-28f84493 wp-block-columns-is-layout-flex\">\n<div class=\"wp-block-column is-layout-flow wp-block-column-is-layout-flow\">\n<h2 class=\"wp-block-heading\" id=\"der-minizirkus-ist-unser-angebot-fur-die-kleinsten\">Der <strong>Minizirkus<\/strong> ist unser Angebot f\u00fcr die Kleinsten<\/h2>\n\n\n\n<figure class=\"wp-block-image size-full\"><img loading=\"lazy\" decoding=\"async\" width=\"400\" height=\"315\" src=\"https:\/\/juxirkus.de\/juxirkus\/wp-content\/uploads\/2015\/06\/minzirkus.jpg\" alt=\"\" class=\"wp-image-1717\"\/><figcaption class=\"wp-element-caption\">Der Minizirkus ist unser Angebot f\u00fcr die Kleinsten<\/figcaption><\/figure>\n\n\n\n<p>Er ist aus dem &#8222;J\u00f6renspektakel&#8220; im Jahr 1992 entstanden \u2013 und auf den vielfachen Wunsch von Eltern und \u00e4lteren Geschwistern. Am Minizirkus k\u00f6nnen Kinder im Alter von f\u00fcnf bis sieben Jahren teilnehmen (Achtung: ab 5 Jahren, bitte keine j\u00fcngeren!). Ein Kurs dauert drei Monate und endet mit einer Auff\u00fchrung f\u00fcr Eltern, Geschwister und alle anderen Freunde und Verwandten.<\/p>\n\n\n\n<p>Im Minizirkus werden die Kinder altersgerecht angeleitet. Mehr als beim &#8222;gro\u00dfen&#8220; Zirkus stehen zun\u00e4chst spielerische Aspekte und die Freude an der Bewegung im Vordergrund. Aber im Laufe dieser drei Monate werden viele &#8222;echte&#8220; Zirkustechniken erlernt, zum Beispiel Kugellauf, Seillauf, Trapez, Trampolin und Leiterakrobatik.<br>Die Teilnahme am Minizirkus kostet 90\u20ac f\u00fcr den dreimonatigen Kurs, f\u00fcr Inhaber*innen eines BerlinPasses 70\u20ac.<\/p>\n\n\n\n<h4 class=\"wp-block-heading\" id=\"termine\"><strong>Termine<\/strong>:<\/h4>\n\n\n\n<ul class=\"wp-block-list\">\n<li>Dienstag, 14:30 bis 15:30 Uhr<\/li>\n\n\n\n<li>Donnerstag, 14:30 bis 15:30 Uhr<\/li>\n<\/ul>\n\n\n\n<p><\/p>\n\n\n\n<p><strong>Die Kurse &#8222;Fr\u00fchjahr 2026&#8220; sind voll. Die neuen Kurse beginnen nach den Sommerferien.<\/strong> <strong><strong>Stichtag f\u00fcr die Anmeldung Montag, 15.6.26.<\/strong> <\/strong><br><\/p>\n\n\n\n<p><br><br>Bitte schickt uns am Stichtag &#8211; nicht vorher &#8211; eine Email. Falls es mehr Anmeldungen gibt als Pl\u00e4tze, werden wir unter allen Mails, die uns am Stichtag erreichen, die Pl\u00e4tze verlosen.<br><br><\/p>\n\n\n\n<p><strong>Liebe Eltern:<\/strong> wir wissen, ihr seid alle ungeduldig, dass eure Kinder endlich beim Zirkus mitmachen k\u00f6nnen. Trotzdem: bitte meldet nur Kinder an, die am Stichtag das n\u00f6tige Alter erreicht haben.<\/p>\n\n\n\n<h5 class=\"wp-block-heading\" id=\"wichtig\">Wichtig:<\/h5>\n\n\n\n<ul class=\"wp-block-list\">\n<li>Bitte Anmeldungen per Kontaktformular auf dieser Homepage. Das erleichtert uns die Organisation gewaltig.<\/li>\n\n\n\n<li>Bitte nur ein Kind pro Anmeldung, Ausnahme Geschwister.<\/li>\n\n\n\n<li>Der Stichtag ist Montag &#8211; Anmeldungen vom Wochenende ber\u00fccksichtigen wir nicht!<\/li>\n\n\n\n<li>(Nur wenn sowohl Dienstag als auch  Donnerstag Kurse f\u00fcr Anf\u00e4nger*innen stattfinden: Bitte gebt bei der Anmeldung an, ob ihr nur Di\/nur Do\/an beiden Tagen k\u00f6nnt.)<\/li>\n\n\n\n<li><strong>Minizirkus f\u00fcr Fortgeschrittene:<\/strong> in unregelm\u00e4\u00dfigen Abst\u00e4nden, je nach Nachfrage, bieten wir Dienstags einen Fortgeschrittenen-Kurs an, f\u00fcr Kinder, die den Minizirkus schon einmal besucht haben.<\/li>\n<\/ul>\n<\/div>\n\n\n\n<div class=\"wp-block-column is-layout-flow wp-block-column-is-layout-flow\">\n<h2 class=\"wp-block-heading\" id=\"den-midizirkus-gibt-es-seit-anfang-2012\">Den <strong>Midizirkus <\/strong>gibt es seit Anfang 2012<\/h2>\n\n\n\n<p>Der Midizirkus ist die Gruppe f\u00fcr alle, die dem Minizirkus entwachsen sind aber noch nicht alt genug sind f\u00fcr den &#8222;gro\u00dfen&#8220; Juxirkus &#8211; also im Alter 8-9 Jahre.<br>Die Teilnahme am Midizirkus kostet 18\u20ac im Monat.<\/p>\n\n\n\n<h4 class=\"wp-block-heading\" id=\"termin\"><strong>Termin:<\/strong><\/h4>\n\n\n\n<ul class=\"wp-block-list\">\n<li>Mittwoch, 16:00 Uhr im Juxirkus-Zelt.<\/li>\n<\/ul>\n\n\n\n<p>Leider ist die Nachfrage nach Pl\u00e4tzen in der Midi-Gruppe viel h\u00f6her als das Platzangebot. Ihr k\u00f6nnt euch zweimal im Jahr &#8211; nach den Winterferien und nach den Sommerferien &#8211;<strong> an einem Stichtag<\/strong> per <strong>Kontaktformular mit Namen und Geburtsdatum des Kindes<\/strong> auf einen Platz bewerben, unter den Anfragen losen wir dann die freien Pl\u00e4tze aus!<\/p>\n\n\n\n<p><strong>Liebe Eltern:<\/strong> wir wissen, ihr seid alle ungeduldig, dass eure Kinder endlich beim Zirkus mitmachen k\u00f6nnen. Trotzdem: bitte meldet nur Kinder an, die am Stichtag das n\u00f6tige Alter erreicht haben.<\/p>\n\n\n\n<p>Die n\u00e4chsten Stichtage f\u00fcr die Anmeldung sind <\/p>\n\n\n\n<p><strong>Mo 9.2.2026<\/strong> und<\/p>\n\n\n\n<p><strong>Mo 31.8.2026<\/strong><\/p>\n\n\n\n<p><\/p>\n<\/div>\n<\/div>\n\n\n\n<p>Minizirkus und Midizirkus werden betreut von <a href=\"https:\/\/juxirkus.de\/juxirkus\/team\/\">Dominik<\/a>.<\/p>\n\n\n\n<div style=\"height:20px\" aria-hidden=\"true\" class=\"wp-block-spacer\"><\/div>\n","protected":false},"excerpt":{"rendered":"<p>Der Minizirkus ist unser Angebot f\u00fcr die Kleinsten Er ist aus dem &#8222;J\u00f6renspektakel&#8220; im Jahr 1992 entstanden \u2013 und auf den vielfachen [&hellip;]<\/p>\n","protected":false},"author":9,"featured_media":0,"parent":0,"menu_order":0,"comment_status":"closed","ping_status":"closed","template":"page-templates\/page_fullwidth.php","meta":{"_uag_custom_page_level_css":"","footnotes":""},"class_list":["post-100","page","type-page","status-publish","hentry"],"uagb_featured_image_src":{"full":false,"thumbnail":false,"medium":false,"medium_large":false,"large":false,"1536x1536":false,"2048x2048":false,"sydney-large-thumb":false,"sydney-medium-thumb":false,"sydney-small-thumb":false,"sydney-service-thumb":false,"sydney-mas-thumb":false},"uagb_author_info":{"display_name":"arabella","author_link":"https:\/\/juxirkus.de\/juxirkus\/author\/arabella\/"},"uagb_comment_info":0,"uagb_excerpt":"Der Minizirkus ist unser Angebot f\u00fcr die Kleinsten Er ist aus dem &#8222;J\u00f6renspektakel&#8220; im Jahr 1992 entstanden \u2013 und auf den vielfachen [&hellip;]","_links":{"self":[{"href":"https:\/\/juxirkus.de\/juxirkus\/wp-json\/wp\/v2\/pages\/100","targetHints":{"allow":["GET"]}}],"collection":[{"href":"https:\/\/juxirkus.de\/juxirkus\/wp-json\/wp\/v2\/pages"}],"about":[{"href":"https:\/\/juxirkus.de\/juxirkus\/wp-json\/wp\/v2\/types\/page"}],"author":[{"embeddable":true,"href":"https:\/\/juxirkus.de\/juxirkus\/wp-json\/wp\/v2\/users\/9"}],"replies":[{"embeddable":true,"href":"https:\/\/juxirkus.de\/juxirkus\/wp-json\/wp\/v2\/comments?post=100"}],"version-history":[{"count":67,"href":"https:\/\/juxirkus.de\/juxirkus\/wp-json\/wp\/v2\/pages\/100\/revisions"}],"predecessor-version":[{"id":5303,"href":"https:\/\/juxirkus.de\/juxirkus\/wp-json\/wp\/v2\/pages\/100\/revisions\/5303"}],"wp:attachment":[{"href":"https:\/\/juxirkus.de\/juxirkus\/wp-json\/wp\/v2\/media?parent=100"}],"curies":[{"name":"wp","href":"https:\/\/api.w.org\/{rel}","templated":true}]}}