{"id":104,"date":"2015-06-26T14:56:09","date_gmt":"2015-06-26T12:56:09","guid":{"rendered":"http:\/\/juxirkus.de\/juxirkus\/?page_id=104"},"modified":"2026-01-23T18:25:40","modified_gmt":"2026-01-23T17:25:40","slug":"foerderverein","status":"publish","type":"page","link":"https:\/\/juxirkus.de\/juxirkus\/foerderverein\/","title":{"rendered":"Verein zur F\u00f6rderung des Juxirkus e.V."},"content":{"rendered":"\n<h4 class=\"wp-block-heading\" id=\"wer-sind-wir\"><strong>Wer sind wir?<\/strong><\/h4>\n\n\n\n<p>Der &#8222;Verein zur F\u00f6rderung des Juxirkus e.&nbsp;V.&#8220; wurde 1996 gegr\u00fcndet und besteht aus Eltern, Freunden und Ehemaligen des Juxirkus-Sch\u00f6neberg.<\/p>\n\n\n\n<h4 class=\"wp-block-heading\" id=\"warum-ein-forderverein\"><strong>Warum ein F\u00f6rderverein?<\/strong><\/h4>\n\n\n\n<p>Der F\u00f6rderverein unterst\u00fctzt den Juxirkus ideell und finanziell. Dem Juxirkus soll auf unkomplizierte Art durch Sach- oder Honorarmittel zu einer besseren finanziellen Flexibilit\u00e4t verholfen werden.<\/p>\n\n\n\n<h4 class=\"wp-block-heading\" id=\"was-wurde-bisher-gefordert\"><strong>Was wurde bisher gef\u00f6rdert?<\/strong><\/h4>\n\n\n\n<p>Die bisherigen Spenden haben es zum Beispiel m\u00f6glich gemacht, Trainingsmittel anzuschaffen, einen zus\u00e4tzlichen Trainer auf Honorarbasis zu bezahlen, Ausfl\u00fcge zu erm\u00f6glichen und die Verpflegung bei Festen zu finanzieren. Besonders wichtig ist es uns, Kindern die Teilnahme an der allj\u00e4hrlichen Herbstreise zu erm\u00f6glichen, deren Eltern sich diesen finanziellen Aufwand nicht leisten konnten.<\/p>\n\n\n\n<h4 class=\"wp-block-heading\" id=\"wie-kann-man-den-forderverein-unterstutzen\"><strong>Wie kann man den F\u00f6rderverein unterst\u00fctzen?<\/strong><\/h4>\n\n\n\n<p>Durch einmalige Spenden oder einer Mitgliedschaft im Verein&nbsp;kann dem Projekt geholfen werden (die H\u00f6he des monatlichen Beitrages kann selbst bestimmt werden). Der Verein ist berechtigt Spendenbescheinigungen f\u00fcr die Steuer auszustellen.<\/p>\n\n\n\n<p>Es ist dringlicher als je zuvor, die Arbeit mit Spenden und Beitr\u00e4gen zu unterst\u00fctzen, um die Fortf\u00fchrung der Arbeit im Juxirkus in der bew\u00e4hrten Qualit\u00e4t zu sichern. Wir bitten Sie daher den F\u00f6rderverein zu unterst\u00fctzen und sich so f\u00fcr den Erhalt dieses Jugendprojektes einzusetzen. Bei Interesse oder R\u00fcckfragen k\u00f6nnen Sie mich gerne unter der unten angegebenen Anschrift erreichen.<\/p>\n\n\n\n<p>Vielen Dank f\u00fcr Ihre Unterst\u00fctzung!<\/p>\n\n\n\n<p>Cheyenne Amonat, Mira Winzer und Silvio K\u00fcnstner<br>(Vorsitzende, stellv. Vorsitzende, Kassenwart)<\/p>\n\n\n\n<p><strong>Verein zur F\u00f6rderung des Juxirkus e.&nbsp;V.<\/strong><br>c\/o&nbsp;Juxirkus<br>Barbarossastr. 65<br>10781 Berlin<br><br><a href=\"http:\/\/juxirkus.de\/juxirkus\/wp-content\/uploads\/email_handler.php\">E-Mail<\/a><\/p>\n\n\n\n<p><strong>Kontoverbindung<\/strong><br>Verein zur F\u00f6rderung des Juxirkus e.&nbsp;V.<br>Postbank Berlin<br>IBAN: DE02 1001 0010 0625 8321 00<br>BIC: PBNKDEFF<\/p>\n\n\n\n<p>Wir stellen Ihnen gerne eine Spendenbescheinigung aus, wenn Sie uns Ihre Adresse mitteilen. Diese werden im ersten Quartal des Folgejahres versendet. Bitte beachten Sie, dass der Kontoauszug Ihrer Bank und der vereinfachte Zuwendungsbescheid f\u00fcr Spenden unter 300 \u20ac pro Jahr ausreicht.<\/p>\n\n\n\n<ul class=\"wp-block-list\">\n<li>Der <strong>Flyer mit der Anmeldung<\/strong> kann <a href=\"https:\/\/juxirkus.de\/juxirkus\/wp-content\/uploads\/2023\/07\/Juxirkus_Foerderverein_Flyer_web_2023-07-20.pdf\" target=\"_blank\" rel=\"noreferrer noopener\">&gt;&gt;&gt; hier<\/a> heruntergeladen werden<\/li>\n\n\n\n<li>Die <strong>Satzung<\/strong> kann <a href=\"https:\/\/juxirkus.de\/juxirkus\/wp-content\/uploads\/2023\/06\/Satzung_Foerderverein_V20210816.pdf\" data-type=\"URL\" data-id=\"https:\/\/juxirkus.de\/juxirkus\/wp-content\/uploads\/2023\/06\/Satzung_Foerderverein_V20210816.pdf\" target=\"_blank\" rel=\"noreferrer noopener\">&gt;&gt;&gt; hier<\/a> heruntergelanden werden<\/li>\n\n\n\n<li>Der <strong>vereinfachte Zuwendungsbescheid<\/strong> kann <a href=\"https:\/\/juxirkus.de\/juxirkus\/wp-content\/uploads\/2023\/07\/2023-Vereinfachter-Zuwendungsbescheid.pdf\" data-type=\"URL\">&gt;&gt;&gt; hier<\/a> heruntergeladen werden.<\/li>\n<\/ul>\n","protected":false},"excerpt":{"rendered":"<p>Wer sind wir? Der &#8222;Verein zur F\u00f6rderung des Juxirkus e.&nbsp;V.&#8220; wurde 1996 gegr\u00fcndet und besteht aus Eltern, Freunden und Ehemaligen des Juxirkus-Sch\u00f6neberg. [&hellip;]<\/p>\n","protected":false},"author":9,"featured_media":0,"parent":0,"menu_order":0,"comment_status":"closed","ping_status":"closed","template":"page-templates\/page_fullwidth.php","meta":{"_uag_custom_page_level_css":"","footnotes":""},"class_list":["post-104","page","type-page","status-publish","hentry"],"uagb_featured_image_src":{"full":false,"thumbnail":false,"medium":false,"medium_large":false,"large":false,"1536x1536":false,"2048x2048":false,"sydney-large-thumb":false,"sydney-medium-thumb":false,"sydney-small-thumb":false,"sydney-service-thumb":false,"sydney-mas-thumb":false},"uagb_author_info":{"display_name":"arabella","author_link":"https:\/\/juxirkus.de\/juxirkus\/author\/arabella\/"},"uagb_comment_info":0,"uagb_excerpt":"Wer sind wir? Der &#8222;Verein zur F\u00f6rderung des Juxirkus e.&nbsp;V.&#8220; wurde 1996 gegr\u00fcndet und besteht aus Eltern, Freunden und Ehemaligen des Juxirkus-Sch\u00f6neberg. [&hellip;]","_links":{"self":[{"href":"https:\/\/juxirkus.de\/juxirkus\/wp-json\/wp\/v2\/pages\/104","targetHints":{"allow":["GET"]}}],"collection":[{"href":"https:\/\/juxirkus.de\/juxirkus\/wp-json\/wp\/v2\/pages"}],"about":[{"href":"https:\/\/juxirkus.de\/juxirkus\/wp-json\/wp\/v2\/types\/page"}],"author":[{"embeddable":true,"href":"https:\/\/juxirkus.de\/juxirkus\/wp-json\/wp\/v2\/users\/9"}],"replies":[{"embeddable":true,"href":"https:\/\/juxirkus.de\/juxirkus\/wp-json\/wp\/v2\/comments?post=104"}],"version-history":[{"count":24,"href":"https:\/\/juxirkus.de\/juxirkus\/wp-json\/wp\/v2\/pages\/104\/revisions"}],"predecessor-version":[{"id":5289,"href":"https:\/\/juxirkus.de\/juxirkus\/wp-json\/wp\/v2\/pages\/104\/revisions\/5289"}],"wp:attachment":[{"href":"https:\/\/juxirkus.de\/juxirkus\/wp-json\/wp\/v2\/media?parent=104"}],"curies":[{"name":"wp","href":"https:\/\/api.w.org\/{rel}","templated":true}]}}