{"id":18,"date":"2015-06-26T12:09:18","date_gmt":"2015-06-26T10:09:18","guid":{"rendered":"http:\/\/juxirkus.de\/juxirkus\/?page_id=18"},"modified":"2026-02-09T13:16:02","modified_gmt":"2026-02-09T12:16:02","slug":"kontakt","status":"publish","type":"page","link":"https:\/\/juxirkus.de\/juxirkus\/kontakt\/","title":{"rendered":"Kontakt"},"content":{"rendered":"\n<h4 class=\"wp-block-heading\" id=\"block-c9396874-a093-4d50-ba6c-989900b909cc\"><br>Der Juxirkus hat zwei Standorte:<\/h4>\n\n\n\n<ol class=\"wp-block-list\">\n<li>das <strong>Zelt<\/strong> <strong>\u2013<\/strong> hier wird trainiert und hier finden die Auff\u00fchrungen statt<\/li>\n\n\n\n<li>das <strong>B\u00fcro<\/strong> \u2013 hier wird telefoniert, gemailt und hier befindet sich die Schneiderei<\/li>\n<\/ol>\n\n\n\n<section class=\"wp-block-uagb-columns uagb-columns__wrap uagb-columns__background-none uagb-columns__stack-mobile uagb-columns__valign- uagb-columns__gap-10 align uagb-block-d7665b20 uagb-columns__columns-3 uagb-columns__max_width-theme\"><div class=\"uagb-columns__overlay\"><\/div><div class=\"uagb-columns__inner-wrap uagb-columns__columns-3\">\n<div class=\"wp-block-uagb-column uagb-column__wrap uagb-column__background-undefined uagb-block-7aaa7093\"><div class=\"uagb-column__overlay\"><\/div>\n<h3 class=\"wp-block-heading\" id=\"das-zelt\">Das Zelt<\/h3>\n\n\n\n<p>Unser Zelt steht in der Hohenstaufenstra\u00dfe in Berlin-Sch\u00f6neberg, auf dem Abschnitt zwischen Martin-Luther-Stra\u00dfe und Eisenacher Stra\u00dfe<strong>. <\/strong>Anfahrt mit der BVG: Nollendorfplatz (U1, U2, U3, U4), Eisenacherstra\u00dfe (U7), Busse 204 und M46. <strong>Ansprechpartner<\/strong>: <a href=\"https:\/\/juxirkus.de\/juxirkus\/team\/\" data-type=\"page\" data-id=\"572\">Dominik Klopfer<\/a><\/p>\n\n\n\n<p>Barrierefreiheit: Das Zelt ist per Rollstuhl zug\u00e4nglich und verf\u00fcgt seit Fr\u00fchjahr 2017 auch \u00fcber eine barrierefreie Toilette.<\/p>\n\n\n\n<p><iframe loading=\"lazy\" style=\"border: 0px solid black;\" src=\"https:\/\/www.openstreetmap.org\/export\/embed.html?bbox=13.346795439720154%2C52.4941297049955%2C13.349174559116365%2C52.49524342649344&amp;layer=mapnik&amp;marker=52.494686569270435%2C13.347984999418259\" marginwidth=\"0\" marginheight=\"0\" scrolling=\"no\" width=\"400\u201c height=\u201e120\" height=\"150\" frameborder=\"0\"><\/iframe><br><small><a href=\"https:\/\/www.openstreetmap.org\/?mlat=52.49469&amp;mlon=13.34798#map=19\/52.49469\/13.34798\" target=\"_blank\" rel=\"noopener noreferrer\">&gt;&gt;&gt; \u00d6ffnen in OpenStreetMap und gr\u00f6\u00dfere Karte anzeigen<\/a><\/small><\/p>\n<\/div>\n\n\n\n<div class=\"wp-block-uagb-column uagb-column__wrap uagb-column__background-undefined uagb-block-ca62365d\"><div class=\"uagb-column__overlay\"><\/div>\n<h3 class=\"wp-block-heading\" id=\"das-buro\">Das B\u00fcro<\/h3>\n\n\n\n<p>Juxirkus-Sch\u00f6neberg<br>Barbarossastr. 65, 10781 Berlin<\/p>\n\n\n\n<p>Dort ist eine Hofdurchfahrt; einfach tapfer hineinlaufen, nach ca. 50 m findet ihr uns im Souterrain auf der linken Seite &#8211; Haus 3.<\/p>\n\n\n\n<p><strong>AnsprechpartnerInnen: <\/strong><a href=\"https:\/\/juxirkus.de\/juxirkus\/team\/\">Mona Griesel<\/a> und <a href=\"https:\/\/juxirkus.de\/juxirkus\/team\/\">Alexander Frey. <\/a>Im Allgemeinen ist das B\u00fcro wochentags au\u00dferhalb der Schulferien zwischen 9 und 15 Uhr besetzt.<\/p>\n\n\n\n<ul class=\"wp-block-list\">\n<li>Telefon: 030 215 58 21<\/li>\n<\/ul>\n<\/div>\n\n\n\n<div class=\"wp-block-uagb-column uagb-column__wrap uagb-column__background-undefined uagb-block-0b6413b5\"><div class=\"uagb-column__overlay\"><\/div>\n<h5 class=\"wp-block-heading\" id=\"kontaktformular\">Kontaktformular<\/h5>\n\n\n\n<p>Bitte schicken Sie <em>keine<\/em> Anfragen f\u00fcr Geburtstagsanimationen \u00fcber das Kontaktformular. Anfragen f\u00fcr Geburtstage gehen an eine eigene Adresse, alle Informationen finden Sie <a href=\"https:\/\/juxirkus.de\/juxirkus\/geburtstags-animation\/\" data-type=\"page\" data-id=\"208\">hier<\/a>.<\/p>\n\n\n\n<p><\/p>\n\n\n\n<div class=\"wpcf7 no-js\" id=\"wpcf7-f4228-o1\" lang=\"de-DE\" dir=\"ltr\" data-wpcf7-id=\"4228\">\n<div class=\"screen-reader-response\"><p role=\"status\" aria-live=\"polite\" aria-atomic=\"true\"><\/p> <ul><\/ul><\/div>\n<form action=\"\/juxirkus\/wp-json\/wp\/v2\/pages\/18#wpcf7-f4228-o1\" method=\"post\" class=\"wpcf7-form init\" aria-label=\"Kontaktformular\" novalidate=\"novalidate\" data-status=\"init\">\n<fieldset class=\"hidden-fields-container\"><input type=\"hidden\" name=\"_wpcf7\" value=\"4228\" \/><input type=\"hidden\" name=\"_wpcf7_version\" value=\"6.1.5\" \/><input type=\"hidden\" name=\"_wpcf7_locale\" value=\"de_DE\" \/><input type=\"hidden\" name=\"_wpcf7_unit_tag\" value=\"wpcf7-f4228-o1\" \/><input type=\"hidden\" name=\"_wpcf7_container_post\" value=\"0\" \/><input type=\"hidden\" name=\"_wpcf7_posted_data_hash\" value=\"\" \/>\n<\/fieldset>\n<p><span id=\"wpcf7-69d71af81bcc5-wrapper\" class=\"wpcf7-form-control-wrap namehoneypot-930-wrap\" style=\"display:none !important; visibility:hidden !important;\"><label for=\"wpcf7-69d71af81bcc5-field\" class=\"hp-message\">Bitte lasse dieses Feld leer.<\/label><input id=\"wpcf7-69d71af81bcc5-field\"  class=\"wpcf7-form-control wpcf7-text\" type=\"text\" name=\"namehoneypot-930\" value=\"\" size=\"40\" tabindex=\"-1\" autocomplete=\"new-password\" \/><\/span><br \/>\n<label> Name*<br \/>\n<span class=\"wpcf7-form-control-wrap\" data-name=\"your-name\"><input size=\"40\" maxlength=\"400\" class=\"wpcf7-form-control wpcf7-text wpcf7-validates-as-required\" aria-required=\"true\" aria-invalid=\"false\" value=\"\" type=\"text\" name=\"your-name\" \/><\/span> <\/label>\n<\/p>\n<p><label> E-Mail-Adresse*<br \/>\n<span class=\"wpcf7-form-control-wrap\" data-name=\"your-email\"><input size=\"40\" maxlength=\"400\" class=\"wpcf7-form-control wpcf7-email wpcf7-validates-as-required wpcf7-text wpcf7-validates-as-email\" aria-required=\"true\" aria-invalid=\"false\" value=\"\" type=\"email\" name=\"your-email\" \/><\/span> <\/label>\n<\/p>\n<p><label> Telefonnummer<br \/>\n<span class=\"wpcf7-form-control-wrap\" data-name=\"tel-449\"><input size=\"40\" maxlength=\"400\" class=\"wpcf7-form-control wpcf7-tel wpcf7-text wpcf7-validates-as-tel\" aria-invalid=\"false\" value=\"\" type=\"tel\" name=\"tel-449\" \/><\/span> <\/label>\n<\/p>\n<p><label> Betreff<br \/>\n<span class=\"wpcf7-form-control-wrap\" data-name=\"your-subject\"><input size=\"40\" maxlength=\"400\" class=\"wpcf7-form-control wpcf7-text\" aria-invalid=\"false\" value=\"\" type=\"text\" name=\"your-subject\" \/><\/span> <\/label>\n<\/p>\n<p><label> Nachricht an uns<br \/>\n<span class=\"wpcf7-form-control-wrap\" data-name=\"your-message\"><textarea cols=\"40\" rows=\"2\" maxlength=\"2000\" class=\"wpcf7-form-control wpcf7-textarea\" aria-invalid=\"false\" name=\"your-message\"><\/textarea><\/span> <\/label><br \/>\n<span class=\"wpcf7-form-control-wrap kc_captcha\" data-name=\"kc_captcha\"><span class=\"wpcf7-form-control wpcf7-radio\"><span class=\"captcha-image\" ><span class=\"cf7ic_instructions\">Bitte beweise, dass du kein Spambot bist und w\u00e4hle das Symbol<span> Auto<\/span>.<\/span><label><input aria-label=\"1\" type=\"radio\" name=\"kc_captcha\" value=\"bot\" \/><svg aria-hidden=\"true\" role=\"img\" xmlns=\"http:\/\/www.w3.org\/2000\/svg\" viewBox=\"0 0 576 512\"><path fill=\"currentColor\" d=\"M415 24c-53 0-103 42-127 65-24-23-74-65-127-65C70 24 16 77 16 166c0 72 67 133 69 135l187 181c9 8 23 8 32 0l187-180c2-3 69-64 69-136 0-89-54-142-145-142z\"\/><\/svg><\/label><label><input aria-label=\"2\" type=\"radio\" name=\"kc_captcha\" value=\"kc_human\" \/><svg aria-hidden=\"true\" role=\"img\" xmlns=\"http:\/\/www.w3.org\/2000\/svg\" viewBox=\"0 0 512 512\"><path fill=\"currentColor\" d=\"M500 168h-55l-8-21a127 127 0 00-120-83H195a127 127 0 00-120 83l-8 21H12c-8 0-14 8-11 16l8 24a12 12 0 0011 8h29a64 64 0 00-33 56v48c0 16 6 31 16 42v62c0 13 11 24 24 24h48c13 0 24-11 24-24v-40h256v40c0 13 11 24 24 24h48c13 0 24-11 24-24v-62c10-11 16-26 16-42v-48c0-24-13-45-33-56h29a12 12 0 0011-8l8-24c3-8-3-16-11-16zm-365 2c9-25 33-42 60-42h122c27 0 51 17 60 42l15 38H120l15-38zM88 328a32 32 0 010-64c18 0 48 30 48 48s-30 16-48 16zm336 0c-18 0-48 2-48-16s30-48 48-48 32 14 32 32-14 32-32 32z\"\/><\/svg><\/label><label><input aria-label=\"3\" type=\"radio\" name=\"kc_captcha\" value=\"bot\" \/><svg aria-hidden=\"true\" role=\"img\" xmlns=\"http:\/\/www.w3.org\/2000\/svg\" viewBox=\"0 0 576 512\"><path fill=\"currentColor\" d=\"M472 200H360L256 6a12 12 0 00-10-6h-58c-8 0-14 7-12 15l34 185H100l-35-58a12 12 0 00-10-6H12c-8 0-13 7-12 14l21 106L0 362c-1 7 4 14 12 14h43c4 0 8-2 10-6l35-58h110l-34 185c-2 8 4 15 12 15h58a12 12 0 0010-6l104-194h112c57 0 104-25 104-56s-47-56-104-56z\"\/><\/svg><\/label>\r\n    <\/span>\r\n    <span style=\"display:none\">\r\n        <input type=\"text\" name=\"kc_honeypot\">\r\n    <\/span><\/span><\/span>\n<\/p>\n<p>*Pflichtfelder<br \/>\nWir gehe sorgsam mit den Daten um. Diese Formularangaben werden nur zur Kontaktaufnahme bzw. zur Bearbeitung des Anliegens gespeichert.\n<\/p>\n<p><input class=\"wpcf7-form-control wpcf7-submit has-spinner\" type=\"submit\" value=\"Senden\" \/>\n<\/p><input type='hidden' class='wpcf7-pum' value='{\"closepopup\":false,\"closedelay\":0,\"openpopup\":false,\"openpopup_id\":0}' \/><div class=\"wpcf7-response-output\" aria-hidden=\"true\"><\/div>\n<\/form>\n<\/div>\n\n<\/div>\n<\/div><\/section>\n\n\n\n<p><a href=\"http:\/\/www.pfh-berlin.de\" target=\"_blank\" rel=\"noreferrer noopener\">Hier &gt;&gt;&gt;<\/a> geht es zu unserem Tr\u00e4ger, dem Pestalozzi-Fr\u00f6bel-Haus<\/p>\n\n\n\n<figure class=\"wp-block-image size-large is-resized\"><img loading=\"lazy\" decoding=\"async\" width=\"1024\" height=\"477\" src=\"https:\/\/juxirkus.de\/juxirkus\/wp-content\/uploads\/2022\/12\/STANDARD_PFH_Logo_RGB-fuer-www-und-word-1024x477.jpg\" alt=\"\" class=\"wp-image-4733\" style=\"width:266px;height:123px\" srcset=\"https:\/\/juxirkus.de\/juxirkus\/wp-content\/uploads\/2022\/12\/STANDARD_PFH_Logo_RGB-fuer-www-und-word-1024x477.jpg 1024w, https:\/\/juxirkus.de\/juxirkus\/wp-content\/uploads\/2022\/12\/STANDARD_PFH_Logo_RGB-fuer-www-und-word-400x186.jpg 400w, https:\/\/juxirkus.de\/juxirkus\/wp-content\/uploads\/2022\/12\/STANDARD_PFH_Logo_RGB-fuer-www-und-word-768x357.jpg 768w, https:\/\/juxirkus.de\/juxirkus\/wp-content\/uploads\/2022\/12\/STANDARD_PFH_Logo_RGB-fuer-www-und-word-1536x715.jpg 1536w, https:\/\/juxirkus.de\/juxirkus\/wp-content\/uploads\/2022\/12\/STANDARD_PFH_Logo_RGB-fuer-www-und-word-2048x953.jpg 2048w, https:\/\/juxirkus.de\/juxirkus\/wp-content\/uploads\/2022\/12\/STANDARD_PFH_Logo_RGB-fuer-www-und-word-1000x465.jpg 1000w, https:\/\/juxirkus.de\/juxirkus\/wp-content\/uploads\/2022\/12\/STANDARD_PFH_Logo_RGB-fuer-www-und-word-230x107.jpg 230w, https:\/\/juxirkus.de\/juxirkus\/wp-content\/uploads\/2022\/12\/STANDARD_PFH_Logo_RGB-fuer-www-und-word-350x163.jpg 350w, https:\/\/juxirkus.de\/juxirkus\/wp-content\/uploads\/2022\/12\/STANDARD_PFH_Logo_RGB-fuer-www-und-word-480x223.jpg 480w\" sizes=\"auto, (max-width: 1024px) 100vw, 1024px\" \/><\/figure>\n\n\n\n<h3 class=\"wp-block-heading\" id=\"infomaterial\">Infomaterial<\/h3>\n\n\n\n<p>Hier ist unser aktueller <a href=\"https:\/\/juxirkus.de\/juxirkus\/wp-content\/uploads\/Juxirkus_Flyer_web.pdf\" target=\"_blank\" rel=\"noopener noreferrer\">Infoflyer &gt;&gt;&gt;<\/a><\/p>\n\n\n\n<p>Die <a href=\"https:\/\/juxirkus.de\/juxirkus\/wp-content\/uploads\/2022\/12\/Konzeption-Juxirkus-2022.pdf\" data-type=\"attachment\" data-id=\"4734\" target=\"_blank\" rel=\"noreferrer noopener\">Konzeption &gt;&gt;&gt; <\/a>des Juxirkus findet ihr hier.<\/p>\n\n\n\n<p>Auf <a href=\"https:\/\/www.facebook.com\/Juxirkus-279926165373816\/\" target=\"_blank\" rel=\"noopener noreferrer\">Facebook &gt;&gt;&gt;<\/a> gibt es auch Infos.<\/p>\n","protected":false},"excerpt":{"rendered":"<p>Der Juxirkus hat zwei Standorte: Das Zelt Unser Zelt steht in der Hohenstaufenstra\u00dfe in Berlin-Sch\u00f6neberg, auf dem Abschnitt zwischen Martin-Luther-Stra\u00dfe und Eisenacher [&hellip;]<\/p>\n","protected":false},"author":9,"featured_media":0,"parent":0,"menu_order":0,"comment_status":"closed","ping_status":"closed","template":"page-templates\/page_fullwidth.php","meta":{"_uag_custom_page_level_css":"","footnotes":""},"class_list":["post-18","page","type-page","status-publish","hentry"],"uagb_featured_image_src":{"full":false,"thumbnail":false,"medium":false,"medium_large":false,"large":false,"1536x1536":false,"2048x2048":false,"sydney-large-thumb":false,"sydney-medium-thumb":false,"sydney-small-thumb":false,"sydney-service-thumb":false,"sydney-mas-thumb":false},"uagb_author_info":{"display_name":"arabella","author_link":"https:\/\/juxirkus.de\/juxirkus\/author\/arabella\/"},"uagb_comment_info":0,"uagb_excerpt":"Der Juxirkus hat zwei Standorte: Das Zelt Unser Zelt steht in der Hohenstaufenstra\u00dfe in Berlin-Sch\u00f6neberg, auf dem Abschnitt zwischen Martin-Luther-Stra\u00dfe und Eisenacher [&hellip;]","_links":{"self":[{"href":"https:\/\/juxirkus.de\/juxirkus\/wp-json\/wp\/v2\/pages\/18","targetHints":{"allow":["GET"]}}],"collection":[{"href":"https:\/\/juxirkus.de\/juxirkus\/wp-json\/wp\/v2\/pages"}],"about":[{"href":"https:\/\/juxirkus.de\/juxirkus\/wp-json\/wp\/v2\/types\/page"}],"author":[{"embeddable":true,"href":"https:\/\/juxirkus.de\/juxirkus\/wp-json\/wp\/v2\/users\/9"}],"replies":[{"embeddable":true,"href":"https:\/\/juxirkus.de\/juxirkus\/wp-json\/wp\/v2\/comments?post=18"}],"version-history":[{"count":49,"href":"https:\/\/juxirkus.de\/juxirkus\/wp-json\/wp\/v2\/pages\/18\/revisions"}],"predecessor-version":[{"id":5294,"href":"https:\/\/juxirkus.de\/juxirkus\/wp-json\/wp\/v2\/pages\/18\/revisions\/5294"}],"wp:attachment":[{"href":"https:\/\/juxirkus.de\/juxirkus\/wp-json\/wp\/v2\/media?parent=18"}],"curies":[{"name":"wp","href":"https:\/\/api.w.org\/{rel}","templated":true}]}}