{"id":180,"date":"2015-06-28T18:25:25","date_gmt":"2015-06-28T16:25:25","guid":{"rendered":"http:\/\/juxirkus.de\/juxirkus\/?page_id=180"},"modified":"2026-02-16T11:38:19","modified_gmt":"2026-02-16T10:38:19","slug":"angebote-fuer-schulen","status":"publish","type":"page","link":"https:\/\/juxirkus.de\/juxirkus\/angebote-fuer-schulen\/","title":{"rendered":"Angebote f\u00fcr Schulen"},"content":{"rendered":"\n<p>Unser Hauptangebot f\u00fcr Schulen ist die Veranstaltung von <strong>Projektwochen f\u00fcr Schulklassen<\/strong>. F\u00fcr Schulklassen besteht die M\u00f6glichkeit, im Rahmen einer Projektwoche in den Juxirkus zu kommen. Das Angebot richtet sich an Sch\u00fcler*innen von 10 Jahren an bzw. ab 4. Klasse bis hin zur 6. Klasse.<\/p>\n\n\n\n<p>Die Projektwoche kostet pauschal 400\u20ac f\u00fcr bis zu 20 Kinder. Jedes weitere Kind kostet 20 \u20ac.<\/p>\n\n\n\n<p>Eine Projektwoche dauert von Dienstag bis Freitag, jeweils von 10 Uhr bis 12 Uhr. In diesen Tagen werden elementare Zirkustechniken aus verschiedenen Disziplinen wie Akrobatik, Hochseil, Kugellauf, Jonglage oder Trapez erlernt und ein kleines Programm erarbeitet. Die Projektwoche endet am Freitag mit einer Auff\u00fchrung f\u00fcr Eltern und Freunde.<\/p>\n\n\n\n<p>Die Ergebnisse einer Projektwoche sind vielf\u00e4ltig; zum einen wird der Klassenzusammenhalt gest\u00e4rkt, die Sch\u00fcler und Sch\u00fclerinnen lernen sich neu in einem offenen Zusammenhang kennen und haben die M\u00f6glichkeit, ganz neue Seiten an sich und den anderen kennenzulernen. Sie machen Erfahrungen mit Vertrauen, mit Mut und Angst, mit Kooperation und gemeinsamen Handeln. Nicht zuletzt ist es einfach sch\u00f6n, am Freitag etwas aufgeregt auf der B\u00fchne zu stehen und den Eltern, Lehrerinnen und Lehrern die Ergebnisse zu pr\u00e4sentieren.<\/p>\n\n\n\n<h2 class=\"wp-block-heading\" id=\"ablauf-einer-projektwoche\">Ablauf einer Projektwoche<\/h2>\n\n\n\n<p>Treffpunkt ist am Dienstag um ca. 9:45 Uhr am Juxi-Zelt; die Kinder und Jugendlichen sollten Sportkleidung sowie etwas zu trinken und essen mitbringen.<br>Dienstag, Mittwoch und Donnerstag findet das Training von 10 Uhr bis 12 Uhr statt.<br>Am Freitag findet ab 10 Uhr die \u201eGeneralprobe\u201c statt. Um 12 Uhr ist dann die Auff\u00fchrung (Dauer knapp eine Stunde). Es ist sehr sch\u00f6n, wenn ihr nicht nur Eltern und Freunde, sondern vielleicht auch eine andere Schulklasse einladet, unser Zelt fasst problemlos 100 Zuschauer*innen, und je mehr, desto besser die Stimmung!<\/p>\n\n\n\n<h2 class=\"wp-block-heading\" id=\"anmeldung-zu-projektwochen\">Anmeldung zu Projektwochen <\/h2>\n\n\n\n<p>Stichtag f\u00fcr die Anmeldung von Projektwochen im Schuljahr 2026\/2027 ist <strong>Mi., 6.5.2026, ab 10:00 Uhr (nicht fr\u00fcher!).<\/strong> Am Anmeldestichtag k\u00f6nnt ihr Projektwochen auf zwei Weisen anmelden: telefonisch &#8211; oder, indem ihr im B\u00fcro in der Barbarossastr. 65 vorbei kommt (ihr k\u00f6nnt nat\u00fcrlich auch eine Person aus der Elternschaft beauftragen). Die Anmeldung per Email ist NICHT m\u00f6glich. Au\u00dferdem k\u00f6nnt ihr pro Person nur eine Klasse anmelden! Haltet folgende Daten bereit: Name der Schule, Klasse, Anzahl Sch\u00fcler*innen, Wunschtermin, Kontaktdaten (Email\/Telefonnummer der Lehrerin\/des Lehrers).<\/p>\n\n\n\n<p>Dar\u00fcber hinaus haben wir mit einigen Schulen in Sch\u00f6neberg im Rahmen ihrer Ganztags-Betreuungsangebote langfristige Kooperationen aufgebaut; so zum Beispiel mit der Franziskusschule, der Werbellinsee-Grundschule, der Schule am Barbarossaplatz, der Sternberg-Grundschule und der Neumark-Grundschule.<\/p>\n","protected":false},"excerpt":{"rendered":"<p>Unser Hauptangebot f\u00fcr Schulen ist die Veranstaltung von Projektwochen f\u00fcr Schulklassen. F\u00fcr Schulklassen besteht die M\u00f6glichkeit, im Rahmen einer Projektwoche in den [&hellip;]<\/p>\n","protected":false},"author":9,"featured_media":0,"parent":0,"menu_order":0,"comment_status":"closed","ping_status":"closed","template":"page-templates\/page_fullwidth.php","meta":{"_uag_custom_page_level_css":"","footnotes":""},"class_list":["post-180","page","type-page","status-publish","hentry"],"uagb_featured_image_src":{"full":false,"thumbnail":false,"medium":false,"medium_large":false,"large":false,"1536x1536":false,"2048x2048":false,"sydney-large-thumb":false,"sydney-medium-thumb":false,"sydney-small-thumb":false,"sydney-service-thumb":false,"sydney-mas-thumb":false},"uagb_author_info":{"display_name":"arabella","author_link":"https:\/\/juxirkus.de\/juxirkus\/author\/arabella\/"},"uagb_comment_info":0,"uagb_excerpt":"Unser Hauptangebot f\u00fcr Schulen ist die Veranstaltung von Projektwochen f\u00fcr Schulklassen. F\u00fcr Schulklassen besteht die M\u00f6glichkeit, im Rahmen einer Projektwoche in den [&hellip;]","_links":{"self":[{"href":"https:\/\/juxirkus.de\/juxirkus\/wp-json\/wp\/v2\/pages\/180","targetHints":{"allow":["GET"]}}],"collection":[{"href":"https:\/\/juxirkus.de\/juxirkus\/wp-json\/wp\/v2\/pages"}],"about":[{"href":"https:\/\/juxirkus.de\/juxirkus\/wp-json\/wp\/v2\/types\/page"}],"author":[{"embeddable":true,"href":"https:\/\/juxirkus.de\/juxirkus\/wp-json\/wp\/v2\/users\/9"}],"replies":[{"embeddable":true,"href":"https:\/\/juxirkus.de\/juxirkus\/wp-json\/wp\/v2\/comments?post=180"}],"version-history":[{"count":32,"href":"https:\/\/juxirkus.de\/juxirkus\/wp-json\/wp\/v2\/pages\/180\/revisions"}],"predecessor-version":[{"id":5299,"href":"https:\/\/juxirkus.de\/juxirkus\/wp-json\/wp\/v2\/pages\/180\/revisions\/5299"}],"wp:attachment":[{"href":"https:\/\/juxirkus.de\/juxirkus\/wp-json\/wp\/v2\/media?parent=180"}],"curies":[{"name":"wp","href":"https:\/\/api.w.org\/{rel}","templated":true}]}}