{"id":200,"date":"2015-06-29T08:39:27","date_gmt":"2015-06-29T06:39:27","guid":{"rendered":"http:\/\/juxirkus.de\/juxirkus\/?page_id=200"},"modified":"2022-05-09T14:04:06","modified_gmt":"2022-05-09T12:04:06","slug":"praktikum","status":"publish","type":"page","link":"https:\/\/juxirkus.de\/juxirkus\/praktikum\/","title":{"rendered":"Hereinspaziert, hereinspaziert ihr Praktikanten und Praktikantinnen"},"content":{"rendered":"\n<div class=\"wp-block-columns is-layout-flex wp-container-core-columns-is-layout-28f84493 wp-block-columns-is-layout-flex\">\n<div class=\"wp-block-column is-layout-flow wp-block-column-is-layout-flow\">\n<p>Der Juxirkus-Sch\u00f6neberg war bei seiner Gr\u00fcndung 1988 der erste Kinder- und Jugendzirkus in Berlin und arbeitet seither erfolgreich mit Kinder zwischen 10 und 17 Jahren. Mit viel Jux und professionellem Charme k\u00f6nnen Kinder und Jugendliche Artistisches lernen und pr\u00e4sentieren. Das Motto war und ist: Offen f\u00fcr alle sein, die Interesse und Spa\u00df am Zirkus haben. Das schlie\u00dft nat\u00fcrlich auch euch zuk\u00fcnftige Praktikanten und Praktikantinnen mit ein.<\/p>\n\n\n\n<h3 class=\"wp-block-heading\" id=\"der-juxirkus-bietet-euch-die-moglichkeit-schulpraktika-und-anerkennungspraktika-fur-die-erzieherinnenausbildung-durchzufuhren\"><strong>Der Juxirkus bietet euch die M\u00f6glichkeit,&nbsp;verschiedene Praktika durchzuf\u00fchren<\/strong><\/h3>\n\n\n\n<p>Es gibt verschiedene Arten von Praktika. Oft kommen Sch\u00fclerpraktikant*innen und Erzieherpraktikant*innen zu uns. Aber auch andere Anerkennungspraktika oder zum Beispiel ein Auslandspraktikum sind m\u00f6glich. Wenn ihr Interesse an einem Praktikum bei uns habt, freuen wir uns auf eure Bewerbungen.<\/p>\n\n\n\n<p>Was solltet ihr mitbringen? Keine Angst! Ihr braucht nicht jonglierend auf dem Einrad vorzufahren, wenn ihr euch beim Juxirkus bewerbt. Es wird nicht erwartet, dass ihr Zirkustechniken beherrscht (wenn ihr etwas Zirkuserfahrung habt, ist das nat\u00fcrlich umso besser).<\/p>\n\n\n\n<h6 class=\"wp-block-heading\" id=\"allerdings-ist-das-folgende-wichtig\">Allerdings ist das Folgende wichtig:<\/h6>\n\n\n\n<p>Ihr solltet f\u00e4hig sein und&nbsp;<strong>Spa\u00df<\/strong>&nbsp;daran haben, im&nbsp;<strong>Team<\/strong>&nbsp;zu arbeiten, umgekehrt aber auch&nbsp;<strong>selbstst\u00e4ndig<\/strong>&nbsp;und <strong>engagiert<\/strong> arbeiten k\u00f6nnen. Des Weiteren solltet ihr mit dem Wechsel zwischen intensiveren Momenten, zum Beispiel kurz vor einer Auff\u00fchrung, aber auch mit Phasen des ruhigen Arbeitens, zum Beispiel zwischen zwei Programmen, zurechtkommen. Auch Arbeit am Wochenende oder abends kommt manchmal vor, ist aber immer mit jeder Menge Spa\u00df verbunden.<\/p>\n\n\n\n<h4 class=\"wp-block-heading\" id=\"was-sind-eure-aufgaben-als-praktikantinnen\">Was sind eure Aufgaben als Praktikant*innen?<\/h4>\n\n\n\n<p>Wenn ihr bei uns arbeitet, liegt der Schwerpunkt eurer Arbeit auf den <a href=\"https:\/\/juxirkus.de\/juxirkus\/angebote-fuer-schulen\/\"><strong>Projektwochen<\/strong><\/a>. Diese finden jede Woche von Dienstag bis Freitag vormittags statt. Bei einer Projektwoche kommt eine Schulklasse in den Zirkus, lernt verschiedene Zirkusdisziplinen kennen und erarbeitet eine Auff\u00fchrung, die Freitagvormittag pr\u00e4sentiert wird.<\/p>\n\n\n\n<p>Die Gruppen bestehen aus etwa 18 bis 25 Grundsch\u00fcler*innen, meistens aus der 4., 5. oder 6. Klasse und wechseln jede Woche. Wir arbeiten mit verschiedenen Schulformen, verschiedenen Altersstufen, Integrationsklassen usw. Das hei\u00dft, ihr lernt die Arbeit mit einem weiten Spektrum an Jugendlichen kennen. Am Anfang eures Praktikums lernt ihr das Betreuen der verschiedenen Zirkusangebote und erarbeitet euch selbst verschiedene Zirkustechniken. Ihr lernt den Umgang mit einer Gruppe, Hilfestellung und Pr\u00e4sentationsideen. Im Verlauf eures Praktikums geht ihr dann dazu \u00fcber, eigenst\u00e4ndig eine Gruppe anzuleiten.<\/p>\n\n\n\n<p>Die Gruppen bestehen aus etwa 18 bis 25 Grundsch\u00fcler*innen, meistens aus der 4., 5. oder 6. Klasse und wechseln jede Woche. Wir arbeiten mit verschiedenen Schulformen, verschiedenen Altersstufen, Integrationsklassen usw. Das hei\u00dft, ihr lernt die Arbeit mit einem weiten Spektrum an Jugendlichen kennen. Am Anfang eures Praktikums lernt ihr das Betreuen der verschiedenen Zirkusangebote und erarbeitet euch selbst verschiedene Zirkustechniken. Ihr lernt den Umgang mit einer Gruppe, Hilfestellung und Pr\u00e4sentationsideen. Im Verlauf eures Praktikums geht ihr dann dazu \u00fcber, eigenst\u00e4ndig eine Gruppe anzuleiten.<\/p>\n\n\n\n<p>Neben den Projektwochen seid ihr auch beim <a href=\"https:\/\/juxirkus.de\/juxirkus\/mini-und-midizirkus\/\"><strong>Minizirkus<\/strong> <\/a>und verschiedenen <strong>Schul-AGs<\/strong> dabei, wo j\u00fcngere Kinder ab 5 Jahren Zirkusluft schnuppern k\u00f6nnen.<\/p>\n<\/div>\n\n\n\n<div class=\"wp-block-column is-layout-flow wp-block-column-is-layout-flow\">\n<h4 class=\"wp-block-heading\" id=\"in-der-zirkusarbeit-fallen-aber-auch-noch-mehr-aufgaben-an\">In der Zirkusarbeit fallen aber auch noch mehr Aufgaben an<\/h4>\n\n\n\n<p>Hierzu geh\u00f6rt: sich <strong>B\u00fchnenbilder<\/strong> oder  <strong>Requisiten<\/strong> auszudenken, zu basteln (mit den Juxikids und den Trainer*innen zusammen) oder bei <strong>Auff\u00fchrungen<\/strong> und <strong>Au\u00dfenauftritten<\/strong> daf\u00fcr zu sorgen, dass die richtigen Ger\u00e4te, Requisiten und Kost\u00fcme vorhanden sind. Au\u00dferdem Dinge wie das Basteln von Abschiedsgeschenken und das Erlernen und Bedienen der\u00a0<strong>Licht- und Musiktechnik<\/strong>. W\u00e4hrend der gro\u00dfen Sommer- und Winterprogramme kommen dann noch Umbauarbeiten in den Pausen und das Arbeiten im <strong>Verkaufsstand<\/strong> hinzu.<\/p>\n\n\n\n<p>Der Juxirkus spielt regelm\u00e4\u00dfig auf Festen oder Veranstaltungen in Berlin oder im Umland. Diese sogenannten\u00a0<strong><a href=\"https:\/\/juxirkus.de\/juxirkus\/aussenauftritt\/\">Au\u00dfenauftritte<\/a>\u00a0<\/strong>m\u00fcssen organisiert und vorbereitet werden, und es ist eine tolle Erfahrung, die Jugendlichen dabei zu begleiten und zu betreuen. Die Auftritte f\u00fchren uns auch immer wieder an besondere und spannende Orte.<\/p>\n\n\n\n<h4 class=\"wp-block-heading\" id=\"weitere-mogliche-aufgabenbereiche-sind\">Weitere m\u00f6gliche Aufgabenbereiche sind:<\/h4>\n\n\n\n<p><strong>\u00d6ffentlichkeitsarbeit<\/strong>, hierzu geh\u00f6rt das Entwerfen und Verteilen von Flyern genauso wie die Aktualisierung des Schaukastens am Zelt. Hierf\u00fcr werden regelm\u00e4\u00dfig Fotos, Filme und Texte ben\u00f6tigt, die nat\u00fcrlich erst einmal zusammengestellt und bearbeitet werden m\u00fcssen. Das Auswerten von Statistiken und Frageb\u00f6gen bzw. das Annehmen von Telefonanrufen. Des Weiteren werden mit dem Team im B\u00fcro\u00a0<strong><a href=\"https:\/\/juxirkus.de\/juxirkus\/aussenauftritt\/\">Au\u00dfenauftritte<\/a>,\u00a0<a href=\"https:\/\/juxirkus.de\/juxirkus\/geburtstags-animation\/\">Geburtstags-Animationen<\/a>, <\/strong>Reisen, Feste und vieles mehr geplant und organisiert.<\/p>\n\n\n\n<p>Wie ihr seht, sind die T\u00e4tigkeiten im Juxirkus vielf\u00e4ltig und es ist f\u00fcr jede und jeden etwas dabei. In der Anfangsphase eures Praktikums versuchen wir, gemeinsam mit euch einen Aufgabenbereich zu finden, der euren Interessen entspricht bzw. f\u00fcr den wir euer Interesse wecken konnten. Bringt euch ein, \u00e4u\u00dfert eure W\u00fcnsche und Interessen, dann ist euch jede Menge Spa\u00df an der Arbeit garantiert. Wenn ihr Freude an kreativer, abwechslungsreicher Arbeit in einem buntgemischten Team an einem ungew\u00f6hnlichen Ort habt, dann ist der Juxirkus das Richtige f\u00fcr euch. Bei uns k\u00f6nnt ihr sowohl Zirkusluft schnuppern als auch wertvolle Praxiserfahrungen f\u00fcr eure p\u00e4dagogische Ausbildung gewinnen.<\/p>\n\n\n\n<p>Ihr k\u00f6nnt euch im Juxi-B\u00fcro bewerben. Das Kontaktformular findet ihr auf der Seite&nbsp;<a href=\"https:\/\/juxirkus.de\/juxirkus\/kontakt\/\">Kontakt<br><\/a>Wir freuen uns auf eure Bewerbungen!<\/p>\n\n\n\n<p><em>Catalina Molina Ribas und Charlotte Maurer, Praktikantinnen in 2021\/2022<\/em><\/p>\n<\/div>\n<\/div>\n\n\n\n<p><\/p>\n","protected":false},"excerpt":{"rendered":"<p>Der Juxirkus-Sch\u00f6neberg war bei seiner Gr\u00fcndung 1988 der erste Kinder- und Jugendzirkus in Berlin und arbeitet seither erfolgreich mit Kinder zwischen 10 [&hellip;]<\/p>\n","protected":false},"author":9,"featured_media":0,"parent":0,"menu_order":0,"comment_status":"closed","ping_status":"closed","template":"page-templates\/page_fullwidth.php","meta":{"_uag_custom_page_level_css":"","footnotes":""},"class_list":["post-200","page","type-page","status-publish","hentry"],"uagb_featured_image_src":{"full":false,"thumbnail":false,"medium":false,"medium_large":false,"large":false,"1536x1536":false,"2048x2048":false,"sydney-large-thumb":false,"sydney-medium-thumb":false,"sydney-small-thumb":false,"sydney-service-thumb":false,"sydney-mas-thumb":false},"uagb_author_info":{"display_name":"arabella","author_link":"https:\/\/juxirkus.de\/juxirkus\/author\/arabella\/"},"uagb_comment_info":0,"uagb_excerpt":"Der Juxirkus-Sch\u00f6neberg war bei seiner Gr\u00fcndung 1988 der erste Kinder- und Jugendzirkus in Berlin und arbeitet seither erfolgreich mit Kinder zwischen 10 [&hellip;]","_links":{"self":[{"href":"https:\/\/juxirkus.de\/juxirkus\/wp-json\/wp\/v2\/pages\/200","targetHints":{"allow":["GET"]}}],"collection":[{"href":"https:\/\/juxirkus.de\/juxirkus\/wp-json\/wp\/v2\/pages"}],"about":[{"href":"https:\/\/juxirkus.de\/juxirkus\/wp-json\/wp\/v2\/types\/page"}],"author":[{"embeddable":true,"href":"https:\/\/juxirkus.de\/juxirkus\/wp-json\/wp\/v2\/users\/9"}],"replies":[{"embeddable":true,"href":"https:\/\/juxirkus.de\/juxirkus\/wp-json\/wp\/v2\/comments?post=200"}],"version-history":[{"count":16,"href":"https:\/\/juxirkus.de\/juxirkus\/wp-json\/wp\/v2\/pages\/200\/revisions"}],"predecessor-version":[{"id":4670,"href":"https:\/\/juxirkus.de\/juxirkus\/wp-json\/wp\/v2\/pages\/200\/revisions\/4670"}],"wp:attachment":[{"href":"https:\/\/juxirkus.de\/juxirkus\/wp-json\/wp\/v2\/media?parent=200"}],"curies":[{"name":"wp","href":"https:\/\/api.w.org\/{rel}","templated":true}]}}