{"id":211,"date":"2015-06-29T08:45:08","date_gmt":"2015-06-29T06:45:08","guid":{"rendered":"http:\/\/juxirkus.de\/juxirkus\/?page_id=211"},"modified":"2022-02-05T18:50:10","modified_gmt":"2022-02-05T17:50:10","slug":"aussenauftritt","status":"publish","type":"page","link":"https:\/\/juxirkus.de\/juxirkus\/aussenauftritt\/","title":{"rendered":"Au\u00dfenauftritte &#8211; Der Juxirkus kann auch bei Ihnen auftreten"},"content":{"rendered":"\n<div class=\"wp-block-image wp-image-2825 size-medium\"><figure class=\"alignleft\"><img loading=\"lazy\" decoding=\"async\" width=\"400\" height=\"304\" src=\"https:\/\/juxirkus.de\/juxirkus\/wp-content\/uploads\/2018\/06\/aussenauftritt_orangerie-400x304.jpg\" alt=\"Au\u00dfenauftritt in der Orangerie am Schloss Charlottenburg\" class=\"wp-image-2825\" srcset=\"https:\/\/juxirkus.de\/juxirkus\/wp-content\/uploads\/2018\/06\/aussenauftritt_orangerie.jpg 400w, https:\/\/juxirkus.de\/juxirkus\/wp-content\/uploads\/2018\/06\/aussenauftritt_orangerie-230x175.jpg 230w, https:\/\/juxirkus.de\/juxirkus\/wp-content\/uploads\/2018\/06\/aussenauftritt_orangerie-350x266.jpg 350w\" sizes=\"auto, (max-width: 400px) 100vw, 400px\" \/><figcaption>Au\u00dfenauftritt in der Orangerie am Schloss Charlottenburg<\/figcaption><\/figure><\/div>\n\n\n\n<p>Auch wenn es &#8222;nur&#8220; Kinder und Jugendliche sind, unser Programm rei\u00dft die Leute immer mit und sorgt f\u00fcr Begeisterung. Also auch auf Ihrem Fest?<\/p>\n\n\n\n<p>Wir stellen Ihnen ein buntes, <strong>individuell zugeschnittenes Programm<\/strong> zusammen. Von zehn Minuten bis zu einer Stunde, auf der Stra\u00dfe oder auf einer B\u00fchne, gr\u00f6\u00dfer, kleiner, ganz wie Sie w\u00fcnschen. Melden Sie sich rechtzeitig, da unsere Termine oft auf lange Zeit im Voraus ausgebucht sind. Die Konditionen f\u00fcr Au\u00dfenauftritte werden von uns flexibel gehandhabt, wir machen sie vom Veranstalter und Anlass abh\u00e4ngig. Es ist uns wichtig, auch bei sozialen und karitativen Einrichtungen aufzutreten, diese Auftritte werden dann durch Auftritte im &#8222;kommerziellen&#8220; Rahmen querfinanziert.<br><a href=\"https:\/\/juxirkus.de\/juxirkus\/kontakt\/\">Fragen Sie uns einfach<\/a>.<\/p>\n","protected":false},"excerpt":{"rendered":"<p>Auch wenn es &#8222;nur&#8220; Kinder und Jugendliche sind, unser Programm rei\u00dft die Leute immer mit und sorgt f\u00fcr Begeisterung. Also auch auf [&hellip;]<\/p>\n","protected":false},"author":9,"featured_media":0,"parent":0,"menu_order":0,"comment_status":"closed","ping_status":"closed","template":"page-templates\/page_fullwidth.php","meta":{"_uag_custom_page_level_css":"","footnotes":""},"class_list":["post-211","page","type-page","status-publish","hentry"],"uagb_featured_image_src":{"full":false,"thumbnail":false,"medium":false,"medium_large":false,"large":false,"1536x1536":false,"2048x2048":false,"sydney-large-thumb":false,"sydney-medium-thumb":false,"sydney-small-thumb":false,"sydney-service-thumb":false,"sydney-mas-thumb":false},"uagb_author_info":{"display_name":"arabella","author_link":"https:\/\/juxirkus.de\/juxirkus\/author\/arabella\/"},"uagb_comment_info":0,"uagb_excerpt":"Auch wenn es &#8222;nur&#8220; Kinder und Jugendliche sind, unser Programm rei\u00dft die Leute immer mit und sorgt f\u00fcr Begeisterung. Also auch auf [&hellip;]","_links":{"self":[{"href":"https:\/\/juxirkus.de\/juxirkus\/wp-json\/wp\/v2\/pages\/211","targetHints":{"allow":["GET"]}}],"collection":[{"href":"https:\/\/juxirkus.de\/juxirkus\/wp-json\/wp\/v2\/pages"}],"about":[{"href":"https:\/\/juxirkus.de\/juxirkus\/wp-json\/wp\/v2\/types\/page"}],"author":[{"embeddable":true,"href":"https:\/\/juxirkus.de\/juxirkus\/wp-json\/wp\/v2\/users\/9"}],"replies":[{"embeddable":true,"href":"https:\/\/juxirkus.de\/juxirkus\/wp-json\/wp\/v2\/comments?post=211"}],"version-history":[{"count":3,"href":"https:\/\/juxirkus.de\/juxirkus\/wp-json\/wp\/v2\/pages\/211\/revisions"}],"predecessor-version":[{"id":3773,"href":"https:\/\/juxirkus.de\/juxirkus\/wp-json\/wp\/v2\/pages\/211\/revisions\/3773"}],"wp:attachment":[{"href":"https:\/\/juxirkus.de\/juxirkus\/wp-json\/wp\/v2\/media?parent=211"}],"curies":[{"name":"wp","href":"https:\/\/api.w.org\/{rel}","templated":true}]}}