{"id":2127,"date":"2017-09-17T11:38:35","date_gmt":"2017-09-17T09:38:35","guid":{"rendered":"http:\/\/juxirkus.de\/juxirkus\/?page_id=2127"},"modified":"2025-01-06T11:32:43","modified_gmt":"2025-01-06T10:32:43","slug":"juxirkus","status":"publish","type":"page","link":"https:\/\/juxirkus.de\/juxirkus\/","title":{"rendered":"Juxirkus"},"content":{"rendered":"\n<h2 class=\"wp-block-heading\" id=\"zirkus-machen-und-zirkusluft-schnuppern\">Zirkus machen \u2026 und Zirkusluft schnuppern<\/h2>\n\n\n\n<div class=\"wp-block-columns is-layout-flex wp-container-core-columns-is-layout-28f84493 wp-block-columns-is-layout-flex\">\n<div class=\"wp-block-column is-layout-flow wp-block-column-is-layout-flow\">\n<p>Der Juxirkus bietet kleinen und gro\u00dfen Menschen Professionelles aus der Welt des Zirkus. Zirkus selber machen oder einfach nur zuschauen. Im Juxirkus ist alles m\u00f6glich. Seit \u00fcber 30 Jahren k\u00f6nnen interessierte Kinder und Jugendliche im \u00e4ltesten Kinder- und Jugendzirkus Berlins ihre eigene Zirkusshow produzieren und einem begeisterten Publikum pr\u00e4sentieren.<\/p>\n\n\n\n<h3 class=\"wp-block-heading\" id=\"das-juxirkus-zelt-steht-in-berlin-schoneberg\">Das Juxirkus-Zelt steht in Berlin-Sch\u00f6neberg<\/h3>\n\n\n\n<p>Der Juxirkus wurde 1988 von dem Nachbarschafts- und Familienzentrum Kiezoase e.V. gegr\u00fcndet. In den ersten Jahren zog das rot-gr\u00fcne Zelt h\u00e4ufig innerhalb Sch\u00f6nebergs um. Seit 1990 steht es an seinem jetzigen Ort, an der Hohenstaufenstra\u00dfe in Berlin-Sch\u00f6neberg und hat sich an dieser Stelle zu einem festen Bestandteil des umgebenden Kiezes entwickelt \u2013 sowohl als Anlaufstelle f\u00fcr interessierte Kinder und Jugendliche als auch als Teil der alternativen Kulturszene.<\/p>\n<\/div>\n\n\n\n<div class=\"wp-block-column is-layout-flow wp-block-column-is-layout-flow\">\n<h3 class=\"wp-block-heading\" id=\"offene-trainings-am-nachmittag\">Offene Trainings am Nachmittag<\/h3>\n\n\n\n<p>Zu unserem offenen Training am Nachmittag kommen regelm\u00e4\u00dfig etwa 120 Kinder und Jugendliche. Einige wollen nur einmal f\u00fcr ein paar Wochen hereinschauen, andere bleiben l\u00e4nger und machen bei den Auff\u00fchrungen mit und wieder andere machen den Juxirkus f\u00fcr einige Jahre zu ihrem zweiten Zuhause.<\/p>\n\n\n\n<p>Trainiert wird am Nachmittag in verschiedenen Trainingsgruppen, von verschiedenen Akrobatikdisziplinen \u00fcber Einrad, Jonglage, Trapez, Hochseil bis zu Kugellauf. Die Ergebnisse dieser Trainingsgruppen werden jedes Jahr in einem Sommer- und ein Winterprogramm pr\u00e4sentiert.<\/p>\n\n\n\n<h3 class=\"wp-block-heading\" id=\"arbeit-mit-schulklassen-vormittags\">Arbeit mit Schulklassen vormittags<\/h3>\n\n\n\n<p>Dar\u00fcber hinaus arbeitet der Juxirkus am Vormittag mit Schulklassen, die zu Projektwochen kommen, in der Mittagszeit mit verschiedenen Zirkus-AGs f\u00fcr Schulen aus dem Kiez und zweimal die Woche mit j\u00fcngeren Kindern zwischen vier und sechs bzw. zwischen sieben und neun Jahren im Mini- und Midizirkus.<\/p>\n<\/div>\n\n\n\n<div class=\"wp-block-column is-layout-flow wp-block-column-is-layout-flow\">\n<h3 class=\"wp-block-heading\" id=\"wollt-ihr-mitmachen\">Wollt ihr Mitmachen?<\/h3>\n\n\n\n<p>Bei uns gibt es keine Aufnahmepr\u00fcfungen oder so! Aber eine Voraussetzung m\u00fcsst ihr mitbringen: Ihr m\u00fcsst mindestens 10 Jahre alt sein. Drunter geht\u2019s nicht.<\/p>\n\n\n\n<p>Wenn ihr alt genug seid, dann schaut euch hier auf der Homepage mal den&nbsp;<a href=\"https:\/\/juxirkus.de\/juxirkus\/trainingsplan\/\">Trainingsplan<\/a>&nbsp;an. Schaut, welche Gruppe euch interessieren k\u00f6nnt, und geht dann am Besten am Ende des Trainings direkt ans Zelt. Sprecht den Trainer\/die Trainerin an, sie wissen am Besten, ob zur Zeit in ihrer Gruppe Platz ist, ob ihr gleich mitmachen k\u00f6nnt oder noch ein bisschen warten m\u00fcsst.<\/p>\n\n\n\n<p>Ausnahme:&nbsp;Trapez \u2013&nbsp;die Trapezgruppe hat eine Warteliste, bei Interesse erkundigt euch im B\u00fcro.<\/p>\n\n\n\n<p>Gut f\u00fcr Anf\u00e4ngerInnen geeignet sind die&nbsp;Einrad\u2013 und die&nbsp;Trampolingruppe&nbsp;am Montag oder die&nbsp;Kugelgruppe&nbsp;am Donnerstag.<\/p>\n\n\n\n<p><a href=\"http:\/\/www.pfh-berlin.de\" target=\"_blank\" rel=\"noreferrer noopener\">Hier &gt;&gt;&gt;<\/a> geht es zur Homepage unseres Tr\u00e4gers<\/p>\n\n\n\n<figure class=\"wp-block-image size-large\"><img loading=\"lazy\" decoding=\"async\" width=\"1024\" height=\"477\" src=\"https:\/\/juxirkus.de\/juxirkus\/wp-content\/uploads\/2022\/12\/STANDARD_PFH_Logo_RGB-fuer-www-und-word-1024x477.jpg\" alt=\"\" class=\"wp-image-4733\" srcset=\"https:\/\/juxirkus.de\/juxirkus\/wp-content\/uploads\/2022\/12\/STANDARD_PFH_Logo_RGB-fuer-www-und-word-1024x477.jpg 1024w, https:\/\/juxirkus.de\/juxirkus\/wp-content\/uploads\/2022\/12\/STANDARD_PFH_Logo_RGB-fuer-www-und-word-400x186.jpg 400w, https:\/\/juxirkus.de\/juxirkus\/wp-content\/uploads\/2022\/12\/STANDARD_PFH_Logo_RGB-fuer-www-und-word-768x357.jpg 768w, https:\/\/juxirkus.de\/juxirkus\/wp-content\/uploads\/2022\/12\/STANDARD_PFH_Logo_RGB-fuer-www-und-word-1536x715.jpg 1536w, https:\/\/juxirkus.de\/juxirkus\/wp-content\/uploads\/2022\/12\/STANDARD_PFH_Logo_RGB-fuer-www-und-word-2048x953.jpg 2048w, https:\/\/juxirkus.de\/juxirkus\/wp-content\/uploads\/2022\/12\/STANDARD_PFH_Logo_RGB-fuer-www-und-word-1000x465.jpg 1000w, https:\/\/juxirkus.de\/juxirkus\/wp-content\/uploads\/2022\/12\/STANDARD_PFH_Logo_RGB-fuer-www-und-word-230x107.jpg 230w, https:\/\/juxirkus.de\/juxirkus\/wp-content\/uploads\/2022\/12\/STANDARD_PFH_Logo_RGB-fuer-www-und-word-350x163.jpg 350w, https:\/\/juxirkus.de\/juxirkus\/wp-content\/uploads\/2022\/12\/STANDARD_PFH_Logo_RGB-fuer-www-und-word-480x223.jpg 480w\" sizes=\"auto, (max-width: 1024px) 100vw, 1024px\" \/><\/figure>\n<\/div>\n<\/div>\n\n\n\n<div style=\"height:20px\" aria-hidden=\"true\" class=\"wp-block-spacer\"><\/div>\n\n\n\n<div class=\"wp-block-buttons is-horizontal is-content-justification-center is-layout-flex wp-container-core-buttons-is-layout-03627597 wp-block-buttons-is-layout-flex\">\n<div class=\"wp-block-button\"><a class=\"wp-block-button__link has-background wp-element-button\" href=\"https:\/\/juxirkus.de\/juxirkus\/termine\/\" style=\"background-color:#b22b3c\">hereinspaziert<\/a><\/div>\n<\/div>\n\n\n\n<div style=\"height:20px\" aria-hidden=\"true\" class=\"wp-block-spacer\"><\/div>\n","protected":false},"excerpt":{"rendered":"<p>Zirkus machen \u2026 und Zirkusluft schnuppern Der Juxirkus bietet kleinen und gro\u00dfen Menschen Professionelles aus der Welt des Zirkus. Zirkus selber machen [&hellip;]<\/p>\n","protected":false},"author":9,"featured_media":0,"parent":0,"menu_order":0,"comment_status":"closed","ping_status":"closed","template":"page-templates\/page_front-page.php","meta":{"_uag_custom_page_level_css":"","footnotes":""},"class_list":["post-2127","page","type-page","status-publish","hentry"],"uagb_featured_image_src":{"full":false,"thumbnail":false,"medium":false,"medium_large":false,"large":false,"1536x1536":false,"2048x2048":false,"sydney-large-thumb":false,"sydney-medium-thumb":false,"sydney-small-thumb":false,"sydney-service-thumb":false,"sydney-mas-thumb":false},"uagb_author_info":{"display_name":"arabella","author_link":"https:\/\/juxirkus.de\/juxirkus\/author\/arabella\/"},"uagb_comment_info":0,"uagb_excerpt":"Zirkus machen \u2026 und Zirkusluft schnuppern Der Juxirkus bietet kleinen und gro\u00dfen Menschen Professionelles aus der Welt des Zirkus. Zirkus selber machen [&hellip;]","_links":{"self":[{"href":"https:\/\/juxirkus.de\/juxirkus\/wp-json\/wp\/v2\/pages\/2127","targetHints":{"allow":["GET"]}}],"collection":[{"href":"https:\/\/juxirkus.de\/juxirkus\/wp-json\/wp\/v2\/pages"}],"about":[{"href":"https:\/\/juxirkus.de\/juxirkus\/wp-json\/wp\/v2\/types\/page"}],"author":[{"embeddable":true,"href":"https:\/\/juxirkus.de\/juxirkus\/wp-json\/wp\/v2\/users\/9"}],"replies":[{"embeddable":true,"href":"https:\/\/juxirkus.de\/juxirkus\/wp-json\/wp\/v2\/comments?post=2127"}],"version-history":[{"count":29,"href":"https:\/\/juxirkus.de\/juxirkus\/wp-json\/wp\/v2\/pages\/2127\/revisions"}],"predecessor-version":[{"id":5040,"href":"https:\/\/juxirkus.de\/juxirkus\/wp-json\/wp\/v2\/pages\/2127\/revisions\/5040"}],"wp:attachment":[{"href":"https:\/\/juxirkus.de\/juxirkus\/wp-json\/wp\/v2\/media?parent=2127"}],"curies":[{"name":"wp","href":"https:\/\/api.w.org\/{rel}","templated":true}]}}