{"id":22,"date":"2015-06-26T12:10:58","date_gmt":"2015-06-26T10:10:58","guid":{"rendered":"http:\/\/juxirkus.de\/juxirkus\/?page_id=22"},"modified":"2022-02-05T18:54:49","modified_gmt":"2022-02-05T17:54:49","slug":"hochseil","status":"publish","type":"page","link":"https:\/\/juxirkus.de\/juxirkus\/hochseil\/","title":{"rendered":"Hochseil oder Seillaufen"},"content":{"rendered":"\n<div class=\"wp-block-columns is-layout-flex wp-container-core-columns-is-layout-28f84493 wp-block-columns-is-layout-flex\">\n<div class=\"wp-block-column is-layout-flow wp-block-column-is-layout-flow\">\n<figure class=\"wp-block-image size-full is-style-default\"><img loading=\"lazy\" decoding=\"async\" width=\"900\" height=\"600\" src=\"https:\/\/juxirkus.de\/juxirkus\/wp-content\/uploads\/2019\/12\/juxi_menschenskinder_Hochseil_1.jpg\" alt=\"\" class=\"wp-image-3243\" srcset=\"https:\/\/juxirkus.de\/juxirkus\/wp-content\/uploads\/2019\/12\/juxi_menschenskinder_Hochseil_1.jpg 900w, https:\/\/juxirkus.de\/juxirkus\/wp-content\/uploads\/2019\/12\/juxi_menschenskinder_Hochseil_1-400x267.jpg 400w, https:\/\/juxirkus.de\/juxirkus\/wp-content\/uploads\/2019\/12\/juxi_menschenskinder_Hochseil_1-768x512.jpg 768w, https:\/\/juxirkus.de\/juxirkus\/wp-content\/uploads\/2019\/12\/juxi_menschenskinder_Hochseil_1-830x553.jpg 830w, https:\/\/juxirkus.de\/juxirkus\/wp-content\/uploads\/2019\/12\/juxi_menschenskinder_Hochseil_1-230x153.jpg 230w, https:\/\/juxirkus.de\/juxirkus\/wp-content\/uploads\/2019\/12\/juxi_menschenskinder_Hochseil_1-350x233.jpg 350w, https:\/\/juxirkus.de\/juxirkus\/wp-content\/uploads\/2019\/12\/juxi_menschenskinder_Hochseil_1-480x320.jpg 480w\" sizes=\"auto, (max-width: 900px) 100vw, 900px\" \/><\/figure>\n<\/div>\n\n\n\n<div class=\"wp-block-column is-layout-flow wp-block-column-is-layout-flow\">\n<p>Dahinter verbergen sich im Zirkus eigentlich drei ganz unterschiedliche Disziplinen. Zum einen gibt es die Artisten, die auf sehr hoch gespannten Seilen mit einer Stange in der Hand, die ihren Schwerpunkt niedriger legt und die Balance erleichtert, H\u00e4userschluchten oder wer wei\u00df was \u00fcberqueren. Dann die &#8222;Schlappseill\u00e4ufer&#8220;, die auf einem locker h\u00e4ngenden Seil balancieren. Und schlie\u00dflich die, die auf einem straff gespannten Seil laufen und darauf Tricks machen. Im Englischen kommt das besser raus, da hei\u00dft die Sache &#8222;Tightrope&#8220;.<\/p>\n\n\n\n<h4 class=\"wp-block-heading\" id=\"hochseil-das-hat-naturlich-vor-allem-sehr-viel-mit-balance-zu-tun\">Hochseil \u2013 das hat nat\u00fcrlich vor allem sehr viel mit Balance zu tun.<\/h4>\n\n\n\n<p>Mit \u00e4u\u00dferer Balance \u2013 aber auch mit innerer. Es kann passieren, dass ihr schon ziemlich sicher laufen k\u00f6nnt \u2013 und dann habt ihr einen Tag richtig schlechte Laune, und pl\u00f6tzlich kommt ihr keine drei Schritte weit. Keine Panik \u2013 am n\u00e4chsten Tag geht&#8217;s dann meistens wieder wunderbar. Solche R\u00fcckschl\u00e4ge gibt es \u00fcbrigens in allen Zirkusdisziplinen; sie geh\u00f6ren zum Lernen einfach dazu.<\/p>\n\n\n\n<p>Hochseil wird bei uns im Juxi am <a href=\"http:\/\/juxirkus.de\/juxirkus\/trainingsplan\/\">Donnerstag<\/a> von <a href=\"https:\/\/juxirkus.de\/juxirkus\/team\/\">Apo<\/a> unterrichtet. Wenn ihr Spa\u00df am Balancieren habt \u2013 dann versucht es doch einmal zur Abwechslung auf einem Seil.<\/p>\n<\/div>\n<\/div>\n\n\n\n<p><\/p>\n","protected":false},"excerpt":{"rendered":"<p>Dahinter verbergen sich im Zirkus eigentlich drei ganz unterschiedliche Disziplinen. Zum einen gibt es die Artisten, die auf sehr hoch gespannten Seilen [&hellip;]<\/p>\n","protected":false},"author":9,"featured_media":0,"parent":0,"menu_order":0,"comment_status":"closed","ping_status":"closed","template":"page-templates\/page_fullwidth.php","meta":{"_uag_custom_page_level_css":"","footnotes":""},"class_list":["post-22","page","type-page","status-publish","hentry"],"uagb_featured_image_src":{"full":false,"thumbnail":false,"medium":false,"medium_large":false,"large":false,"1536x1536":false,"2048x2048":false,"sydney-large-thumb":false,"sydney-medium-thumb":false,"sydney-small-thumb":false,"sydney-service-thumb":false,"sydney-mas-thumb":false},"uagb_author_info":{"display_name":"arabella","author_link":"https:\/\/juxirkus.de\/juxirkus\/author\/arabella\/"},"uagb_comment_info":0,"uagb_excerpt":"Dahinter verbergen sich im Zirkus eigentlich drei ganz unterschiedliche Disziplinen. Zum einen gibt es die Artisten, die auf sehr hoch gespannten Seilen [&hellip;]","_links":{"self":[{"href":"https:\/\/juxirkus.de\/juxirkus\/wp-json\/wp\/v2\/pages\/22","targetHints":{"allow":["GET"]}}],"collection":[{"href":"https:\/\/juxirkus.de\/juxirkus\/wp-json\/wp\/v2\/pages"}],"about":[{"href":"https:\/\/juxirkus.de\/juxirkus\/wp-json\/wp\/v2\/types\/page"}],"author":[{"embeddable":true,"href":"https:\/\/juxirkus.de\/juxirkus\/wp-json\/wp\/v2\/users\/9"}],"replies":[{"embeddable":true,"href":"https:\/\/juxirkus.de\/juxirkus\/wp-json\/wp\/v2\/comments?post=22"}],"version-history":[{"count":7,"href":"https:\/\/juxirkus.de\/juxirkus\/wp-json\/wp\/v2\/pages\/22\/revisions"}],"predecessor-version":[{"id":4460,"href":"https:\/\/juxirkus.de\/juxirkus\/wp-json\/wp\/v2\/pages\/22\/revisions\/4460"}],"wp:attachment":[{"href":"https:\/\/juxirkus.de\/juxirkus\/wp-json\/wp\/v2\/media?parent=22"}],"curies":[{"name":"wp","href":"https:\/\/api.w.org\/{rel}","templated":true}]}}