{"id":224,"date":"2015-06-29T09:15:00","date_gmt":"2015-06-29T07:15:00","guid":{"rendered":"http:\/\/juxirkus.de\/juxirkus\/?page_id=224"},"modified":"2026-03-30T10:32:51","modified_gmt":"2026-03-30T08:32:51","slug":"foerdern-spenden","status":"publish","type":"page","link":"https:\/\/juxirkus.de\/juxirkus\/foerdern-spenden\/","title":{"rendered":"F\u00f6rdern &#038; Spenden"},"content":{"rendered":"\n<h4 class=\"wp-block-heading\" id=\"vielen-dank-an-folgende-personen-und-firmen-fur-die-grosszugige-unterstutzung-unserer-arbeit\">Vielen Dank f\u00fcr die gro\u00dfz\u00fcgige Unterst\u00fctzung unserer Arbeit:<\/h4>\n\n\n\n<ul class=\"wp-block-list\">\n<li>Pestalozzi-Fr\u00f6bel-Haus <a href=\"http:\/\/www.pfh-berlin.de\">www.pfh-berlin.de <\/a><\/li>\n\n\n\n<li>Jugendamt Tempelhof-Sch\u00f6neberg<\/li>\n\n\n\n<li>Kiezoase Sch\u00f6neberg e.V. <a href=\"http:\/\/www.kiezoase.de\">http:\/\/www.kiezoase.de<\/a><\/li>\n\n\n\n<li>F\u00f6rderverein <a href=\"https:\/\/juxirkus.de\/juxirkus\/foerderverein\/\">Verein zur F\u00f6rderung des Juxirkus e.V.<\/a> <\/li>\n\n\n\n<li>EDEKA Focke<\/li>\n\n\n\n<li>alexander strauch druckstore <a href=\"http:\/\/www.strauch-druckstore.de\/\" target=\"_blank\" rel=\"noopener noreferrer\">www.strauch-druckstore.de<\/a><\/li>\n\n\n\n<li>BerliSoft IT Consult GmbH<\/li>\n\n\n\n<li>Schr\u00f6der Reisen Comedy Bus <a href=\"http:\/\/www.comedy-im-bus.de\">www.comedy-im-bus.de<\/a> <\/li>\n\n\n\n<li>Der kleine Zirkusladen,&nbsp;Peter Schlauch <a href=\"http:\/\/www.zirkusladen.de\/\" target=\"_blank\" rel=\"noopener noreferrer\">www.zirkusladen.de<\/a><\/li>\n\n\n\n<li>Digital-Druck-Zentrum GmbH <a href=\"http:\/\/www.ddz-berlin.de\/\" target=\"_blank\" rel=\"noopener noreferrer\">www.ddz-berlin.de<\/a><\/li>\n\n\n\n<li>dinazwei Grafikwerkstatt <span style=\"color: #52a75d;\"><a href=\"http:\/\/www.dinazwei.de\/\" target=\"_blank\" rel=\"noopener noreferrer\"><span style=\"color: #52a75d;\">www.dinazwei.de<\/span><\/a><\/span><\/li>\n\n\n\n<li>Heinz und Heide D\u00fcrr Stiftung <a href=\"http:\/\/www.heinzundheideduerrstiftung.de\" target=\"_blank\" rel=\"noopener noreferrer\">www.heinzundheideduerrstiftung.de<\/a><\/li>\n\n\n\n<li>Niemand Optik, Thomas Rudolph <a href=\"http:\/\/www.niemand-optik.de\/\" target=\"_blank\" rel=\"noopener noreferrer\">www.niemand-optik.de<\/a><\/li>\n\n\n\n<li>Zahn\u00e4rztliche Gemeinschaftspraxis in Kreuzberg Peter Scharf und Partner <a href=\"http:\/\/www.zahnaerzte-gb82a.de\/\" target=\"_blank\" rel=\"noopener noreferrer\">Zahn\u00e4rztliche Gemeinschaftspraxis in Kreuzberg<\/a><\/li>\n<\/ul>\n","protected":false},"excerpt":{"rendered":"<p>Vielen Dank f\u00fcr die gro\u00dfz\u00fcgige Unterst\u00fctzung unserer Arbeit:<\/p>\n","protected":false},"author":9,"featured_media":0,"parent":0,"menu_order":0,"comment_status":"closed","ping_status":"closed","template":"page-templates\/page_fullwidth.php","meta":{"_uag_custom_page_level_css":"","footnotes":""},"class_list":["post-224","page","type-page","status-publish","hentry"],"uagb_featured_image_src":{"full":false,"thumbnail":false,"medium":false,"medium_large":false,"large":false,"1536x1536":false,"2048x2048":false,"sydney-large-thumb":false,"sydney-medium-thumb":false,"sydney-small-thumb":false,"sydney-service-thumb":false,"sydney-mas-thumb":false},"uagb_author_info":{"display_name":"arabella","author_link":"https:\/\/juxirkus.de\/juxirkus\/author\/arabella\/"},"uagb_comment_info":0,"uagb_excerpt":"Vielen Dank f\u00fcr die gro\u00dfz\u00fcgige Unterst\u00fctzung unserer Arbeit:","_links":{"self":[{"href":"https:\/\/juxirkus.de\/juxirkus\/wp-json\/wp\/v2\/pages\/224","targetHints":{"allow":["GET"]}}],"collection":[{"href":"https:\/\/juxirkus.de\/juxirkus\/wp-json\/wp\/v2\/pages"}],"about":[{"href":"https:\/\/juxirkus.de\/juxirkus\/wp-json\/wp\/v2\/types\/page"}],"author":[{"embeddable":true,"href":"https:\/\/juxirkus.de\/juxirkus\/wp-json\/wp\/v2\/users\/9"}],"replies":[{"embeddable":true,"href":"https:\/\/juxirkus.de\/juxirkus\/wp-json\/wp\/v2\/comments?post=224"}],"version-history":[{"count":8,"href":"https:\/\/juxirkus.de\/juxirkus\/wp-json\/wp\/v2\/pages\/224\/revisions"}],"predecessor-version":[{"id":5308,"href":"https:\/\/juxirkus.de\/juxirkus\/wp-json\/wp\/v2\/pages\/224\/revisions\/5308"}],"wp:attachment":[{"href":"https:\/\/juxirkus.de\/juxirkus\/wp-json\/wp\/v2\/media?parent=224"}],"curies":[{"name":"wp","href":"https:\/\/api.w.org\/{rel}","templated":true}]}}