{"id":24,"date":"2015-06-26T12:11:26","date_gmt":"2015-06-26T10:11:26","guid":{"rendered":"http:\/\/juxirkus.de\/juxirkus\/?page_id=24"},"modified":"2022-02-05T19:01:58","modified_gmt":"2022-02-05T18:01:58","slug":"trapez","status":"publish","type":"page","link":"https:\/\/juxirkus.de\/juxirkus\/trapez\/","title":{"rendered":"Trapez"},"content":{"rendered":"\n<div class=\"wp-block-columns is-layout-flex wp-container-core-columns-is-layout-28f84493 wp-block-columns-is-layout-flex\">\n<div class=\"wp-block-column is-layout-flow wp-block-column-is-layout-flow\">\n<figure class=\"wp-block-image size-full is-style-default\"><img loading=\"lazy\" decoding=\"async\" width=\"900\" height=\"600\" src=\"https:\/\/juxirkus.de\/juxirkus\/wp-content\/uploads\/2019\/12\/juxi_menschenskinder_Trapez_1.jpg\" alt=\"\" class=\"wp-image-3253\" srcset=\"https:\/\/juxirkus.de\/juxirkus\/wp-content\/uploads\/2019\/12\/juxi_menschenskinder_Trapez_1.jpg 900w, https:\/\/juxirkus.de\/juxirkus\/wp-content\/uploads\/2019\/12\/juxi_menschenskinder_Trapez_1-400x267.jpg 400w, https:\/\/juxirkus.de\/juxirkus\/wp-content\/uploads\/2019\/12\/juxi_menschenskinder_Trapez_1-768x512.jpg 768w, https:\/\/juxirkus.de\/juxirkus\/wp-content\/uploads\/2019\/12\/juxi_menschenskinder_Trapez_1-830x553.jpg 830w, https:\/\/juxirkus.de\/juxirkus\/wp-content\/uploads\/2019\/12\/juxi_menschenskinder_Trapez_1-230x153.jpg 230w, https:\/\/juxirkus.de\/juxirkus\/wp-content\/uploads\/2019\/12\/juxi_menschenskinder_Trapez_1-350x233.jpg 350w, https:\/\/juxirkus.de\/juxirkus\/wp-content\/uploads\/2019\/12\/juxi_menschenskinder_Trapez_1-480x320.jpg 480w\" sizes=\"auto, (max-width: 900px) 100vw, 900px\" \/><\/figure>\n<\/div>\n\n\n\n<div class=\"wp-block-column is-layout-flow wp-block-column-is-layout-flow\">\n<p><em>&#8222;Wenn ich erz\u00e4hle, dass ich Trapez mache, dann kennt das immer keiner, und es ist lustig, das zu erkl\u00e4ren. Die meisten denken dann immer an Schwungtrapez und finden es sehr gef\u00e4hrlich: &#8218;F\u00e4llst du nicht runter?!'&#8220; (Sarah F.)<\/em><br>Einige von uns h\u00e4tten sicherlich auch mal Lust, so richtig weit oben zwischen zwei Trapezen hin und herzufliegen &#8211; wer jedoch schon einmal im Juxirkus war, wird verstehen, dass das in unserem Zelt mit den beiden nebeneinander aufgeh\u00e4ngten Trapezen nicht so wirklich m\u00f6glich ist\u2026 Trotzdem gab es im Programm &#8222;Sommer im Jux&#8220; eine Nummer, in der sogar ziemlich heftig geschaukelt und vorher jedes Mal das Publikum in der ersten Reihe in Sicherheit gebracht wurde &#8211; aber der Reihe nach: <\/p>\n\n\n\n<h4 class=\"wp-block-heading\" id=\"was-ist-ein-trapez\">Was ist ein Trapez?<\/h4>\n\n\n\n<p><em>&#8222;Trapez \u2013 das ist eine Stange, die an zwei Schn\u00fcren h\u00e4ngt, an der man Teile macht.&#8220; (Anna-Marija)<\/em><br>Stellt euch also eine Schaukel mit etwas dickeren Seilen vor, an der sich anstelle des Brettes eine Stange befindet, die an den Verbindungsstellen zum Seil mit einem mit Watte gef\u00fcllten Lederpolster umwickelt ist. Die Trapeze h\u00e4ngen an einer waagerechten Stahlkonstruktion (&#8222;Traverse&#8220;), die mit unserem Zeltmast verbunden ist, so hoch, dass man je nach K\u00f6rpergr\u00f6\u00dfe aus eigener Kraft von der untergelegten Weichbodenmatte aus heran springen oder von einer anderen Person heran gehoben werden kann. <\/p>\n\n\n\n<h4 class=\"wp-block-heading\" id=\"was-kann-man-mit-einem-trapez-machen\">Was kann man mit einem Trapez machen?<\/h4>\n\n\n\n<p>Ganz einfach gesagt: Man kann auf der Trapezstange in den unterschiedlichsten Positionen sitzen oder stehen und sich mit den verschiedensten K\u00f6rperteilen an die Stange oder an die Seile h\u00e4ngen. Das geht langsam, mit flie\u00dfenden \u00dcberg\u00e4ngen oder schnell (z.B. Abfaller, Bauchwellen), alleine oder zu mehreren und kann geplant und f\u00fcr eine Nummer vorbereitet sein oder spontan aus dem Moment heraus kommen (mit &#8222;3-Minuten-Improvisation&#8220; wird das Training meistens begonnen).<\/p>\n\n\n\n<h4 class=\"wp-block-heading\" id=\"was-ist-so-besonders-daran\">Was ist so besonders daran?<\/h4>\n\n\n\n<p><em>&#8222;Es ist ein Sport, den nicht jeder macht&#8220; (Sarah Sch.) und den auch &#8222;nicht jeder kennt.&#8220; (Sarah F.)<br>&#8222;Trapez kann man nicht \u00fcberall lernen, das gibt es nicht in der Schule und ist einfach besonders!&#8220; (Alexandra)<br>&#8222;Trapez machen ist wie eine Ingwerwurzel: Es gibt immer wieder \u00dcberraschungen und man wei\u00df nie, was beim Improvisieren kommt \u2026&#8220; (C\u00e9cile)<br>&#8222;F\u00fcr manche Sachen braucht man Mut und \u00dcberwindung, wie z.B. f\u00fcr die gro\u00dfe Fahne, und es ist so toll, wenn man es dann geschafft hat!&#8220; (Leonie)<br>&#8222;Ich mag es, elegante \u00dcbungen oben in der Luft zu machen.&#8220; (Ronja)<\/em><\/p>\n\n\n\n<h4 class=\"wp-block-heading\" id=\"ist-das-anstrengend\">Ist das anstrengend?<\/h4>\n\n\n\n<p><em>&#8222;Tierisch anstrengend!&#8220; (Marie)<br>&#8222;Manchmal denkst du, deine Arme fallen gleich ab\u2026&#8220; (Sarah Sch.)<\/em><\/p>\n\n\n\n<p>Deshalb das \u2013 bei einigen nicht sehr beliebte \u2013 Krafttraining\u2026 Je mehr Kraft vor allem in Armen, H\u00e4nden, Bauch, R\u00fccken, H\u00fcftbeuger, Oberschenkeln, Waden, F\u00fc\u00dfen (hab` ich was vergessen?!) vorhanden ist, desto leichter geht es und desto mehr Spa\u00df macht es!<\/p>\n<\/div>\n\n\n\n<div class=\"wp-block-column is-layout-flow wp-block-column-is-layout-flow\">\n<h4 class=\"wp-block-heading\" id=\"tut-das-weh\">Tut das weh?<\/h4>\n\n\n\n<p>Ja!!!! Es gibt fast nichts, was zumindest am Anfang nicht wehtut!!! Es gibt verschiedene Theorien dar\u00fcber, dass und warum es sp\u00e4ter nachl\u00e4sst (Hornhaut, absterbende Nerven?!), aber Tatsache ist, dass es niemals ganz aufh\u00f6rt, und vor allem Pausen fatal sind\u2026<\/p>\n\n\n\n<p><em>&#8222;Jetzt kann ich nicht mehr ans Trapez, weil meine H\u00e4nde so wehtun, das brennt wie Feuer!&#8220; (Sarah Sch.)<\/em><\/p>\n\n\n\n<p><em>&#8222;Es kann auch bequem sein&#8220; (Marie) &#8222;und tut nicht mehr so weh, wenn man sich daran gew\u00f6hnt hat&#8220; (Finya, Mira),<\/em> aber auch die Namen einiger Trapeztricks (z.B. &#8222;Bauchquetscher&#8220; oder &#8222;Kniebrecher&#8220;) lassen ahnen, dass es nicht ohne Schmerzen geht\u2026<\/p>\n\n\n\n<h4 class=\"wp-block-heading\" id=\"warum-macht-ihr-das-dann\">Warum macht ihr das dann?!<\/h4>\n\n\n\n<p>Um das zu verstehen, muss man es selber ausprobiert haben\u2026 muss man selber am Trapez gewesen sein und nach der ersten Anstrengung und den brennenden H\u00e4nden mit diesem besonderen Freiheitsgef\u00fchl belohnt worden sein, mit diesem Gef\u00fchl, den eigenen K\u00f6rper zu beherrschen und sich weit oben in der Luft schwerelos bewegen zu k\u00f6nnen\u2026 Das ist GL\u00dcCK!<\/p>\n\n\n\n<p><em>&#8222;Man f\u00fchlt sich frei, h\u00e4ngt in der Luft.&#8220; (Lea)<br>&#8222;Weil es ein gutes Gef\u00fchl ist, in der Luft herumzufliegen!&#8220; (Finya)<br>&#8222;Man hat den \u00dcberblick \u00fcber alles, und es ist etwas ganz Wunderbares.&#8220; (Sarah F.)<br>&#8222;Es ist wie fliegen, und man kann sich ganz frei f\u00fchlen.&#8220; (Marie)<br>&#8222;Sich durch die Luft bewegen, das ist sch\u00f6n!&#8220; (Carolin)<br>&#8222;Ich liebe es, auf B\u00fchnen zu stehen, vor allem mit Trapez aufzutreten. Das Publikum in einen Bann zu ziehen und ihm das Gef\u00fchl der Schwerelosigkeit zu vermitteln. Es ist sch\u00f6n, die Freiheit und H\u00f6he am Trapez zu sp\u00fcren. Trapez ist etwas sehr Spirituelles!&#8220; (C\u00e9cile)<\/em><\/p>\n\n\n\n<h4 class=\"wp-block-heading\" id=\"und-warum-gerade-im-juxirkus\">Und warum gerade im Juxirkus?<\/h4>\n\n\n\n<p><em>&#8222;Weil es ein guter Kinderzirkus ist!&#8220; (Irina)<br>&#8222;Weil ich die Gruppe gut finde, und weil wir etwas zusammen machen!&#8220; (Ronja)<br>&#8222;Die ganze Gemeinschaft hier gef\u00e4llt mir \u2013 niemand kann nichts!&#8220; (Mona)<br>&#8222;Der Juxirkus ist wie eine gro\u00dfe Familie, jeder hilft jedem, Gro\u00dfe und Kleine machen was zusammen und man lacht sich nicht aus, sondern miteinander \u2013 und wir haben eine nette Trainerin!&#8220; (Leonie)<\/em><\/p>\n\n\n\n<h4 class=\"wp-block-heading\" id=\"kann-ich-mitmachen\">Kann ich mitmachen?!<\/h4>\n\n\n\n<p>Prinzipiell ja, da wir jedoch f\u00fcr die beiden Trapezgruppen in den drei Stunden Trainingszeit in der Woche (mittwochs von 17-18:30 Uhr und freitags von 18-20 Uhr) nur zwei Trapeze zur Verf\u00fcgung haben, m\u00fcssen die Gruppen leider zahlenm\u00e4\u00dfig begrenzt bleiben. Anderenfalls w\u00e4re es zu voll und f\u00fcr alle frustrierend, pro Training nur 1-2 x ans Trapez zu kommen und nicht wirklich etwas zu lernen. Deshalb gibt es eine Warteliste, auf die ihr euch jederzeit setzen lassen k\u00f6nnt (schickt eine <a href=\"https:\/\/juxirkus.de\/juxirkus\/kontakt\/\">Mail ans B\u00fcro<\/a> mit Namen und Geburtstag des Kindes und wie man euch erreichen kann, wir leiten die Mail dann weiter) \u2013 momentan ist diese jedoch sehr voll und die Wartezeit extrem lang, da selten welche mit Trapez aufh\u00f6ren\u2026 wie vielleicht nach diesem Text zu verstehen ist!<\/p>\n\n\n\n<p>Trapeztrainerin ist  <a href=\"https:\/\/juxirkus.de\/juxirkus\/team\/\">Julia<\/a><\/p>\n\n\n\n<p><\/p>\n<\/div>\n<\/div>\n\n\n\n<p><em> <\/em><\/p>\n","protected":false},"excerpt":{"rendered":"<p>&#8222;Wenn ich erz\u00e4hle, dass ich Trapez mache, dann kennt das immer keiner, und es ist lustig, das zu erkl\u00e4ren. Die meisten denken [&hellip;]<\/p>\n","protected":false},"author":9,"featured_media":0,"parent":0,"menu_order":0,"comment_status":"closed","ping_status":"closed","template":"page-templates\/page_fullwidth.php","meta":{"_uag_custom_page_level_css":"","footnotes":""},"class_list":["post-24","page","type-page","status-publish","hentry"],"uagb_featured_image_src":{"full":false,"thumbnail":false,"medium":false,"medium_large":false,"large":false,"1536x1536":false,"2048x2048":false,"sydney-large-thumb":false,"sydney-medium-thumb":false,"sydney-small-thumb":false,"sydney-service-thumb":false,"sydney-mas-thumb":false},"uagb_author_info":{"display_name":"arabella","author_link":"https:\/\/juxirkus.de\/juxirkus\/author\/arabella\/"},"uagb_comment_info":0,"uagb_excerpt":"&#8222;Wenn ich erz\u00e4hle, dass ich Trapez mache, dann kennt das immer keiner, und es ist lustig, das zu erkl\u00e4ren. Die meisten denken [&hellip;]","_links":{"self":[{"href":"https:\/\/juxirkus.de\/juxirkus\/wp-json\/wp\/v2\/pages\/24","targetHints":{"allow":["GET"]}}],"collection":[{"href":"https:\/\/juxirkus.de\/juxirkus\/wp-json\/wp\/v2\/pages"}],"about":[{"href":"https:\/\/juxirkus.de\/juxirkus\/wp-json\/wp\/v2\/types\/page"}],"author":[{"embeddable":true,"href":"https:\/\/juxirkus.de\/juxirkus\/wp-json\/wp\/v2\/users\/9"}],"replies":[{"embeddable":true,"href":"https:\/\/juxirkus.de\/juxirkus\/wp-json\/wp\/v2\/comments?post=24"}],"version-history":[{"count":11,"href":"https:\/\/juxirkus.de\/juxirkus\/wp-json\/wp\/v2\/pages\/24\/revisions"}],"predecessor-version":[{"id":4473,"href":"https:\/\/juxirkus.de\/juxirkus\/wp-json\/wp\/v2\/pages\/24\/revisions\/4473"}],"wp:attachment":[{"href":"https:\/\/juxirkus.de\/juxirkus\/wp-json\/wp\/v2\/media?parent=24"}],"curies":[{"name":"wp","href":"https:\/\/api.w.org\/{rel}","templated":true}]}}