{"id":248,"date":"2015-06-29T11:02:53","date_gmt":"2015-06-29T09:02:53","guid":{"rendered":"http:\/\/juxirkus.de\/juxirkus\/?page_id=248"},"modified":"2022-02-05T18:49:43","modified_gmt":"2022-02-05T17:49:43","slug":"ansagegruppe","status":"publish","type":"page","link":"https:\/\/juxirkus.de\/juxirkus\/ansagegruppe\/","title":{"rendered":"Ansagegruppe"},"content":{"rendered":"\n<h2 class=\"wp-block-heading\" id=\"was-im-grossen-zirkus-die-conference-ist-das-ist-bei-uns-die-ansagegruppe\">Was im \u201egro\u00dfen\u201c Zirkus die Conference ist, das ist bei uns die Ansagegruppe<\/h2>\n\n\n\n<div class=\"wp-block-columns is-layout-flex wp-container-core-columns-is-layout-28f84493 wp-block-columns-is-layout-flex\">\n<div class=\"wp-block-column is-layout-flow wp-block-column-is-layout-flow\">\n<figure class=\"wp-block-image size-full is-style-default\"><img loading=\"lazy\" decoding=\"async\" width=\"900\" height=\"600\" src=\"https:\/\/juxirkus.de\/juxirkus\/wp-content\/uploads\/2019\/12\/juxi_menschenskinder_Ansage_1.jpg\" alt=\"\" class=\"wp-image-3235\" srcset=\"https:\/\/juxirkus.de\/juxirkus\/wp-content\/uploads\/2019\/12\/juxi_menschenskinder_Ansage_1.jpg 900w, https:\/\/juxirkus.de\/juxirkus\/wp-content\/uploads\/2019\/12\/juxi_menschenskinder_Ansage_1-400x267.jpg 400w, https:\/\/juxirkus.de\/juxirkus\/wp-content\/uploads\/2019\/12\/juxi_menschenskinder_Ansage_1-768x512.jpg 768w, https:\/\/juxirkus.de\/juxirkus\/wp-content\/uploads\/2019\/12\/juxi_menschenskinder_Ansage_1-830x553.jpg 830w, https:\/\/juxirkus.de\/juxirkus\/wp-content\/uploads\/2019\/12\/juxi_menschenskinder_Ansage_1-230x153.jpg 230w, https:\/\/juxirkus.de\/juxirkus\/wp-content\/uploads\/2019\/12\/juxi_menschenskinder_Ansage_1-350x233.jpg 350w, https:\/\/juxirkus.de\/juxirkus\/wp-content\/uploads\/2019\/12\/juxi_menschenskinder_Ansage_1-480x320.jpg 480w\" sizes=\"auto, (max-width: 900px) 100vw, 900px\" \/><figcaption>Juxirkus\n&#8222;Menschenskinder! Sensationen!&#8220;\nWinterprogramm 2019\nPremiere: 23.11.2019 im Juxizelt Hohenstauffenstra\u00dfe, Berlin-Sch\u00f6neberg\n\nCopyright (C) Thomas Aurin<\/figcaption><\/figure>\n<\/div>\n\n\n\n<div class=\"wp-block-column is-layout-flow wp-block-column-is-layout-flow\">\n<p>Meist vier (manchmal aber auch mehr) Jugendliche, die durch das Programm f\u00fchren, die Nummern ank\u00fcndigen, ein bisschen Comedy zwischendurch machen und am Schluss das Finale einleiten. Ansage \u2013 das ist ein bisschen von allem. Da wird gesungen, da wird Moderation ge\u00fcbt, da werden Gedichte aufgesagt. Da gibt\u2019s mal ein bisschen Pantomime, mal ein bisschen Akrobatik, mal Tanz, Clownerie oder Comedy, was das Programm eben so mit sich bringt. Die Ansage wird meistens von einigen \u00e4lteren, schon erfahrenen Jugendlichen gemacht, die auf ihre Fertigkeiten aus anderen Gruppen zur\u00fcckgreifen k\u00f6nnen und den Zirkus gut kennen. <\/p>\n\n\n\n<p>Geleitet wird die Ansagegruppe von <a href=\"https:\/\/juxirkus.de\/juxirkus\/team\/\">Alexander<\/a>.<\/p>\n<\/div>\n<\/div>\n","protected":false},"excerpt":{"rendered":"<p>Was im \u201egro\u00dfen\u201c Zirkus die Conference ist, das ist bei uns die Ansagegruppe Meist vier (manchmal aber auch mehr) Jugendliche, die durch [&hellip;]<\/p>\n","protected":false},"author":9,"featured_media":0,"parent":0,"menu_order":0,"comment_status":"closed","ping_status":"closed","template":"page-templates\/page_fullwidth.php","meta":{"_uag_custom_page_level_css":"","footnotes":""},"class_list":["post-248","page","type-page","status-publish","hentry"],"uagb_featured_image_src":{"full":false,"thumbnail":false,"medium":false,"medium_large":false,"large":false,"1536x1536":false,"2048x2048":false,"sydney-large-thumb":false,"sydney-medium-thumb":false,"sydney-small-thumb":false,"sydney-service-thumb":false,"sydney-mas-thumb":false},"uagb_author_info":{"display_name":"arabella","author_link":"https:\/\/juxirkus.de\/juxirkus\/author\/arabella\/"},"uagb_comment_info":0,"uagb_excerpt":"Was im \u201egro\u00dfen\u201c Zirkus die Conference ist, das ist bei uns die Ansagegruppe Meist vier (manchmal aber auch mehr) Jugendliche, die durch [&hellip;]","_links":{"self":[{"href":"https:\/\/juxirkus.de\/juxirkus\/wp-json\/wp\/v2\/pages\/248","targetHints":{"allow":["GET"]}}],"collection":[{"href":"https:\/\/juxirkus.de\/juxirkus\/wp-json\/wp\/v2\/pages"}],"about":[{"href":"https:\/\/juxirkus.de\/juxirkus\/wp-json\/wp\/v2\/types\/page"}],"author":[{"embeddable":true,"href":"https:\/\/juxirkus.de\/juxirkus\/wp-json\/wp\/v2\/users\/9"}],"replies":[{"embeddable":true,"href":"https:\/\/juxirkus.de\/juxirkus\/wp-json\/wp\/v2\/comments?post=248"}],"version-history":[{"count":12,"href":"https:\/\/juxirkus.de\/juxirkus\/wp-json\/wp\/v2\/pages\/248\/revisions"}],"predecessor-version":[{"id":4452,"href":"https:\/\/juxirkus.de\/juxirkus\/wp-json\/wp\/v2\/pages\/248\/revisions\/4452"}],"wp:attachment":[{"href":"https:\/\/juxirkus.de\/juxirkus\/wp-json\/wp\/v2\/media?parent=248"}],"curies":[{"name":"wp","href":"https:\/\/api.w.org\/{rel}","templated":true}]}}