{"id":255,"date":"2015-06-29T12:53:17","date_gmt":"2015-06-29T10:53:17","guid":{"rendered":"http:\/\/juxirkus.de\/juxirkus\/?page_id=255"},"modified":"2026-03-28T12:58:31","modified_gmt":"2026-03-28T11:58:31","slug":"impressum","status":"publish","type":"page","link":"https:\/\/juxirkus.de\/juxirkus\/impressum\/","title":{"rendered":"Impressum"},"content":{"rendered":"\n<p><\/p>\n\n\n\n<div class=\"wp-block-columns is-layout-flex wp-container-core-columns-is-layout-28f84493 wp-block-columns-is-layout-flex\">\n<div class=\"wp-block-column is-layout-flow wp-block-column-is-layout-flow\">\n<p>Verantwortlich im Sinne des Presserechts<br>und des Mediendienste-Staatsvertrags<\/p>\n\n\n\n<p><a href=\"http:\/\/www.pfh-berlin.de\/\" target=\"_blank\" rel=\"noopener noreferrer\"> Pestalozzi-Fr\u00f6bel-Haus<\/a><br>Stiftung des \u00f6ffentlichen Rechts, vertreten durch die Direktorin der Stiftung, Henriette Harms<br>Karl-Schrader-Stra\u00dfe 7-8<br>D-10781 Berlin<\/p>\n\n\n\n<p>Tel.: 030 217300<br>Fax: 030 21730150<br>E-Mail: info@pfh-berlin.de <\/p>\n\n\n\n<p>(Achtung: dies ist nicht die Emailadresse des Juxirkus.<br>Wenn ihr uns eine Email senden wollt, benutzt bitte das <a href=\"https:\/\/juxirkus.de\/juxirkus\/kontakt\/\" data-type=\"page\" data-id=\"18\">Kontaktformular<\/a>.)<\/p>\n\n\n\n<figure class=\"wp-block-image size-large\"><img loading=\"lazy\" decoding=\"async\" width=\"1024\" height=\"477\" src=\"https:\/\/juxirkus.de\/juxirkus\/wp-content\/uploads\/2024\/11\/STANDARD_PFH_Logo_CMYK-1024x477.jpg\" alt=\"\" class=\"wp-image-5015\" srcset=\"https:\/\/juxirkus.de\/juxirkus\/wp-content\/uploads\/2024\/11\/STANDARD_PFH_Logo_CMYK-1024x477.jpg 1024w, https:\/\/juxirkus.de\/juxirkus\/wp-content\/uploads\/2024\/11\/STANDARD_PFH_Logo_CMYK-400x186.jpg 400w, https:\/\/juxirkus.de\/juxirkus\/wp-content\/uploads\/2024\/11\/STANDARD_PFH_Logo_CMYK-768x357.jpg 768w, https:\/\/juxirkus.de\/juxirkus\/wp-content\/uploads\/2024\/11\/STANDARD_PFH_Logo_CMYK-1536x715.jpg 1536w, https:\/\/juxirkus.de\/juxirkus\/wp-content\/uploads\/2024\/11\/STANDARD_PFH_Logo_CMYK-2048x953.jpg 2048w, https:\/\/juxirkus.de\/juxirkus\/wp-content\/uploads\/2024\/11\/STANDARD_PFH_Logo_CMYK-1000x465.jpg 1000w, https:\/\/juxirkus.de\/juxirkus\/wp-content\/uploads\/2024\/11\/STANDARD_PFH_Logo_CMYK-230x107.jpg 230w, https:\/\/juxirkus.de\/juxirkus\/wp-content\/uploads\/2024\/11\/STANDARD_PFH_Logo_CMYK-350x163.jpg 350w, https:\/\/juxirkus.de\/juxirkus\/wp-content\/uploads\/2024\/11\/STANDARD_PFH_Logo_CMYK-480x223.jpg 480w\" sizes=\"auto, (max-width: 1024px) 100vw, 1024px\" \/><\/figure>\n\n\n\n<p><strong>Zust\u00e4ndige Aufsichtsbeh\u00f6rde<\/strong><br>Senatsverwaltung f\u00fcr Bildung, Jugend und Wissenschaft des Landes Berlin<\/p>\n\n\n\n<figure class=\"wp-block-image size-large\"><img loading=\"lazy\" decoding=\"async\" width=\"200\" height=\"79\" src=\"https:\/\/juxirkus.de\/juxirkus\/wp-content\/uploads\/2015\/10\/JA_Blau_neg_RGB.jpg\" alt=\"Logo Jugendamt\" class=\"wp-image-1009\"\/><\/figure>\n\n\n\n<figure class=\"wp-block-image size-large\"><img loading=\"lazy\" decoding=\"async\" width=\"200\" height=\"112\" src=\"https:\/\/juxirkus.de\/juxirkus\/wp-content\/uploads\/2015\/06\/kiezoase-e1445170637138.jpg\" alt=\"Logo kiezoase\" class=\"wp-image-1013\"\/><\/figure>\n<\/div>\n\n\n\n<div class=\"wp-block-column is-layout-flow wp-block-column-is-layout-flow\">\n<p><strong>Redaktion und Konzeption<br><\/strong><a href=\"https:\/\/juxirkus.de\/juxirkus\/kontakt\/\">Mona Griesel<\/a> und <a href=\"https:\/\/juxirkus.de\/juxirkus\/kontakt\/\">Alexander Frey<\/a><\/p>\n\n\n\n<p><strong>Technische Betreuung<br><\/strong>Silvio K\u00fcnstner<strong><br><\/strong><\/p>\n\n\n\n<p><strong>Fotos<\/strong><br>Juxirkus-Sch\u00f6neberg<\/p>\n<\/div>\n<\/div>\n\n\n\n<hr class=\"wp-block-separator has-css-opacity\"\/>\n\n\n\n<h5 class=\"wp-block-heading\" id=\"haftungsausschluss\"><strong>Haftungsausschluss<\/strong><\/h5>\n\n\n\n<p><strong>Haftung f\u00fcr Inhalte<\/strong><\/p>\n\n\n\n<p>Die Inhalte unserer Seiten wurden mit gr\u00f6\u00dfter Sorgfalt erstellt. F\u00fcr die Richtigkeit, Vollst\u00e4ndigkeit und Aktualit\u00e4t der Inhalte k\u00f6nnen wir jedoch keine Gew\u00e4hr \u00fcbernehmen. Als Diensteanbieter sind wir gem\u00e4\u00df \u00a7 7 Abs.1 TMG f\u00fcr eigene Inhalte auf diesen Seiten nach den allgemeinen Gesetzen verantwortlich. Nach \u00a7\u00a7 8 bis 10 TMG sind wir als Diensteanbieter jedoch nicht verpflichtet, \u00fcbermittelte oder gespeicherte fremde Informationen zu \u00fcberwachen oder nach Umst\u00e4nden zu forschen, die auf eine rechtswidrige T\u00e4tigkeit hinweisen. Verpflichtungen zur Entfernung oder Sperrung der Nutzung von Informationen nach den allgemeinen Gesetzen bleiben hiervon unber\u00fchrt. Eine diesbez\u00fcgliche Haftung ist jedoch erst ab dem Zeitpunkt der Kenntnis einer konkreten Rechtsverletzung m\u00f6glich. Bei Bekanntwerden von entsprechenden Rechtsverletzungen werden wir diese Inhalte umgehend entfernen.<\/p>\n\n\n\n<p><strong>Haftung f\u00fcr Links<\/strong><\/p>\n\n\n\n<p>Unser Angebot enth\u00e4lt Links zu externen Webseiten Dritter, auf deren Inhalte wir keinen Einfluss haben. Deshalb k\u00f6nnen wir f\u00fcr diese fremden Inhalte auch keine Gew\u00e4hr \u00fcbernehmen. F\u00fcr die Inhalte der verlinkten Seiten ist stets der jeweilige Anbieter oder Betreiber der Seiten verantwortlich. Die verlinkten Seiten wurden zum Zeitpunkt der Verlinkung auf m\u00f6gliche Rechtsverst\u00f6\u00dfe \u00fcberpr\u00fcft. Rechtswidrige Inhalte waren zum Zeitpunkt der Verlinkung nicht erkennbar. Eine permanente inhaltliche Kontrolle der verlinkten Seiten ist jedoch ohne konkrete Anhaltspunkte einer Rechtsverletzung nicht zumutbar. Bei Bekanntwerden von Rechtsverletzungen werden wir derartige Links umgehend entfernen.<\/p>\n\n\n\n<p><strong>Urheberrecht<\/strong><\/p>\n\n\n\n<p>Die durch die Seitenbetreiber erstellten Inhalte und Werke auf diesen Seiten unterliegen dem deutschen Urheberrecht. Die Vervielf\u00e4ltigung, Bearbeitung, Verbreitung und jede Art der Verwertung au\u00dferhalb der Grenzen des Urheberrechtes bed\u00fcrfen der schriftlichen Zustimmung des jeweiligen Autors bzw. Erstellers. Downloads und Kopien dieser Seite sind nur f\u00fcr den privaten, nicht kommerziellen Gebrauch gestattet. Soweit die Inhalte auf dieser Seite nicht vom Betreiber erstellt wurden, werden die Urheberrechte Dritter beachtet. Insbesondere werden Inhalte Dritter als solche gekennzeichnet. Sollten Sie trotzdem auf eine Urheberrechtsverletzung aufmerksam werden, bitten wir um einen entsprechenden Hinweis. Bei Bekanntwerden von Rechtsverletzungen werden wir derartige Inhalte umgehend entfernen.<\/p>\n","protected":false},"excerpt":{"rendered":"<p>Verantwortlich im Sinne des Presserechtsund des Mediendienste-Staatsvertrags Pestalozzi-Fr\u00f6bel-HausStiftung des \u00f6ffentlichen Rechts, vertreten durch die Direktorin der Stiftung, Henriette HarmsKarl-Schrader-Stra\u00dfe 7-8D-10781 Berlin Tel.: [&hellip;]<\/p>\n","protected":false},"author":9,"featured_media":0,"parent":0,"menu_order":0,"comment_status":"closed","ping_status":"closed","template":"page-templates\/page_fullwidth.php","meta":{"_uag_custom_page_level_css":"","footnotes":""},"class_list":["post-255","page","type-page","status-publish","hentry"],"uagb_featured_image_src":{"full":false,"thumbnail":false,"medium":false,"medium_large":false,"large":false,"1536x1536":false,"2048x2048":false,"sydney-large-thumb":false,"sydney-medium-thumb":false,"sydney-small-thumb":false,"sydney-service-thumb":false,"sydney-mas-thumb":false},"uagb_author_info":{"display_name":"arabella","author_link":"https:\/\/juxirkus.de\/juxirkus\/author\/arabella\/"},"uagb_comment_info":0,"uagb_excerpt":"Verantwortlich im Sinne des Presserechtsund des Mediendienste-Staatsvertrags Pestalozzi-Fr\u00f6bel-HausStiftung des \u00f6ffentlichen Rechts, vertreten durch die Direktorin der Stiftung, Henriette HarmsKarl-Schrader-Stra\u00dfe 7-8D-10781 Berlin Tel.: [&hellip;]","_links":{"self":[{"href":"https:\/\/juxirkus.de\/juxirkus\/wp-json\/wp\/v2\/pages\/255","targetHints":{"allow":["GET"]}}],"collection":[{"href":"https:\/\/juxirkus.de\/juxirkus\/wp-json\/wp\/v2\/pages"}],"about":[{"href":"https:\/\/juxirkus.de\/juxirkus\/wp-json\/wp\/v2\/types\/page"}],"author":[{"embeddable":true,"href":"https:\/\/juxirkus.de\/juxirkus\/wp-json\/wp\/v2\/users\/9"}],"replies":[{"embeddable":true,"href":"https:\/\/juxirkus.de\/juxirkus\/wp-json\/wp\/v2\/comments?post=255"}],"version-history":[{"count":19,"href":"https:\/\/juxirkus.de\/juxirkus\/wp-json\/wp\/v2\/pages\/255\/revisions"}],"predecessor-version":[{"id":5307,"href":"https:\/\/juxirkus.de\/juxirkus\/wp-json\/wp\/v2\/pages\/255\/revisions\/5307"}],"wp:attachment":[{"href":"https:\/\/juxirkus.de\/juxirkus\/wp-json\/wp\/v2\/media?parent=255"}],"curies":[{"name":"wp","href":"https:\/\/api.w.org\/{rel}","templated":true}]}}