{"id":26,"date":"2015-06-26T12:11:35","date_gmt":"2015-06-26T10:11:35","guid":{"rendered":"http:\/\/juxirkus.de\/juxirkus\/?page_id=26"},"modified":"2024-04-12T13:23:33","modified_gmt":"2024-04-12T11:23:33","slug":"einrad","status":"publish","type":"page","link":"https:\/\/juxirkus.de\/juxirkus\/einrad\/","title":{"rendered":"Einradfahren"},"content":{"rendered":"\n<div class=\"wp-block-columns is-layout-flex wp-container-core-columns-is-layout-28f84493 wp-block-columns-is-layout-flex\">\n<div class=\"wp-block-column is-layout-flow wp-block-column-is-layout-flow\">\n<figure class=\"wp-block-image size-full is-style-default\"><img loading=\"lazy\" decoding=\"async\" width=\"900\" height=\"600\" src=\"https:\/\/juxirkus.de\/juxirkus\/wp-content\/uploads\/2019\/12\/juxi_menschenskinder_Einrad_1.jpg\" alt=\"\" class=\"wp-image-3241\" srcset=\"https:\/\/juxirkus.de\/juxirkus\/wp-content\/uploads\/2019\/12\/juxi_menschenskinder_Einrad_1.jpg 900w, https:\/\/juxirkus.de\/juxirkus\/wp-content\/uploads\/2019\/12\/juxi_menschenskinder_Einrad_1-400x267.jpg 400w, https:\/\/juxirkus.de\/juxirkus\/wp-content\/uploads\/2019\/12\/juxi_menschenskinder_Einrad_1-768x512.jpg 768w, https:\/\/juxirkus.de\/juxirkus\/wp-content\/uploads\/2019\/12\/juxi_menschenskinder_Einrad_1-830x553.jpg 830w, https:\/\/juxirkus.de\/juxirkus\/wp-content\/uploads\/2019\/12\/juxi_menschenskinder_Einrad_1-230x153.jpg 230w, https:\/\/juxirkus.de\/juxirkus\/wp-content\/uploads\/2019\/12\/juxi_menschenskinder_Einrad_1-350x233.jpg 350w, https:\/\/juxirkus.de\/juxirkus\/wp-content\/uploads\/2019\/12\/juxi_menschenskinder_Einrad_1-480x320.jpg 480w\" sizes=\"auto, (max-width: 900px) 100vw, 900px\" \/><\/figure>\n<\/div>\n\n\n\n<div class=\"wp-block-column is-layout-flow wp-block-column-is-layout-flow\">\n<p><strong>Einradfahren<\/strong> \u2013 das ist f\u00fcr viele Leute ein gro\u00dfes Mysterium. Fahrradfahren auf zwei R\u00e4dern, klar, das kennt man, aber auf einem?<\/p>\n\n\n\n<h2 class=\"wp-block-heading\" id=\"he-wo-hast-du-denn-das-vorderrad-gelassen\">&#8222;He, wo hast du denn das Vorderrad gelassen?&#8220;<\/h2>\n\n\n\n<p>ist der typische Spruch, der wirklich jedem Witzbold einf\u00e4llt, wenn man einfach ganz harmlos auf dem Einrad in Berlin unterwegs ist.<\/p>\n\n\n\n<p>Wenn man das erste Mal auf dem Einrad sitzt, hat man das Gef\u00fchl: das geht doch nie \u2013 das kann doch gar nicht gehen. Wenn ihr euch aber eine Einradnummer im Juxi oder einem anderen Zirkus anschaut, dann seht ihr: irgendwann sind die Artisten auf einem Rad genauso sicher wie auf zweien \u2013 sogar noch flexibler, da sie auch r\u00fcckw\u00e4rts fahren oder auf der Stelle &#8222;pendeln&#8220; k\u00f6nnen.<\/p>\n\n\n\n<h4 class=\"wp-block-heading\" id=\"einrad-wird-im-juxi-in-zwei-gruppen-unterrichtet\">Einrad wird im Juxi in zwei Gruppen unterrichtet.<\/h4>\n\n\n\n<p>Am <a href=\"https:\/\/juxirkus.de\/juxirkus\/trainingsplan\/\">Montag<\/a> trainieren die Anf\u00e4ngerInnen, am <a href=\"https:\/\/juxirkus.de\/juxirkus\/trainingsplan\/\">Dienstag<\/a> die Fortgeschrittenen, die f\u00fcr die Nummer Figurenfahren und \u00e4hnliches \u00fcben. In beiden Gruppen gibt es Jungs und M\u00e4dchen, beide Gruppen werden von <a href=\"https:\/\/juxirkus.de\/juxirkus\/team\/\">Carlotta<\/a> unterrichtet.<\/p>\n<\/div>\n<\/div>\n","protected":false},"excerpt":{"rendered":"<p>Einradfahren \u2013 das ist f\u00fcr viele Leute ein gro\u00dfes Mysterium. Fahrradfahren auf zwei R\u00e4dern, klar, das kennt man, aber auf einem? &#8222;He, [&hellip;]<\/p>\n","protected":false},"author":9,"featured_media":0,"parent":0,"menu_order":0,"comment_status":"closed","ping_status":"closed","template":"page-templates\/page_fullwidth.php","meta":{"_uag_custom_page_level_css":"","footnotes":""},"class_list":["post-26","page","type-page","status-publish","hentry"],"uagb_featured_image_src":{"full":false,"thumbnail":false,"medium":false,"medium_large":false,"large":false,"1536x1536":false,"2048x2048":false,"sydney-large-thumb":false,"sydney-medium-thumb":false,"sydney-small-thumb":false,"sydney-service-thumb":false,"sydney-mas-thumb":false},"uagb_author_info":{"display_name":"arabella","author_link":"https:\/\/juxirkus.de\/juxirkus\/author\/arabella\/"},"uagb_comment_info":0,"uagb_excerpt":"Einradfahren \u2013 das ist f\u00fcr viele Leute ein gro\u00dfes Mysterium. Fahrradfahren auf zwei R\u00e4dern, klar, das kennt man, aber auf einem? &#8222;He, [&hellip;]","_links":{"self":[{"href":"https:\/\/juxirkus.de\/juxirkus\/wp-json\/wp\/v2\/pages\/26","targetHints":{"allow":["GET"]}}],"collection":[{"href":"https:\/\/juxirkus.de\/juxirkus\/wp-json\/wp\/v2\/pages"}],"about":[{"href":"https:\/\/juxirkus.de\/juxirkus\/wp-json\/wp\/v2\/types\/page"}],"author":[{"embeddable":true,"href":"https:\/\/juxirkus.de\/juxirkus\/wp-json\/wp\/v2\/users\/9"}],"replies":[{"embeddable":true,"href":"https:\/\/juxirkus.de\/juxirkus\/wp-json\/wp\/v2\/comments?post=26"}],"version-history":[{"count":4,"href":"https:\/\/juxirkus.de\/juxirkus\/wp-json\/wp\/v2\/pages\/26\/revisions"}],"predecessor-version":[{"id":4958,"href":"https:\/\/juxirkus.de\/juxirkus\/wp-json\/wp\/v2\/pages\/26\/revisions\/4958"}],"wp:attachment":[{"href":"https:\/\/juxirkus.de\/juxirkus\/wp-json\/wp\/v2\/media?parent=26"}],"curies":[{"name":"wp","href":"https:\/\/api.w.org\/{rel}","templated":true}]}}