{"id":32,"date":"2015-06-26T12:13:41","date_gmt":"2015-06-26T10:13:41","guid":{"rendered":"http:\/\/juxirkus.de\/juxirkus\/?page_id=32"},"modified":"2022-02-05T18:55:56","modified_gmt":"2022-02-05T17:55:56","slug":"jonglieren","status":"publish","type":"page","link":"https:\/\/juxirkus.de\/juxirkus\/jonglieren\/","title":{"rendered":"Jonglage &#038; Diabolo"},"content":{"rendered":"\n<div class=\"wp-block-columns is-layout-flex wp-container-core-columns-is-layout-28f84493 wp-block-columns-is-layout-flex\">\n<div class=\"wp-block-column is-layout-flow wp-block-column-is-layout-flow\">\n<figure class=\"wp-block-image size-full is-style-default\"><img loading=\"lazy\" decoding=\"async\" width=\"800\" height=\"533\" src=\"https:\/\/juxirkus.de\/juxirkus\/wp-content\/uploads\/2015\/10\/Juxiforscht2015-06-6773-1.jpg\" alt=\"Auftritt Keulenjonglage\" class=\"wp-image-842\" srcset=\"https:\/\/juxirkus.de\/juxirkus\/wp-content\/uploads\/2015\/10\/Juxiforscht2015-06-6773-1.jpg 800w, https:\/\/juxirkus.de\/juxirkus\/wp-content\/uploads\/2015\/10\/Juxiforscht2015-06-6773-1-400x267.jpg 400w\" sizes=\"auto, (max-width: 800px) 100vw, 800px\" \/><figcaption>Auftritt Keulenjonglage<\/figcaption><\/figure>\n<\/div>\n\n\n\n<div class=\"wp-block-column is-layout-flow wp-block-column-is-layout-flow\">\n<p>In unserer Gruppe sind etwa 20 Personen; wir verstehen uns eigentlich alle ganz gut, auch wenn wir gerne gegenseitig auf uns rumhacken ;-) Wir haben uns sogar so gerne, dass wir jedes Jahr zusammen auf die Jonglierconvention in Berlin und seit 2005 auch immer auf die Europ\u00e4ische Jonglierconvention, wo auch immer die gerade ist, fahren.<\/p>\n\n\n\n<h4 class=\"wp-block-heading\" id=\"was-ist-denn-eigentlich-jonglieren\">Was ist denn eigentlich Jonglieren?<\/h4>\n\n\n\n<p>Per Definition eines Sch\u00fclerlexikons von 1963, der einzigen Enzyklop\u00e4die im Juxi-B\u00fcro: Jongleur, ein Artist, der verschiedene Gegenst\u00e4nde, z.B. Teller, B\u00e4lle, Keulen, in bestimmter, regelm\u00e4\u00dfiger Folge hochwirft und wieder f\u00e4ngt. Damit verbunden ist oft die Fertigkeit, mehrere Gegenst\u00e4nde im Gleichgewicht zu halten. Gar nicht schlecht als Definition. Tats\u00e4chlich bedeutet bei uns in der Jongliergruppe Jonglieren alles, was damit zu tun hat, Dinge rumzuwerfen oder zu balancieren oder sonst was mit ihnen zu tun. Das hei\u00dft, wir jonglieren B\u00e4lle, Ringe und Keulen, manchmal Feuerkeulen, Diabolos, Devilsticks. Aber wir \u00fcben auch Swinging, Stabdrehen, Tellerdrehen oder Equilibristik (\u00c4h-Quih-Lih-Bri-stick!). Es gibt da immer so etwas wie Modeerscheinungen, in den letzten Jahren vor allem Keulenpassing und Diabolo. Frage: Was ist Keulenpassen? Keulenpassen hei\u00dft, wenn mehrere Leute jonglieren und sich dabei Keulen zuwerfen, ihr seht das auf den Photos. <\/p>\n\n\n\n<p>Wir machen in jedem Programm mehrere Nummern, meistens eine mit dem Diabolo und eine mit anderen Jonglierinstrumenten, zur Zeit meistens B\u00e4lle und Keulen.<\/p>\n<\/div>\n\n\n\n<div class=\"wp-block-column is-layout-flow wp-block-column-is-layout-flow\">\n<h4 class=\"wp-block-heading\" id=\"warum-machen-wir-denn-so-etwas\">Warum machen wir denn so etwas?<\/h4>\n\n\n\n<h5 class=\"wp-block-heading\" id=\"10-antworten-auf-eine-ganz-einfache-frage\">10 Antworten auf eine ganz einfache Frage:<\/h5>\n\n\n\n<ol class=\"wp-block-list\"><li>um Spa\u00df zu haben<\/li><li>um neue Leute kennenzulernen<\/li><li>weil&#8217;s das lockerste Training ist<\/li><li>weil man etwas Besonderes kann<\/li><li>um sich mit Freunden zu treffen<\/li><li>um nicht zu Hause zu hocken<\/li><li>meine Decke zu Hause ist zu niedrig<\/li><li>wir machen lustige Nummern, die sind immer ein bisschen chaotisch, aber sie machen viel Spa\u00df und das Publikum findet sie immer ganz cool.<\/li><li>weil wir beim Training auch immer ein paar coole Jonglierspiele spielen. Da gibt&#8217;s Volleyclub, das ist so ein bisschen wie Volleyball, aber mit Keulen. Und vor allem spielen wir Battle. Battle hei\u00dft, dass wir laute Musik anmachen, am liebsten &#8222;Smack my bitch up&#8220; von Prodigy, und dann jonglieren alle B\u00e4lle und Keulen, man darf sich anrempeln und so weiter, und wer \u00fcbrig bleibt, hat gewonnen.<\/li><li>Au\u00dferdem ist bei uns im Training auch immer Platz, um zum Pennymarkt gegen\u00fcber zu gehen oder Basketball zu spielen oder im Sommer eine Wasserschlacht zu machen.<\/li><\/ol>\n\n\n\n<p>Noch was? I&#8217;m gonna send him to outa space &#8211; to find another race &#8211; die Erkl\u00e4rung hierzu gibt&#8217;s <a href=\"https:\/\/juxirkus.de\/juxirkus\/trainingsplan\/\">Montags<\/a> gegen 19 Uhr und <a href=\"https:\/\/juxirkus.de\/juxirkus\/trainingsplan\/\">Freitags<\/a> gegen 18 Uhr im Juxi-Zelt. Trainiert wird die Jongliergruppe von <a title=\"TrainerInnen und MitarbeiterInnen\" href=\"https:\/\/juxirkus.de\/juxirkus\/team\/\">Alexander<\/a>.<\/p>\n<\/div>\n<\/div>\n\n\n\n<p><\/p>\n","protected":false},"excerpt":{"rendered":"<p>In unserer Gruppe sind etwa 20 Personen; wir verstehen uns eigentlich alle ganz gut, auch wenn wir gerne gegenseitig auf uns rumhacken [&hellip;]<\/p>\n","protected":false},"author":9,"featured_media":0,"parent":0,"menu_order":0,"comment_status":"closed","ping_status":"closed","template":"page-templates\/page_fullwidth.php","meta":{"_uag_custom_page_level_css":"","footnotes":""},"class_list":["post-32","page","type-page","status-publish","hentry"],"uagb_featured_image_src":{"full":false,"thumbnail":false,"medium":false,"medium_large":false,"large":false,"1536x1536":false,"2048x2048":false,"sydney-large-thumb":false,"sydney-medium-thumb":false,"sydney-small-thumb":false,"sydney-service-thumb":false,"sydney-mas-thumb":false},"uagb_author_info":{"display_name":"arabella","author_link":"https:\/\/juxirkus.de\/juxirkus\/author\/arabella\/"},"uagb_comment_info":0,"uagb_excerpt":"In unserer Gruppe sind etwa 20 Personen; wir verstehen uns eigentlich alle ganz gut, auch wenn wir gerne gegenseitig auf uns rumhacken [&hellip;]","_links":{"self":[{"href":"https:\/\/juxirkus.de\/juxirkus\/wp-json\/wp\/v2\/pages\/32","targetHints":{"allow":["GET"]}}],"collection":[{"href":"https:\/\/juxirkus.de\/juxirkus\/wp-json\/wp\/v2\/pages"}],"about":[{"href":"https:\/\/juxirkus.de\/juxirkus\/wp-json\/wp\/v2\/types\/page"}],"author":[{"embeddable":true,"href":"https:\/\/juxirkus.de\/juxirkus\/wp-json\/wp\/v2\/users\/9"}],"replies":[{"embeddable":true,"href":"https:\/\/juxirkus.de\/juxirkus\/wp-json\/wp\/v2\/comments?post=32"}],"version-history":[{"count":9,"href":"https:\/\/juxirkus.de\/juxirkus\/wp-json\/wp\/v2\/pages\/32\/revisions"}],"predecessor-version":[{"id":4462,"href":"https:\/\/juxirkus.de\/juxirkus\/wp-json\/wp\/v2\/pages\/32\/revisions\/4462"}],"wp:attachment":[{"href":"https:\/\/juxirkus.de\/juxirkus\/wp-json\/wp\/v2\/media?parent=32"}],"curies":[{"name":"wp","href":"https:\/\/api.w.org\/{rel}","templated":true}]}}