{"id":36,"date":"2015-06-26T12:18:11","date_gmt":"2015-06-26T10:18:11","guid":{"rendered":"http:\/\/juxirkus.de\/juxirkus\/?page_id=36"},"modified":"2023-02-06T14:16:21","modified_gmt":"2023-02-06T13:16:21","slug":"kautschuk","status":"publish","type":"page","link":"https:\/\/juxirkus.de\/juxirkus\/kautschuk\/","title":{"rendered":"Kautschuk \u2013 h\u00e4h, was ist denn Kautschuk?"},"content":{"rendered":"\n<div class=\"wp-block-columns is-layout-flex wp-container-core-columns-is-layout-28f84493 wp-block-columns-is-layout-flex\">\n<div class=\"wp-block-column is-layout-flow wp-block-column-is-layout-flow\">\n<figure class=\"wp-block-image size-full is-style-default\"><img loading=\"lazy\" decoding=\"async\" width=\"900\" height=\"600\" src=\"https:\/\/juxirkus.de\/juxirkus\/wp-content\/uploads\/2019\/12\/juxi_menschenskinder_Kautschuk_1.jpg\" alt=\"\" class=\"wp-image-3245\" srcset=\"https:\/\/juxirkus.de\/juxirkus\/wp-content\/uploads\/2019\/12\/juxi_menschenskinder_Kautschuk_1.jpg 900w, https:\/\/juxirkus.de\/juxirkus\/wp-content\/uploads\/2019\/12\/juxi_menschenskinder_Kautschuk_1-400x267.jpg 400w, https:\/\/juxirkus.de\/juxirkus\/wp-content\/uploads\/2019\/12\/juxi_menschenskinder_Kautschuk_1-768x512.jpg 768w, https:\/\/juxirkus.de\/juxirkus\/wp-content\/uploads\/2019\/12\/juxi_menschenskinder_Kautschuk_1-830x553.jpg 830w, https:\/\/juxirkus.de\/juxirkus\/wp-content\/uploads\/2019\/12\/juxi_menschenskinder_Kautschuk_1-230x153.jpg 230w, https:\/\/juxirkus.de\/juxirkus\/wp-content\/uploads\/2019\/12\/juxi_menschenskinder_Kautschuk_1-350x233.jpg 350w, https:\/\/juxirkus.de\/juxirkus\/wp-content\/uploads\/2019\/12\/juxi_menschenskinder_Kautschuk_1-480x320.jpg 480w\" sizes=\"auto, (max-width: 900px) 100vw, 900px\" \/><figcaption class=\"wp-element-caption\">Auftritt der Kautschuk-Gruppe bei der Premiere des Winterprogramms 2019 &#8222;Menschenskinder! Sensationen!&#8220;  <\/figcaption><\/figure>\n<\/div>\n\n\n\n<div class=\"wp-block-column is-layout-flow wp-block-column-is-layout-flow\">\n<p>Kautschuk nennen wir im Juxi die Disziplin, die in der Artistik sonst auch z.B. als &#8222;Kontorsion&#8220; bekannt ist und die ArtistInnen auch als &#8222;Schlangenmenschen&#8220;. Das hei\u00dft es handelt sich um eine Form der Artistik, bei der es vor allem darauf ankommt, den R\u00fccken weich und geschmeidig zu machen. Die Kautschukm\u00e4dchen bei uns &#8222;schmiegen und biegen&#8220;. Nun, ihr seht ja auf dem Foto, was gemeint ist.<\/p>\n\n\n\n<p>Wer Kautschuk machen m\u00f6chte, sollte zun\u00e4chst einmal Erfahrung mit andern akrobatischen Disziplinen gesammelt haben. Kautschuk findet am Freitag um 17:30 Uhr statt. Sprecht mit der Trainerin <a href=\"https:\/\/juxirkus.de\/juxirkus\/team\/\" data-type=\"page\" data-id=\"572\">Milla<\/a>, wenn es euch interessiert, auch einmal zu schmiegen und biegen.<\/p>\n<\/div>\n<\/div>\n","protected":false},"excerpt":{"rendered":"<p>Kautschuk nennen wir im Juxi die Disziplin, die in der Artistik sonst auch z.B. als &#8222;Kontorsion&#8220; bekannt ist und die ArtistInnen auch [&hellip;]<\/p>\n","protected":false},"author":9,"featured_media":0,"parent":0,"menu_order":0,"comment_status":"closed","ping_status":"closed","template":"page-templates\/page_fullwidth.php","meta":{"_uag_custom_page_level_css":"","footnotes":""},"class_list":["post-36","page","type-page","status-publish","hentry"],"uagb_featured_image_src":{"full":false,"thumbnail":false,"medium":false,"medium_large":false,"large":false,"1536x1536":false,"2048x2048":false,"sydney-large-thumb":false,"sydney-medium-thumb":false,"sydney-small-thumb":false,"sydney-service-thumb":false,"sydney-mas-thumb":false},"uagb_author_info":{"display_name":"arabella","author_link":"https:\/\/juxirkus.de\/juxirkus\/author\/arabella\/"},"uagb_comment_info":0,"uagb_excerpt":"Kautschuk nennen wir im Juxi die Disziplin, die in der Artistik sonst auch z.B. als &#8222;Kontorsion&#8220; bekannt ist und die ArtistInnen auch [&hellip;]","_links":{"self":[{"href":"https:\/\/juxirkus.de\/juxirkus\/wp-json\/wp\/v2\/pages\/36","targetHints":{"allow":["GET"]}}],"collection":[{"href":"https:\/\/juxirkus.de\/juxirkus\/wp-json\/wp\/v2\/pages"}],"about":[{"href":"https:\/\/juxirkus.de\/juxirkus\/wp-json\/wp\/v2\/types\/page"}],"author":[{"embeddable":true,"href":"https:\/\/juxirkus.de\/juxirkus\/wp-json\/wp\/v2\/users\/9"}],"replies":[{"embeddable":true,"href":"https:\/\/juxirkus.de\/juxirkus\/wp-json\/wp\/v2\/comments?post=36"}],"version-history":[{"count":8,"href":"https:\/\/juxirkus.de\/juxirkus\/wp-json\/wp\/v2\/pages\/36\/revisions"}],"predecessor-version":[{"id":4768,"href":"https:\/\/juxirkus.de\/juxirkus\/wp-json\/wp\/v2\/pages\/36\/revisions\/4768"}],"wp:attachment":[{"href":"https:\/\/juxirkus.de\/juxirkus\/wp-json\/wp\/v2\/media?parent=36"}],"curies":[{"name":"wp","href":"https:\/\/api.w.org\/{rel}","templated":true}]}}