{"id":4826,"date":"2023-06-21T21:41:49","date_gmt":"2023-06-21T19:41:49","guid":{"rendered":"https:\/\/juxirkus.de\/juxirkus\/?page_id=4826"},"modified":"2023-06-28T17:51:47","modified_gmt":"2023-06-28T15:51:47","slug":"juxi-merchandise","status":"publish","type":"page","link":"https:\/\/juxirkus.de\/juxirkus\/juxi-merchandise\/","title":{"rendered":"Juxi-Merchandise"},"content":{"rendered":"\n<p>Hier geht es zu unserem Juxi-Merchandise-Shop: <\/p>\n\n\n\n<p><a href=\"https:\/\/juxirkus.myspreadshop.de\/\" target=\"_blank\" rel=\"noreferrer noopener\">https:\/\/juxirkus.myspreadshop.de\/<\/a><\/p>\n\n\n\n<p>Wir haben immer wieder Anfragen f\u00fcr Juxi-Shirts erhalten, deshalb haben wir einen Juxi-Shop er\u00f6ffnet. Hier k\u00f6nnt ihr Juxi-Shirts\/Beutel und Pullis bestellen.<\/p>\n\n\n\n<p>Der Shop ist ein Non-Profit-Shop und der Juxirkus verdient nichts an den Verk\u00e4ufen.<\/p>\n","protected":false},"excerpt":{"rendered":"<p>Hier geht es zu unserem Juxi-Merchandise-Shop: https:\/\/juxirkus.myspreadshop.de\/ Wir haben immer wieder Anfragen f\u00fcr Juxi-Shirts erhalten, deshalb haben wir einen Juxi-Shop er\u00f6ffnet. Hier [&hellip;]<\/p>\n","protected":false},"author":9,"featured_media":0,"parent":0,"menu_order":0,"comment_status":"closed","ping_status":"closed","template":"","meta":{"_uag_custom_page_level_css":"","footnotes":""},"class_list":["post-4826","page","type-page","status-publish","hentry"],"uagb_featured_image_src":{"full":false,"thumbnail":false,"medium":false,"medium_large":false,"large":false,"1536x1536":false,"2048x2048":false,"sydney-large-thumb":false,"sydney-medium-thumb":false,"sydney-small-thumb":false,"sydney-service-thumb":false,"sydney-mas-thumb":false},"uagb_author_info":{"display_name":"arabella","author_link":"https:\/\/juxirkus.de\/juxirkus\/author\/arabella\/"},"uagb_comment_info":0,"uagb_excerpt":"Hier geht es zu unserem Juxi-Merchandise-Shop: https:\/\/juxirkus.myspreadshop.de\/ Wir haben immer wieder Anfragen f\u00fcr Juxi-Shirts erhalten, deshalb haben wir einen Juxi-Shop er\u00f6ffnet. Hier [&hellip;]","_links":{"self":[{"href":"https:\/\/juxirkus.de\/juxirkus\/wp-json\/wp\/v2\/pages\/4826","targetHints":{"allow":["GET"]}}],"collection":[{"href":"https:\/\/juxirkus.de\/juxirkus\/wp-json\/wp\/v2\/pages"}],"about":[{"href":"https:\/\/juxirkus.de\/juxirkus\/wp-json\/wp\/v2\/types\/page"}],"author":[{"embeddable":true,"href":"https:\/\/juxirkus.de\/juxirkus\/wp-json\/wp\/v2\/users\/9"}],"replies":[{"embeddable":true,"href":"https:\/\/juxirkus.de\/juxirkus\/wp-json\/wp\/v2\/comments?post=4826"}],"version-history":[{"count":6,"href":"https:\/\/juxirkus.de\/juxirkus\/wp-json\/wp\/v2\/pages\/4826\/revisions"}],"predecessor-version":[{"id":4837,"href":"https:\/\/juxirkus.de\/juxirkus\/wp-json\/wp\/v2\/pages\/4826\/revisions\/4837"}],"wp:attachment":[{"href":"https:\/\/juxirkus.de\/juxirkus\/wp-json\/wp\/v2\/media?parent=4826"}],"curies":[{"name":"wp","href":"https:\/\/api.w.org\/{rel}","templated":true}]}}