{"id":4961,"date":"2024-04-12T13:27:38","date_gmt":"2024-04-12T11:27:38","guid":{"rendered":"https:\/\/juxirkus.de\/juxirkus\/?page_id=4961"},"modified":"2024-04-12T13:27:44","modified_gmt":"2024-04-12T11:27:44","slug":"hula-hoop","status":"publish","type":"page","link":"https:\/\/juxirkus.de\/juxirkus\/hula-hoop\/","title":{"rendered":"Hula Hoop"},"content":{"rendered":"\n<p>Es ist ein unbeschreiblich erf\u00fcllendes Gef\u00fchl, etwas f\u00fcr sich zu finden, das einen so sehr ergreift und lebendig f\u00fchlen l\u00e4sst. Meine kreisf\u00f6rmigen Reifen und stets treue Begleiterinnen sind f\u00fcr mich nicht mehr wegzudenken.<\/p>\n\n\n\n<p>Sie sind eine Leidenschaft, die t\u00e4glich dazu aufruft, erf\u00fcllt zu werden. Wie eine beste Freundin, die man vermisst, wenn sie mal nicht da ist. Genau dieses Gef\u00fchl, zusammen mit all meinen eigenen Erfahrungen, meinem Wissen und meinem K\u00f6nnen, welche ich im Laufe der Zeit rund um diese wundervollen Ringe gesammelt habe, m\u00f6chte ich nun liebend gerne mit euch teilen.<\/p>\n\n\n\n<p>Der Hoop-Tanz stammt urspr\u00fcnglich von indianischen St\u00e4mmen, welche den Tanz mit dem Reifen nutzten um Geschichten zu erz\u00e4hlen.&nbsp;<\/p>\n\n\n\n<p>Der Tanz mit dem Reifen bringt ganz viel Lebensfreude und Kreativit\u00e4t in den Alltag.&nbsp;<\/p>\n\n\n\n<p>Hoop-Tanz besteht nicht nur darin, den Reifen am Bauch zu schwingen, man kann mit dem Reifen auch getrennt vom K\u00f6rper spielen, unglaublich viel entdecken und Spa\u00df haben.&nbsp;<\/p>\n\n\n\n<p>In diesem Kurs lernen wir die ersten Schritte zum Bauch-Hooping, wie wir den Reifen auf der Brust und auf den Schultern halten k\u00f6nnen oder sogar an den Beinen. Sowie Tricks au\u00dferhalb des K\u00f6rpers. Darauf aufbauend werden wir gemeinsam tolle und aufregende Choreografien erarbeiten.<\/p>\n\n\n\n<p>Hula Hoop wird unterrichtet von <a href=\"https:\/\/juxirkus.de\/juxirkus\/team\/\" data-type=\"page\" data-id=\"572\">Toni<\/a>.<\/p>\n","protected":false},"excerpt":{"rendered":"<p>Es ist ein unbeschreiblich erf\u00fcllendes Gef\u00fchl, etwas f\u00fcr sich zu finden, das einen so sehr ergreift und lebendig f\u00fchlen l\u00e4sst. Meine kreisf\u00f6rmigen [&hellip;]<\/p>\n","protected":false},"author":8,"featured_media":0,"parent":0,"menu_order":0,"comment_status":"closed","ping_status":"closed","template":"","meta":{"_uag_custom_page_level_css":"","footnotes":""},"class_list":["post-4961","page","type-page","status-publish","hentry"],"uagb_featured_image_src":{"full":false,"thumbnail":false,"medium":false,"medium_large":false,"large":false,"1536x1536":false,"2048x2048":false,"sydney-large-thumb":false,"sydney-medium-thumb":false,"sydney-small-thumb":false,"sydney-service-thumb":false,"sydney-mas-thumb":false},"uagb_author_info":{"display_name":"Ijux","author_link":"https:\/\/juxirkus.de\/juxirkus\/author\/ijux\/"},"uagb_comment_info":0,"uagb_excerpt":"Es ist ein unbeschreiblich erf\u00fcllendes Gef\u00fchl, etwas f\u00fcr sich zu finden, das einen so sehr ergreift und lebendig f\u00fchlen l\u00e4sst. Meine kreisf\u00f6rmigen [&hellip;]","_links":{"self":[{"href":"https:\/\/juxirkus.de\/juxirkus\/wp-json\/wp\/v2\/pages\/4961","targetHints":{"allow":["GET"]}}],"collection":[{"href":"https:\/\/juxirkus.de\/juxirkus\/wp-json\/wp\/v2\/pages"}],"about":[{"href":"https:\/\/juxirkus.de\/juxirkus\/wp-json\/wp\/v2\/types\/page"}],"author":[{"embeddable":true,"href":"https:\/\/juxirkus.de\/juxirkus\/wp-json\/wp\/v2\/users\/8"}],"replies":[{"embeddable":true,"href":"https:\/\/juxirkus.de\/juxirkus\/wp-json\/wp\/v2\/comments?post=4961"}],"version-history":[{"count":1,"href":"https:\/\/juxirkus.de\/juxirkus\/wp-json\/wp\/v2\/pages\/4961\/revisions"}],"predecessor-version":[{"id":4962,"href":"https:\/\/juxirkus.de\/juxirkus\/wp-json\/wp\/v2\/pages\/4961\/revisions\/4962"}],"wp:attachment":[{"href":"https:\/\/juxirkus.de\/juxirkus\/wp-json\/wp\/v2\/media?parent=4961"}],"curies":[{"name":"wp","href":"https:\/\/api.w.org\/{rel}","templated":true}]}}