{"id":50,"date":"2015-06-26T12:48:43","date_gmt":"2015-06-26T10:48:43","guid":{"rendered":"http:\/\/juxirkus.de\/juxirkus\/?page_id=50"},"modified":"2023-02-06T14:12:23","modified_gmt":"2023-02-06T13:12:23","slug":"leiter-akrobatik","status":"publish","type":"page","link":"https:\/\/juxirkus.de\/juxirkus\/leiter-akrobatik\/","title":{"rendered":"Akro-Leiter \u2013 ja, genau. Oder auch Leiterakro."},"content":{"rendered":"\n<div class=\"wp-block-columns is-layout-flex wp-container-core-columns-is-layout-28f84493 wp-block-columns-is-layout-flex\">\n<div class=\"wp-block-column is-layout-flow wp-block-column-is-layout-flow\">\n<figure class=\"wp-block-image size-full is-style-default\"><img loading=\"lazy\" decoding=\"async\" width=\"900\" height=\"600\" src=\"https:\/\/juxirkus.de\/juxirkus\/wp-content\/uploads\/2019\/12\/juxi_menschenskinder_Akroleiter_2.jpg\" alt=\"\" class=\"wp-image-3234\" srcset=\"https:\/\/juxirkus.de\/juxirkus\/wp-content\/uploads\/2019\/12\/juxi_menschenskinder_Akroleiter_2.jpg 900w, https:\/\/juxirkus.de\/juxirkus\/wp-content\/uploads\/2019\/12\/juxi_menschenskinder_Akroleiter_2-400x267.jpg 400w, https:\/\/juxirkus.de\/juxirkus\/wp-content\/uploads\/2019\/12\/juxi_menschenskinder_Akroleiter_2-768x512.jpg 768w, https:\/\/juxirkus.de\/juxirkus\/wp-content\/uploads\/2019\/12\/juxi_menschenskinder_Akroleiter_2-830x553.jpg 830w, https:\/\/juxirkus.de\/juxirkus\/wp-content\/uploads\/2019\/12\/juxi_menschenskinder_Akroleiter_2-230x153.jpg 230w, https:\/\/juxirkus.de\/juxirkus\/wp-content\/uploads\/2019\/12\/juxi_menschenskinder_Akroleiter_2-350x233.jpg 350w, https:\/\/juxirkus.de\/juxirkus\/wp-content\/uploads\/2019\/12\/juxi_menschenskinder_Akroleiter_2-480x320.jpg 480w\" sizes=\"auto, (max-width: 900px) 100vw, 900px\" \/><figcaption class=\"wp-element-caption\">Auftritt der Leiterakrobatik-Gruppe bei der Premiere des Winterprogramms 2019 &#8222;Menschenskinder! Sensationen!&#8220;<\/figcaption><\/figure>\n<\/div>\n\n\n\n<div class=\"wp-block-column is-layout-flow wp-block-column-is-layout-flow\">\n<p>Also Akrobatik \u2013 mit Leitern. Leiter-Akrobatik bedeutet vor allem, Pyramiden zu bauen, und damit die Pyramiden ein bisschen gr\u00f6\u00dfer und h\u00f6her werden, baut man sie nicht nur aus Menschen, sondern auch noch aus Leitern. Ihr seht das auf dem Photo.<\/p>\n\n\n\n<p>Bei Leiterakro hat sich in den letzten Jahren die Tradition herausgebildet, dass die Nummern auch immer eine kleine Geschichte erz\u00e4hlen \u2013 von Feuerwehrleuten, von Stars und Bodyguards, und meistens haben die Geschichten auch irgendwie etwas mit M\u00e4dchen und Jungs zu tun&#8230; Wie gut, dass wir eine gemischte Gruppe sind.<\/p>\n\n\n\n<p>Leiter-Akrobatik wird von <a href=\"https:\/\/juxirkus.de\/juxirkus\/team\/\" data-type=\"page\" data-id=\"572\">Carlotta<\/a> trainiert und findet am <a href=\"https:\/\/juxirkus.de\/juxirkus\/trainingsplan\/\">Dienstag <\/a>statt.<\/p>\n<\/div>\n<\/div>\n","protected":false},"excerpt":{"rendered":"<p>Also Akrobatik \u2013 mit Leitern. Leiter-Akrobatik bedeutet vor allem, Pyramiden zu bauen, und damit die Pyramiden ein bisschen gr\u00f6\u00dfer und h\u00f6her werden, [&hellip;]<\/p>\n","protected":false},"author":9,"featured_media":0,"parent":0,"menu_order":0,"comment_status":"closed","ping_status":"closed","template":"page-templates\/page_fullwidth.php","meta":{"_uag_custom_page_level_css":"","footnotes":""},"class_list":["post-50","page","type-page","status-publish","hentry"],"uagb_featured_image_src":{"full":false,"thumbnail":false,"medium":false,"medium_large":false,"large":false,"1536x1536":false,"2048x2048":false,"sydney-large-thumb":false,"sydney-medium-thumb":false,"sydney-small-thumb":false,"sydney-service-thumb":false,"sydney-mas-thumb":false},"uagb_author_info":{"display_name":"arabella","author_link":"https:\/\/juxirkus.de\/juxirkus\/author\/arabella\/"},"uagb_comment_info":0,"uagb_excerpt":"Also Akrobatik \u2013 mit Leitern. Leiter-Akrobatik bedeutet vor allem, Pyramiden zu bauen, und damit die Pyramiden ein bisschen gr\u00f6\u00dfer und h\u00f6her werden, [&hellip;]","_links":{"self":[{"href":"https:\/\/juxirkus.de\/juxirkus\/wp-json\/wp\/v2\/pages\/50","targetHints":{"allow":["GET"]}}],"collection":[{"href":"https:\/\/juxirkus.de\/juxirkus\/wp-json\/wp\/v2\/pages"}],"about":[{"href":"https:\/\/juxirkus.de\/juxirkus\/wp-json\/wp\/v2\/types\/page"}],"author":[{"embeddable":true,"href":"https:\/\/juxirkus.de\/juxirkus\/wp-json\/wp\/v2\/users\/9"}],"replies":[{"embeddable":true,"href":"https:\/\/juxirkus.de\/juxirkus\/wp-json\/wp\/v2\/comments?post=50"}],"version-history":[{"count":9,"href":"https:\/\/juxirkus.de\/juxirkus\/wp-json\/wp\/v2\/pages\/50\/revisions"}],"predecessor-version":[{"id":4764,"href":"https:\/\/juxirkus.de\/juxirkus\/wp-json\/wp\/v2\/pages\/50\/revisions\/4764"}],"wp:attachment":[{"href":"https:\/\/juxirkus.de\/juxirkus\/wp-json\/wp\/v2\/media?parent=50"}],"curies":[{"name":"wp","href":"https:\/\/api.w.org\/{rel}","templated":true}]}}