{"id":54,"date":"2015-06-26T12:50:07","date_gmt":"2015-06-26T10:50:07","guid":{"rendered":"http:\/\/juxirkus.de\/juxirkus\/?page_id=54"},"modified":"2022-02-05T18:49:57","modified_gmt":"2022-02-05T17:49:57","slug":"antipoden-akrobatik","status":"publish","type":"page","link":"https:\/\/juxirkus.de\/juxirkus\/antipoden-akrobatik\/","title":{"rendered":"Antipoden-Akrobatik"},"content":{"rendered":"\n<h2 class=\"wp-block-heading\" id=\"antipoden-das-sind-die-die-unter-unseren-fussen-sind\">Antipoden \u2013 das sind die, die unter unseren F\u00fc\u00dfen sind<\/h2>\n\n\n\n<div class=\"wp-block-columns is-layout-flex wp-container-core-columns-is-layout-28f84493 wp-block-columns-is-layout-flex\">\n<div class=\"wp-block-column is-layout-flow wp-block-column-is-layout-flow\">\n<figure class=\"wp-block-image size-full is-style-default\"><img loading=\"lazy\" decoding=\"async\" width=\"900\" height=\"600\" src=\"https:\/\/juxirkus.de\/juxirkus\/wp-content\/uploads\/2019\/12\/juxi_menschenskinder_Antipoden_1.jpg\" alt=\"\" class=\"wp-image-3237\" srcset=\"https:\/\/juxirkus.de\/juxirkus\/wp-content\/uploads\/2019\/12\/juxi_menschenskinder_Antipoden_1.jpg 900w, https:\/\/juxirkus.de\/juxirkus\/wp-content\/uploads\/2019\/12\/juxi_menschenskinder_Antipoden_1-400x267.jpg 400w, https:\/\/juxirkus.de\/juxirkus\/wp-content\/uploads\/2019\/12\/juxi_menschenskinder_Antipoden_1-768x512.jpg 768w, https:\/\/juxirkus.de\/juxirkus\/wp-content\/uploads\/2019\/12\/juxi_menschenskinder_Antipoden_1-830x553.jpg 830w, https:\/\/juxirkus.de\/juxirkus\/wp-content\/uploads\/2019\/12\/juxi_menschenskinder_Antipoden_1-230x153.jpg 230w, https:\/\/juxirkus.de\/juxirkus\/wp-content\/uploads\/2019\/12\/juxi_menschenskinder_Antipoden_1-350x233.jpg 350w, https:\/\/juxirkus.de\/juxirkus\/wp-content\/uploads\/2019\/12\/juxi_menschenskinder_Antipoden_1-480x320.jpg 480w\" sizes=\"auto, (max-width: 900px) 100vw, 900px\" \/><\/figure>\n<\/div>\n\n\n\n<div class=\"wp-block-column is-layout-flow wp-block-column-is-layout-flow\">\n<p>Im Zirkus bezeichnet Antipoden eine bestimmte Art der Akrobatik, die ihr hier auf den Photos wahrscheinlich schon recht gut erkennen k\u00f6nnt. Bei den Antipoden gibt es die so genannten &#8222;Unterm\u00e4nner&#8220; oder \u2013 da im Juxirkus zur Zeit nur M\u00e4dchen Antipoden machen \u2013 &#8222;Unterfrauen&#8220;, die bei vielen Figuren auf dem R\u00fccken liegen und ihre F\u00fc\u00dfe oder H\u00e4nde in die H\u00f6he strecken, und eben die &#8222;Oberm\u00e4nner&#8220; bzw. &#8222;Oberfrauen&#8220;, die auf diesen F\u00fc\u00dfen und H\u00e4nden liegen, sitzen oder stehen. Antipodenakrobatik hat viel mit Balance zu tun, mit K\u00f6rperspannung und vor allem auch damit, sich auf die andere einzustellen, zu vertrauen und zu kommunizieren.<\/p>\n\n\n\n<h4 class=\"wp-block-heading\" id=\"es-gibt-im-juxi-zwei-antipodengruppen\">Es gibt im Juxi zwei Antipodengruppen<\/h4>\n\n\n\n<p><a href=\"https:\/\/juxirkus.de\/juxirkus\/mitmachen\/trainingsplan\/\">Mittwoch <\/a>nachmittag trainiert eine Gruppe mit <a href=\"https:\/\/juxirkus.de\/juxirkus\/team\/\">Leilah <\/a>und <a href=\"https:\/\/juxirkus.de\/juxirkus\/team\/\">Rebecca<\/a>, am <a href=\"https:\/\/juxirkus.de\/juxirkus\/mitmachen\/trainingsplan\/\">Donnerstag <\/a>am fr\u00fchen Abend eine Gruppe mit <a href=\"https:\/\/juxirkus.de\/juxirkus\/team\/\">Ronja<\/a>. Schaut&#8217;s euch einfach einmal an.<\/p>\n<\/div>\n<\/div>\n","protected":false},"excerpt":{"rendered":"<p>Antipoden \u2013 das sind die, die unter unseren F\u00fc\u00dfen sind Im Zirkus bezeichnet Antipoden eine bestimmte Art der Akrobatik, die ihr hier [&hellip;]<\/p>\n","protected":false},"author":9,"featured_media":0,"parent":0,"menu_order":0,"comment_status":"closed","ping_status":"closed","template":"page-templates\/page_fullwidth.php","meta":{"_uag_custom_page_level_css":"","footnotes":""},"class_list":["post-54","page","type-page","status-publish","hentry"],"uagb_featured_image_src":{"full":false,"thumbnail":false,"medium":false,"medium_large":false,"large":false,"1536x1536":false,"2048x2048":false,"sydney-large-thumb":false,"sydney-medium-thumb":false,"sydney-small-thumb":false,"sydney-service-thumb":false,"sydney-mas-thumb":false},"uagb_author_info":{"display_name":"arabella","author_link":"https:\/\/juxirkus.de\/juxirkus\/author\/arabella\/"},"uagb_comment_info":0,"uagb_excerpt":"Antipoden \u2013 das sind die, die unter unseren F\u00fc\u00dfen sind Im Zirkus bezeichnet Antipoden eine bestimmte Art der Akrobatik, die ihr hier [&hellip;]","_links":{"self":[{"href":"https:\/\/juxirkus.de\/juxirkus\/wp-json\/wp\/v2\/pages\/54","targetHints":{"allow":["GET"]}}],"collection":[{"href":"https:\/\/juxirkus.de\/juxirkus\/wp-json\/wp\/v2\/pages"}],"about":[{"href":"https:\/\/juxirkus.de\/juxirkus\/wp-json\/wp\/v2\/types\/page"}],"author":[{"embeddable":true,"href":"https:\/\/juxirkus.de\/juxirkus\/wp-json\/wp\/v2\/users\/9"}],"replies":[{"embeddable":true,"href":"https:\/\/juxirkus.de\/juxirkus\/wp-json\/wp\/v2\/comments?post=54"}],"version-history":[{"count":7,"href":"https:\/\/juxirkus.de\/juxirkus\/wp-json\/wp\/v2\/pages\/54\/revisions"}],"predecessor-version":[{"id":4453,"href":"https:\/\/juxirkus.de\/juxirkus\/wp-json\/wp\/v2\/pages\/54\/revisions\/4453"}],"wp:attachment":[{"href":"https:\/\/juxirkus.de\/juxirkus\/wp-json\/wp\/v2\/media?parent=54"}],"curies":[{"name":"wp","href":"https:\/\/api.w.org\/{rel}","templated":true}]}}