{"id":572,"date":"2015-08-17T15:17:13","date_gmt":"2015-08-17T13:17:13","guid":{"rendered":"http:\/\/juxirkus.de\/juxirkus\/?page_id=572"},"modified":"2022-02-05T19:01:14","modified_gmt":"2022-02-05T18:01:14","slug":"team","status":"publish","type":"page","link":"https:\/\/juxirkus.de\/juxirkus\/team\/","title":{"rendered":"Team"},"content":{"rendered":"\n<p>Wir stellen uns vor \u2013 von A bis Z:<\/p>\n\n\n<div class=\"tmm tmm_juxi-team\"><div class=\"tmm_5_columns tmm_wrap tmm_theme_f\"><span class=\"tmm_two_containers_tablet\"><\/span><div class=\"tmm_container\"><div class=\"tmm_member\" style=\"border-top:#b22b3c solid 5px;\"><div class=\"tmm_photo tmm_pic_juxi-team_0\" style=\"background: url(https:\/\/juxirkus.de\/juxirkus\/wp-content\/uploads\/2017\/09\/alexander-1-e1610708659623.jpg); margin-left: auto; margin-right:auto; background-size:cover !important;\"><\/div><div class=\"tmm_textblock\"><div class=\"tmm_names\"><span class=\"tmm_fname\">Alexander<\/span> <\/div><div class=\"tmm_desc\" style=\"text-align:\"><p>Mathematiker, Sozialarbeiter, Artistik-Autodidakt; Trainer f\u00fcr Jonglage, Diabolo, Ansagegruppe und die Eiderdownen<\/p><\/div><div class=\"tmm_scblock\"><\/div><\/div><\/div><div class=\"tmm_member\" style=\"border-top:#b22b3c solid 5px;\"><div class=\"tmm_photo tmm_pic_juxi-team_1\" style=\"background: url(https:\/\/juxirkus.de\/juxirkus\/wp-content\/uploads\/2021\/01\/DSC00322-2-scaled.jpg); margin-left: auto; margin-right:auto; background-size:cover !important;\"><\/div><div class=\"tmm_textblock\"><div class=\"tmm_names\"><span class=\"tmm_fname\">Antonia a.k.a. Toni<\/span> <\/div><div class=\"tmm_desc\" style=\"text-align:\"><p>Sozialarbeiterin, Zirkusp\u00e4dagogin, leidenschaftliche Hula Hoop T\u00e4nzerin, Trainerin f\u00fcr die Hula-Hoop Gruppe, den Minizirkus, die Eiderdownen und die Schul-Projektwochen<\/p><\/div><div class=\"tmm_scblock\"><\/div><\/div><\/div><span class=\"tmm_two_containers_tablet\"><\/span><div class=\"tmm_member\" style=\"border-top:#b22b3c solid 5px;\"><div class=\"tmm_photo tmm_pic_juxi-team_2\" style=\"background: url(https:\/\/juxirkus.de\/juxirkus\/wp-content\/uploads\/2020\/01\/apo-e1610708360608.jpg); margin-left: auto; margin-right:auto; background-size:cover !important;\"><\/div><div class=\"tmm_textblock\"><div class=\"tmm_names\"><span class=\"tmm_fname\">Apo<\/span> <\/div><div class=\"tmm_desc\" style=\"text-align:\"><p>genannt Apo, selbst langj\u00e4hriges Juxi-Kind, Jongleuse, Veganerin und Trainerin der Hochseilgruppe<\/p><\/div><div class=\"tmm_scblock\"><\/div><\/div><\/div><div class=\"tmm_member\" style=\"border-top:#b22b3c solid 5px;\"><div class=\"tmm_photo tmm_pic_juxi-team_3\" style=\"background: url(https:\/\/juxirkus.de\/juxirkus\/wp-content\/uploads\/2017\/09\/carlotta-1-e1610708605186.jpg); margin-left: auto; margin-right:auto; background-size:cover !important;\"><\/div><div class=\"tmm_textblock\"><div class=\"tmm_names\"><span class=\"tmm_fname\">Carlotta<\/span> <\/div><div class=\"tmm_desc\" style=\"text-align:\"><p>langj\u00e4hriges Juxikind, temperamentvolle Jongleuse, Erzieherin, trainiert Bauch-Beine-Po, vor allem Leiter-Akrobatik, die Einradgruppen, den Minizirkus und die Kinder unserer Schulkooperationen<\/p><\/div><div class=\"tmm_scblock\"><\/div><\/div><\/div><span class=\"tmm_two_containers_tablet\"><\/span><div class=\"tmm_member\" style=\"border-top:#b22b3c solid 5px;\"><div class=\"tmm_photo tmm_pic_juxi-team_4\" style=\"background: url(https:\/\/juxirkus.de\/juxirkus\/wp-content\/uploads\/2017\/09\/dominik-1-e1610708560657.jpg); margin-left: auto; margin-right:auto; background-size:cover !important;\"><\/div><div class=\"tmm_textblock\"><div class=\"tmm_names\"><span class=\"tmm_fname\">Dominik<\/span> <\/div><div class=\"tmm_desc\" style=\"text-align:\"><p>Dipl. P\u00e4dagoge, im Juxirkus M\u00e4dchen f\u00fcr alles; Trainer f\u00fcr den Mini- und Midizirkus, die Eiderdownen, Trampolin und die Projektwochen<\/p><\/div><div class=\"tmm_scblock\"><\/div><\/div><\/div><\/div><span class=\"tmm_columns_containers_desktop\"><\/span><div class=\"tmm_container\"><div class=\"tmm_member\" style=\"border-top:#b22b3c solid 5px;\"><div class=\"tmm_photo tmm_pic_juxi-team_5\" style=\"background: url(https:\/\/juxirkus.de\/juxirkus\/wp-content\/uploads\/2021\/01\/Emily-neu.jpg); margin-left: auto; margin-right:auto; background-size:cover !important;\"><\/div><div class=\"tmm_textblock\"><div class=\"tmm_names\"><span class=\"tmm_fname\">Emily<\/span> <\/div><div class=\"tmm_desc\" style=\"text-align:\"><p>Ehemaliges Juxi-Kind, heute Trainerin der Gruppe Trampolin-Fortgeschrittene<\/p><\/div><div class=\"tmm_scblock\"><\/div><\/div><\/div><span class=\"tmm_two_containers_tablet\"><\/span><div class=\"tmm_member\" style=\"border-top:#b22b3c solid 5px;\"><div class=\"tmm_photo tmm_pic_juxi-team_6\" style=\"background: url(https:\/\/juxirkus.de\/juxirkus\/wp-content\/uploads\/2021\/01\/irma-neu.jpg); margin-left: auto; margin-right:auto; background-size:cover !important;\"><\/div><div class=\"tmm_textblock\"><div class=\"tmm_names\"><span class=\"tmm_fname\">Irma<\/span> <\/div><div class=\"tmm_desc\" style=\"text-align:\"><p>Langj\u00e4hriges Juxi-Kind und heute Trainerin der Kugelgruppe<\/p><\/div><div class=\"tmm_scblock\"><\/div><\/div><\/div><div class=\"tmm_member\" style=\"border-top:#b22b3c solid 5px;\"><div class=\"tmm_photo tmm_pic_juxi-team_7\" style=\"background: url(https:\/\/juxirkus.de\/juxirkus\/wp-content\/uploads\/2017\/09\/julia-1-e1610708520523.jpg); margin-left: auto; margin-right:auto; background-size:cover !important;\"><\/div><div class=\"tmm_textblock\"><div class=\"tmm_names\"><span class=\"tmm_fname\">Julia<\/span> <\/div><div class=\"tmm_desc\" style=\"text-align:\"><p>Psychologin, Lerntherapeutin, akrobatikaffin; im Juxirkus Trainerin f\u00fcr Trapez<\/p><\/div><div class=\"tmm_scblock\"><\/div><\/div><\/div><span class=\"tmm_two_containers_tablet\"><\/span><div class=\"tmm_member\" style=\"border-top:#b22b3c solid 5px;\"><div class=\"tmm_photo tmm_pic_juxi-team_8\" style=\"background: url(https:\/\/juxirkus.de\/juxirkus\/wp-content\/uploads\/2022\/02\/klara1.jpg); margin-left: auto; margin-right:auto; background-size:cover !important;\"><\/div><div class=\"tmm_textblock\"><div class=\"tmm_names\"><span class=\"tmm_fname\">Klara<\/span> <\/div><div class=\"tmm_desc\" style=\"text-align:\"><p>Gerne in der ganzen Welt unterwegs, Naturmensch, langj\u00e4hriges Juxikind bei Akro-Leiter, Trapez, Antipoden; Trainerin f\u00fcr Akrobatik Anf\u00e4nger<\/p><\/div><div class=\"tmm_scblock\"><\/div><\/div><\/div><div class=\"tmm_member\" style=\"border-top:#b22b3c solid 5px;\"><div class=\"tmm_photo tmm_pic_juxi-team_9\" style=\"background: url(https:\/\/juxirkus.de\/juxirkus\/wp-content\/uploads\/2017\/09\/leilah-1-e1610708469724.jpg); margin-left: auto; margin-right:auto; background-size:cover !important;\"><\/div><div class=\"tmm_textblock\"><div class=\"tmm_names\"><span class=\"tmm_fname\">Leilah<\/span> <\/div><div class=\"tmm_desc\" style=\"text-align:\"><p>Langj\u00e4hriges Juxikind, Trainerin f\u00fcr Antipoden-Akrobatik<\/p><\/div><div class=\"tmm_scblock\"><\/div><\/div><\/div><span class=\"tmm_two_containers_tablet\"><\/span><\/div><span class=\"tmm_columns_containers_desktop\"><\/span><div class=\"tmm_container\"><div class=\"tmm_member\" style=\"border-top:#b22b3c solid 5px;\"><div class=\"tmm_photo tmm_pic_juxi-team_10\" style=\"background: url(https:\/\/juxirkus.de\/juxirkus\/wp-content\/uploads\/2021\/01\/martha-neu.jpg); margin-left: auto; margin-right:auto; background-size:cover !important;\"><\/div><div class=\"tmm_textblock\"><div class=\"tmm_names\"><span class=\"tmm_fname\">Martha<\/span> <\/div><div class=\"tmm_desc\" style=\"text-align:\"><p>Ehemaliges Juxi-Kind, Luftartistin, Jongleurin, heute Trainerin der Kugelgruppe<\/p><\/div><div class=\"tmm_scblock\"><\/div><\/div><\/div><div class=\"tmm_member\" style=\"border-top:#b22b3c solid 5px;\"><div class=\"tmm_photo tmm_pic_juxi-team_11\" style=\"background: url(https:\/\/juxirkus.de\/juxirkus\/wp-content\/uploads\/2025\/01\/IMG-20250129-WA0000sw.jpg); margin-left: auto; margin-right:auto; background-size:cover !important;\"><\/div><div class=\"tmm_textblock\"><div class=\"tmm_names\"><span class=\"tmm_fname\">Mike<\/span> <\/div><div class=\"tmm_desc\" style=\"text-align:\"><p>Unser Handwerker Mike war ganz in den Anfangsjahren des Juxirkus selbst Juxi-Kind. Heute k\u00fcmmert er sich um alles, was an Reparaturen und Unterhalt an unserem Juxi-Zelt anf\u00e4llt.<\/p><\/div><div class=\"tmm_scblock\"><\/div><\/div><\/div><span class=\"tmm_two_containers_tablet\"><\/span><div class=\"tmm_member\" style=\"border-top:#b22b3c solid 5px;\"><div class=\"tmm_photo tmm_pic_juxi-team_12\" style=\"background: url(https:\/\/juxirkus.de\/juxirkus\/wp-content\/uploads\/2020\/06\/milla-e1610708254286.jpg); margin-left: auto; margin-right:auto; background-size:cover !important;\"><\/div><div class=\"tmm_textblock\"><div class=\"tmm_names\"><span class=\"tmm_fname\">Milla<\/span> <\/div><div class=\"tmm_desc\" style=\"text-align:\"><p>langj\u00e4hriges Juxikind, leidenschaftliche T\u00e4nzerin und Luftakrobatin mit einer Schw\u00e4che f\u00fcr Musical-Nummern, Trainerin der Kautschukgruppe<\/p><\/div><div class=\"tmm_scblock\"><\/div><\/div><\/div><div class=\"tmm_member\" style=\"border-top:#b22b3c solid 5px;\"><div class=\"tmm_photo tmm_pic_juxi-team_13\" style=\"background: url(https:\/\/juxirkus.de\/juxirkus\/wp-content\/uploads\/2020\/02\/mona-e1610708314162.jpg); margin-left: auto; margin-right:auto; background-size:cover !important;\"><\/div><div class=\"tmm_textblock\"><div class=\"tmm_names\"><span class=\"tmm_fname\">Mona<\/span> <\/div><div class=\"tmm_desc\" style=\"text-align:\"><p>Sozialwissenschaftlerin, Juxirkus-Leiterin und Finanz-Jongleuse mit ausgepr\u00e4gter Liebe zu Ausdauerl\u00e4ufen in der Natur<\/p><\/div><div class=\"tmm_scblock\"><\/div><\/div><\/div><span class=\"tmm_two_containers_tablet\"><\/span><div class=\"tmm_member\" style=\"border-top:#b22b3c solid 5px;\"><div class=\"tmm_photo tmm_pic_juxi-team_14\" style=\"background: url(https:\/\/juxirkus.de\/juxirkus\/wp-content\/uploads\/2017\/09\/rebecca-1-e1610708423393.jpg); margin-left: auto; margin-right:auto; background-size:cover !important;\"><\/div><div class=\"tmm_textblock\"><div class=\"tmm_names\"><span class=\"tmm_fname\">Rebecca<\/span> <\/div><div class=\"tmm_desc\" style=\"text-align:\"><p>Langj\u00e4hriges Juxikind, Trainerin f\u00fcr Antipoden-Akrobatik<\/p><\/div><div class=\"tmm_scblock\"><\/div><\/div><\/div><\/div><span class=\"tmm_columns_containers_desktop\"><\/span><div class=\"tmm_container\"><div class=\"tmm_member\" style=\"border-top:#b22b3c solid 5px;\"><div class=\"tmm_photo tmm_pic_juxi-team_15\" style=\"background: url(https:\/\/juxirkus.de\/juxirkus\/wp-content\/uploads\/2017\/09\/ronja-1-e1610708399553.jpg); margin-left: auto; margin-right:auto; background-size:cover !important;\"><\/div><div class=\"tmm_textblock\"><div class=\"tmm_names\"><span class=\"tmm_fname\">Ronja<\/span> <\/div><div class=\"tmm_desc\" style=\"text-align:\"><p>Vom Juxikind zur Trainerin, Keulenjongleuse und Akrobatin, st\u00e4rkste Umbaufrau und glitzernde Antipodentrainerin<\/p><\/div><div class=\"tmm_scblock\"><\/div><\/div><\/div><span class=\"tmm_two_containers_tablet\"><\/span><div class=\"tmm_member\" style=\"border-top:#b22b3c solid 5px;\"><div class=\"tmm_photo tmm_pic_juxi-team_16\" style=\"background: url(https:\/\/juxirkus.de\/juxirkus\/wp-content\/uploads\/2017\/09\/valentina-2-e1610708382160.jpg); margin-left: auto; margin-right:auto; background-size:cover !important;\"><\/div><div class=\"tmm_textblock\"><div class=\"tmm_names\"><span class=\"tmm_fname\">Valentina<\/span> <\/div><div class=\"tmm_desc\" style=\"text-align:\"><p>Unsere geduldige Schneiderin Valentina k\u00fcmmert sich unerm\u00fcdlich um unsere Kost\u00fcme<\/p><\/div><div class=\"tmm_scblock\"><\/div><\/div><\/div><div class=\"tmm_member\" style=\"border-top:#b22b3c solid 5px;\"><div class=\"tmm_photo tmm_pic_juxi-team_17\" style=\"background: url(https:\/\/juxirkus.de\/juxirkus\/wp-content\/uploads\/2026\/01\/IMG_4674.jpg); margin-left: auto; margin-right:auto; background-size:cover !important;\"><\/div><div class=\"tmm_textblock\"><div class=\"tmm_names\"><span class=\"tmm_fname\">Carlos<\/span> <\/div><div class=\"tmm_desc\" style=\"text-align:\"><p>Carlos, ehemaliges Juxi-Kind, nach 10 Jahren Abenteuern als professioneller Artist nun zur\u00fcck als Trainer f\u00fcr die Akro-Jungs<\/p><\/div><div class=\"tmm_scblock\"><\/div><\/div><\/div><div style=\"clear:both;\"><\/div><\/div><\/div><\/div>\n","protected":false},"excerpt":{"rendered":"<p>Wir stellen uns vor \u2013 von A bis Z:<\/p>\n","protected":false},"author":9,"featured_media":0,"parent":0,"menu_order":0,"comment_status":"closed","ping_status":"closed","template":"page-templates\/page_fullwidth.php","meta":{"_uag_custom_page_level_css":"","footnotes":""},"class_list":["post-572","page","type-page","status-publish","hentry"],"uagb_featured_image_src":{"full":false,"thumbnail":false,"medium":false,"medium_large":false,"large":false,"1536x1536":false,"2048x2048":false,"sydney-large-thumb":false,"sydney-medium-thumb":false,"sydney-small-thumb":false,"sydney-service-thumb":false,"sydney-mas-thumb":false},"uagb_author_info":{"display_name":"arabella","author_link":"https:\/\/juxirkus.de\/juxirkus\/author\/arabella\/"},"uagb_comment_info":0,"uagb_excerpt":"Wir stellen uns vor \u2013 von A bis Z:","_links":{"self":[{"href":"https:\/\/juxirkus.de\/juxirkus\/wp-json\/wp\/v2\/pages\/572","targetHints":{"allow":["GET"]}}],"collection":[{"href":"https:\/\/juxirkus.de\/juxirkus\/wp-json\/wp\/v2\/pages"}],"about":[{"href":"https:\/\/juxirkus.de\/juxirkus\/wp-json\/wp\/v2\/types\/page"}],"author":[{"embeddable":true,"href":"https:\/\/juxirkus.de\/juxirkus\/wp-json\/wp\/v2\/users\/9"}],"replies":[{"embeddable":true,"href":"https:\/\/juxirkus.de\/juxirkus\/wp-json\/wp\/v2\/comments?post=572"}],"version-history":[{"count":4,"href":"https:\/\/juxirkus.de\/juxirkus\/wp-json\/wp\/v2\/pages\/572\/revisions"}],"predecessor-version":[{"id":3918,"href":"https:\/\/juxirkus.de\/juxirkus\/wp-json\/wp\/v2\/pages\/572\/revisions\/3918"}],"wp:attachment":[{"href":"https:\/\/juxirkus.de\/juxirkus\/wp-json\/wp\/v2\/media?parent=572"}],"curies":[{"name":"wp","href":"https:\/\/api.w.org\/{rel}","templated":true}]}}