{"id":651,"date":"2015-09-25T14:25:12","date_gmt":"2015-09-25T12:25:12","guid":{"rendered":"http:\/\/juxirkus.de\/juxirkus\/?page_id=651"},"modified":"2022-02-05T18:55:25","modified_gmt":"2022-02-05T17:55:25","slug":"integrationsarbeit","status":"publish","type":"page","link":"https:\/\/juxirkus.de\/juxirkus\/integrationsarbeit\/","title":{"rendered":"Integrationsarbeit"},"content":{"rendered":"\n<div class=\"wp-block-image\"><figure class=\"alignleft\"><img loading=\"lazy\" decoding=\"async\" width=\"300\" height=\"400\" src=\"https:\/\/juxirkus.de\/juxirkus\/wp-content\/uploads\/2015\/10\/eiderdownen_2-e1448366457851-300x400.jpg\" alt=\"eiderdownen_2\" class=\"wp-image-1477\" srcset=\"https:\/\/juxirkus.de\/juxirkus\/wp-content\/uploads\/2015\/10\/eiderdownen_2-e1448366457851-300x400.jpg 300w, https:\/\/juxirkus.de\/juxirkus\/wp-content\/uploads\/2015\/10\/eiderdownen_2-e1448366457851-769x1024.jpg 769w, https:\/\/juxirkus.de\/juxirkus\/wp-content\/uploads\/2015\/10\/eiderdownen_2-e1448366457851.jpg 800w\" sizes=\"auto, (max-width: 300px) 100vw, 300px\" \/><\/figure><\/div>\n\n\n\n<p>Als Erweiterung unseres p\u00e4dagogischen Angebotes haben wir in den letzten Jahren unseren Zirkus noch einmal gezielter f\u00fcr Kinder und Jugendliche mit sonderp\u00e4dagogischem F\u00f6rderbedarf bzw. mit k\u00f6rperlichen oder geistigen Behinderungen ge\u00f6ffnet.<\/p>\n\n\n\n<p>Zum einen geschieht dies im Rahmen unserer <a href=\"https:\/\/juxirkus.de\/juxirkus\/angebote-fuer-schulen\/\">Projektwochen<\/a>. Zum anderen besteht seit Sommer 2009 die Gruppe <a href=\"https:\/\/juxirkus.de\/juxirkus\/die-eiderdownen\/\">Die Eiderdownen<\/a>, die jeden Mittwoch im Zelt trainiert. Trainer sind <a href=\"https:\/\/juxirkus.de\/juxirkus\/team\/\">Alexander<\/a> und <a href=\"https:\/\/juxirkus.de\/juxirkus\/team\/\">Dominik<\/a>. Weitere Informationen dazu im <a href=\"https:\/\/juxirkus.de\/juxirkus\/kontakt\/\">B\u00fcro<\/a>.<\/p>\n","protected":false},"excerpt":{"rendered":"<p>Als Erweiterung unseres p\u00e4dagogischen Angebotes haben wir in den letzten Jahren unseren Zirkus noch einmal gezielter f\u00fcr Kinder und Jugendliche mit sonderp\u00e4dagogischem [&hellip;]<\/p>\n","protected":false},"author":9,"featured_media":0,"parent":0,"menu_order":0,"comment_status":"closed","ping_status":"closed","template":"page-templates\/page_fullwidth.php","meta":{"_uag_custom_page_level_css":"","footnotes":""},"class_list":["post-651","page","type-page","status-publish","hentry"],"uagb_featured_image_src":{"full":false,"thumbnail":false,"medium":false,"medium_large":false,"large":false,"1536x1536":false,"2048x2048":false,"sydney-large-thumb":false,"sydney-medium-thumb":false,"sydney-small-thumb":false,"sydney-service-thumb":false,"sydney-mas-thumb":false},"uagb_author_info":{"display_name":"arabella","author_link":"https:\/\/juxirkus.de\/juxirkus\/author\/arabella\/"},"uagb_comment_info":0,"uagb_excerpt":"Als Erweiterung unseres p\u00e4dagogischen Angebotes haben wir in den letzten Jahren unseren Zirkus noch einmal gezielter f\u00fcr Kinder und Jugendliche mit sonderp\u00e4dagogischem [&hellip;]","_links":{"self":[{"href":"https:\/\/juxirkus.de\/juxirkus\/wp-json\/wp\/v2\/pages\/651","targetHints":{"allow":["GET"]}}],"collection":[{"href":"https:\/\/juxirkus.de\/juxirkus\/wp-json\/wp\/v2\/pages"}],"about":[{"href":"https:\/\/juxirkus.de\/juxirkus\/wp-json\/wp\/v2\/types\/page"}],"author":[{"embeddable":true,"href":"https:\/\/juxirkus.de\/juxirkus\/wp-json\/wp\/v2\/users\/9"}],"replies":[{"embeddable":true,"href":"https:\/\/juxirkus.de\/juxirkus\/wp-json\/wp\/v2\/comments?post=651"}],"version-history":[{"count":1,"href":"https:\/\/juxirkus.de\/juxirkus\/wp-json\/wp\/v2\/pages\/651\/revisions"}],"predecessor-version":[{"id":3602,"href":"https:\/\/juxirkus.de\/juxirkus\/wp-json\/wp\/v2\/pages\/651\/revisions\/3602"}],"wp:attachment":[{"href":"https:\/\/juxirkus.de\/juxirkus\/wp-json\/wp\/v2\/media?parent=651"}],"curies":[{"name":"wp","href":"https:\/\/api.w.org\/{rel}","templated":true}]}}