{"id":67,"date":"2015-06-26T13:57:30","date_gmt":"2015-06-26T11:57:30","guid":{"rendered":"http:\/\/juxirkus.de\/juxirkus\/?page_id=67"},"modified":"2023-10-20T16:59:01","modified_gmt":"2023-10-20T14:59:01","slug":"haeufige-fragen","status":"publish","type":"page","link":"https:\/\/juxirkus.de\/juxirkus\/haeufige-fragen\/","title":{"rendered":"H\u00e4ufige Fragen"},"content":{"rendered":"\n<div id=\"accordions-634\" class=\"accordions-634 accordions\" data-accordions={&quot;lazyLoad&quot;:false,&quot;id&quot;:&quot;634&quot;,&quot;event&quot;:&quot;click&quot;,&quot;collapsible&quot;:&quot;true&quot;,&quot;heightStyle&quot;:&quot;content&quot;,&quot;animateStyle&quot;:&quot;swing&quot;,&quot;animateDelay&quot;:1000,&quot;navigation&quot;:true,&quot;active&quot;:999,&quot;expandedOther&quot;:&quot;no&quot;}>\r\n                <div class=\"items\" >\r\n    \r\n            <div post_id=\"634\" itemcount=\"0\"  header_id=\"header-row_0\" id=\"header-row_0\" style=\"\" class=\"accordions-head headrow_0 border-none\" toggle-text=\"\" main-text=\"Was ist der Juxirkus? \">\r\n                                    <span id=\"accordion-icons-row_0\" class=\"accordion-icons\">\r\n                        <span class=\"accordion-icon-active accordion-plus\"><i class=\"fa fa-chevron-down\"><\/i><\/span>\r\n                        <span class=\"accordion-icon-inactive accordion-minus\"><i class=\"fa fa-chevron-up\"><\/i><\/span>\r\n                    <\/span>\r\n                    <span id=\"header-text-row_0\" class=\"accordions-head-title\">Was ist der Juxirkus? <\/span>\r\n                            <\/div>\r\n            <div class=\"accordion-content contentrow_0 \">\r\n                <p>Der Juxirkus ist ein Ort, an dem Kinder und Jugendliche Einblicke in die Welt des Zirkus nehmen k\u00f6nnen.<\/p>\n            <\/div>\r\n    \r\n            <div post_id=\"634\" itemcount=\"1\"  header_id=\"header-row_1\" id=\"header-row_1\" style=\"\" class=\"accordions-head headrow_1 border-none\" toggle-text=\"\" main-text=\"Kann ich mal zuschauen?\">\r\n                                    <span id=\"accordion-icons-row_1\" class=\"accordion-icons\">\r\n                        <span class=\"accordion-icon-active accordion-plus\"><i class=\"fa fa-chevron-down\"><\/i><\/span>\r\n                        <span class=\"accordion-icon-inactive accordion-minus\"><i class=\"fa fa-chevron-up\"><\/i><\/span>\r\n                    <\/span>\r\n                    <span id=\"header-text-row_1\" class=\"accordions-head-title\">Kann ich mal zuschauen?<\/span>\r\n                            <\/div>\r\n            <div class=\"accordion-content contentrow_1 \">\r\n                <p>Das Training ist \u00f6ffentlich. Kommt einfach einmal herein und sprecht den Trainer oder die Trainerin an, ob ihr ein bisschen zuschauen k\u00f6nnt.<\/p>\n            <\/div>\r\n    \r\n            <div post_id=\"634\" itemcount=\"2\"  header_id=\"header-row_2\" id=\"header-row_2\" style=\"\" class=\"accordions-head headrow_2 border-none\" toggle-text=\"\" main-text=\"Kann ich bei euch mitmachen?\">\r\n                                    <span id=\"accordion-icons-row_2\" class=\"accordion-icons\">\r\n                        <span class=\"accordion-icon-active accordion-plus\"><i class=\"fa fa-chevron-down\"><\/i><\/span>\r\n                        <span class=\"accordion-icon-inactive accordion-minus\"><i class=\"fa fa-chevron-up\"><\/i><\/span>\r\n                    <\/span>\r\n                    <span id=\"header-text-row_2\" class=\"accordions-head-title\">Kann ich bei euch mitmachen?<\/span>\r\n                            <\/div>\r\n            <div class=\"accordion-content contentrow_2 \">\r\n                <p>Du kannst mitmachen, wenn du mindestens 10 Jahre alt bist. Wir sind keine Zirkusschule, d.h. bei uns gibt es keinen Eingangstest und wir erwarten auch keine Vorkenntnisse oder besonderen Begabungen. Bringt euch selbst mit und Neugier und gute Laune.<br \/>\nWerft einen Blick auf den <a href=\"https:\/\/juxirkus.de\/juxirkus\/trainingsplan\/\"><span style=\"color: #b22b3c;\">>>>\u00a0Trainingsplan<\/span><\/a>, schaut einfach einmal, welche Gruppe euch interessiert oder wann ihr Zeit habt. Dann kommt vorbei, sprecht den Trainer oder die Trainerin an und fragt, ob ihr mitmachen k\u00f6nnt.<br \/>\nNur Mut! Einfach geradewegs hereinspaziert und Fragen sind willkommen.<\/p>\n            <\/div>\r\n    \r\n            <div post_id=\"634\" itemcount=\"3\"  header_id=\"header-row_3\" id=\"header-row_3\" style=\"\" class=\"accordions-head headrow_3 border-none\" toggle-text=\"\" main-text=\"Muss ich etwas bezahlen?\">\r\n                                    <span id=\"accordion-icons-row_3\" class=\"accordion-icons\">\r\n                        <span class=\"accordion-icon-active accordion-plus\"><i class=\"fa fa-chevron-down\"><\/i><\/span>\r\n                        <span class=\"accordion-icon-inactive accordion-minus\"><i class=\"fa fa-chevron-up\"><\/i><\/span>\r\n                    <\/span>\r\n                    <span id=\"header-text-row_3\" class=\"accordions-head-title\">Muss ich etwas bezahlen?<\/span>\r\n                            <\/div>\r\n            <div class=\"accordion-content contentrow_3 \">\r\n                <p>Wir bitten alle Eltern um einen freiwilligen Montagsbeitrag von 10\u20ac. Aber viele Leute unterst\u00fctzen unsere Arbeit dar\u00fcber hinaus mit Spenden. Mehr dazu unter <span style=\"color: #b22b3c;\"><a style=\"color: #b22b3c;\" href=\"https:\/\/juxirkus.de\/juxirkus\/foerdern-spenden\/\">>>>\u00a0F\u00f6rdern & Spenden<\/a><\/span>.<\/p>\n            <\/div>\r\n    \r\n            <div post_id=\"634\" itemcount=\"4\"  header_id=\"header-row_4\" id=\"header-row_4\" style=\"\" class=\"accordions-head headrow_4 border-none\" toggle-text=\"\" main-text=\"Mein Kind ist so begabt, aber erst sechs Jahre alt \u2026 gibt es da nicht einmal eine Ausnahme?\">\r\n                                    <span id=\"accordion-icons-row_4\" class=\"accordion-icons\">\r\n                        <span class=\"accordion-icon-active accordion-plus\"><i class=\"fa fa-chevron-down\"><\/i><\/span>\r\n                        <span class=\"accordion-icon-inactive accordion-minus\"><i class=\"fa fa-chevron-up\"><\/i><\/span>\r\n                    <\/span>\r\n                    <span id=\"header-text-row_4\" class=\"accordions-head-title\">Mein Kind ist so begabt, aber erst sechs Jahre alt \u2026 gibt es da nicht einmal eine Ausnahme?<\/span>\r\n                            <\/div>\r\n            <div class=\"accordion-content contentrow_4 \">\r\n                <p>Nein, leider nicht. Der Juxirkus ist ein Projekt ab zehn. F\u00fcr j\u00fcngere Kinder gibt es den <span style=\"color: #b22b3c;\"><a style=\"color: #b22b3c;\" href=\"https:\/\/juxirkus.de\/juxirkus\/mini-und-midizirkus\/\">>>> Mini- &\u00a0Midizirkus<\/a><\/span>.<\/p>\n            <\/div>\r\n    \r\n            <div post_id=\"634\" itemcount=\"5\"  header_id=\"header-row_5\" id=\"header-row_5\" style=\"\" class=\"accordions-head headrow_5 border-none\" toggle-text=\"\" main-text=\"Macht ihr auch Auff\u00fchrungen?\">\r\n                                    <span id=\"accordion-icons-row_5\" class=\"accordion-icons\">\r\n                        <span class=\"accordion-icon-active accordion-plus\"><i class=\"fa fa-chevron-down\"><\/i><\/span>\r\n                        <span class=\"accordion-icon-inactive accordion-minus\"><i class=\"fa fa-chevron-up\"><\/i><\/span>\r\n                    <\/span>\r\n                    <span id=\"header-text-row_5\" class=\"accordions-head-title\">Macht ihr auch Auff\u00fchrungen?<\/span>\r\n                            <\/div>\r\n            <div class=\"accordion-content contentrow_5 \">\r\n                <p>Ja. Wir zeigen die Ergebnisse unserer Arbeit zweimal im Jahr in einem gro\u00dfen Programm. Informationen zu diesen Auff\u00fchrungen gibt's <span style=\"color: #b22b3c;\"><a style=\"color: #b22b3c;\" href=\"https:\/\/juxirkus.de\/juxirkus\/termine\/\">>>>\u00a0hier<\/a><\/span>.<\/p>\n            <\/div>\r\n    \r\n            <div post_id=\"634\" itemcount=\"6\"  header_id=\"header-row_6\" id=\"header-row_6\" style=\"\" class=\"accordions-head headrow_6 border-none\" toggle-text=\"\" main-text=\"Was gibts \u00fcber Preise, Erm\u00e4\u00dfigungen und Vorbestellungen zu erfahren?\">\r\n                                    <span id=\"accordion-icons-row_6\" class=\"accordion-icons\">\r\n                        <span class=\"accordion-icon-active accordion-plus\"><i class=\"fa fa-chevron-down\"><\/i><\/span>\r\n                        <span class=\"accordion-icon-inactive accordion-minus\"><i class=\"fa fa-chevron-up\"><\/i><\/span>\r\n                    <\/span>\r\n                    <span id=\"header-text-row_6\" class=\"accordions-head-title\">Was gibts \u00fcber Preise, Erm\u00e4\u00dfigungen und Vorbestellungen zu erfahren?<\/span>\r\n                            <\/div>\r\n            <div class=\"accordion-content contentrow_6 \">\r\n                <p>Unsere Auff\u00fchrungen finden jeweils um 17:30 Uhr in unserem Juxi-Zelt in der Hohenstaufenstra\u00dfe in Sch\u00f6neberg statt.<br \/>\nDie Auff\u00fchrung kostet 5 \u20ac ohne und 3 \u20ac mit Erm\u00e4\u00dfigung, f\u00fcr Kinder bis 3 Jahren sind sie kostenlos. Bei den Auff\u00fchrungen, die mit \u201eFamilienpass\u201c gekennzeichnet sind, erhalten Besitzer*innen eines Berliner Familienpasses je Karte 1 \u20ac Erm\u00e4\u00dfigung; aber nat\u00fcrlich k\u00f6nnt ihr auch ohne Familienpass zu diesen Vorstellungen kommen.<br \/>\nDie Kasse \u00f6ffnet um 17:00 Uhr, die Pl\u00e4tze sind nicht nummeriert.<br \/>\nDa unsere Auff\u00fchrung h\u00e4ufig ausverkauft ist, empfehlen wir euch dringend, Karten vorzubestellen; Kartenvorbestellung unter Tel. 030 2155821 oder unter juxirkus (at) pfh-berlin.de.<br \/>\nWenn unsere Auff\u00fchrung ausverkauft ist \u2013 nicht verzweifeln. Kommt ab ca. 17:15 Uhr zur Abendkasse am Zelt, wir garantieren euch keine Pl\u00e4tze, aber wir tun, was wir k\u00f6nnen.<\/p>\n            <\/div>\r\n    \r\n            <div post_id=\"634\" itemcount=\"7\"  header_id=\"header-row_7\" id=\"header-row_7\" style=\"\" class=\"accordions-head headrow_7 border-none\" toggle-text=\"\" main-text=\"Ausverkauft \u2013 was tun?\">\r\n                                    <span id=\"accordion-icons-row_7\" class=\"accordion-icons\">\r\n                        <span class=\"accordion-icon-active accordion-plus\"><i class=\"fa fa-chevron-down\"><\/i><\/span>\r\n                        <span class=\"accordion-icon-inactive accordion-minus\"><i class=\"fa fa-chevron-up\"><\/i><\/span>\r\n                    <\/span>\r\n                    <span id=\"header-text-row_7\" class=\"accordions-head-title\">Ausverkauft \u2013 was tun?<\/span>\r\n                            <\/div>\r\n            <div class=\"accordion-content contentrow_7 \">\r\n                <p>Versucht's an der Abendkasse am Zelt. In den meisten F\u00e4llen bringen wir alle Zuschauer*innen unter, nur ganz selten einmal \u2013 fast nie\u00a0\u2013 m\u00fcssen wir Leute nach Hause schicken. Aber falls das passiert \u00a0\u2013 seid uns nicht b\u00f6se!<\/p>\n            <\/div>\r\n    \r\n            <div post_id=\"634\" itemcount=\"8\"  header_id=\"header-row_8\" id=\"header-row_8\" style=\"\" class=\"accordions-head headrow_8 border-none\" toggle-text=\"\" main-text=\"Habt ihr auch Tiere?\">\r\n                                    <span id=\"accordion-icons-row_8\" class=\"accordion-icons\">\r\n                        <span class=\"accordion-icon-active accordion-plus\"><i class=\"fa fa-chevron-down\"><\/i><\/span>\r\n                        <span class=\"accordion-icon-inactive accordion-minus\"><i class=\"fa fa-chevron-up\"><\/i><\/span>\r\n                    <\/span>\r\n                    <span id=\"header-text-row_8\" class=\"accordions-head-title\">Habt ihr auch Tiere?<\/span>\r\n                            <\/div>\r\n            <div class=\"accordion-content contentrow_8 \">\r\n                <p>Die immer wieder gestellte Frage. Die Antwort: Nein! Wir haben schon mit unseren Kindern genug zu tun. Nein, Scherz beiseite: Im Juxirkus gibt es keine Tiere. Als p\u00e4dagogisches Projekt arbeiten wir \u00fcber das Erlernen von im weitesten Sinne artistischen Techniken. Tierdressur geh\u00f6rt nicht dazu.<\/p>\n            <\/div>\r\n    \r\n            <div post_id=\"634\" itemcount=\"9\"  header_id=\"header-row_9\" id=\"header-row_9\" style=\"\" class=\"accordions-head headrow_9 border-none\" toggle-text=\"\" main-text=\"Ich habe noch 1.000 weitere Fragen!\">\r\n                                    <span id=\"accordion-icons-row_9\" class=\"accordion-icons\">\r\n                        <span class=\"accordion-icon-active accordion-plus\"><i class=\"fa fa-chevron-down\"><\/i><\/span>\r\n                        <span class=\"accordion-icon-inactive accordion-minus\"><i class=\"fa fa-chevron-up\"><\/i><\/span>\r\n                    <\/span>\r\n                    <span id=\"header-text-row_9\" class=\"accordions-head-title\">Ich habe noch 1.000 weitere Fragen!<\/span>\r\n                            <\/div>\r\n            <div class=\"accordion-content contentrow_9 \">\r\n                <p>Kein Problem \u2026 Hereinspaziert, und fragt einfach. Au\u00dferdem k\u00f6nnt ihr <span style=\"color: #b22b3c;\"><a style=\"color: #b22b3c;\" href=\"https:\/\/juxirkus.de\/juxirkus\/kontakt\/\">>>>\u00a0uns im B\u00fcro anrufen, ein Fax oder eine Mail schicken.<\/a><\/span><\/p>\n            <\/div>\r\n    <\/div>\r\n\r\n\r\n\r\n            <\/div>\n","protected":false},"excerpt":{"rendered":"","protected":false},"author":9,"featured_media":0,"parent":0,"menu_order":0,"comment_status":"closed","ping_status":"closed","template":"page-templates\/page_fullwidth.php","meta":{"_uag_custom_page_level_css":"","footnotes":""},"class_list":["post-67","page","type-page","status-publish","hentry"],"uagb_featured_image_src":{"full":false,"thumbnail":false,"medium":false,"medium_large":false,"large":false,"1536x1536":false,"2048x2048":false,"sydney-large-thumb":false,"sydney-medium-thumb":false,"sydney-small-thumb":false,"sydney-service-thumb":false,"sydney-mas-thumb":false},"uagb_author_info":{"display_name":"arabella","author_link":"https:\/\/juxirkus.de\/juxirkus\/author\/arabella\/"},"uagb_comment_info":0,"uagb_excerpt":null,"_links":{"self":[{"href":"https:\/\/juxirkus.de\/juxirkus\/wp-json\/wp\/v2\/pages\/67","targetHints":{"allow":["GET"]}}],"collection":[{"href":"https:\/\/juxirkus.de\/juxirkus\/wp-json\/wp\/v2\/pages"}],"about":[{"href":"https:\/\/juxirkus.de\/juxirkus\/wp-json\/wp\/v2\/types\/page"}],"author":[{"embeddable":true,"href":"https:\/\/juxirkus.de\/juxirkus\/wp-json\/wp\/v2\/users\/9"}],"replies":[{"embeddable":true,"href":"https:\/\/juxirkus.de\/juxirkus\/wp-json\/wp\/v2\/comments?post=67"}],"version-history":[{"count":3,"href":"https:\/\/juxirkus.de\/juxirkus\/wp-json\/wp\/v2\/pages\/67\/revisions"}],"predecessor-version":[{"id":3412,"href":"https:\/\/juxirkus.de\/juxirkus\/wp-json\/wp\/v2\/pages\/67\/revisions\/3412"}],"wp:attachment":[{"href":"https:\/\/juxirkus.de\/juxirkus\/wp-json\/wp\/v2\/media?parent=67"}],"curies":[{"name":"wp","href":"https:\/\/api.w.org\/{rel}","templated":true}]}}