{"id":39256,"date":"2019-05-20T15:34:54","date_gmt":"2019-05-20T13:34:54","guid":{"rendered":"https:\/\/juxirkus.de\/photos\/?page_id=39256"},"modified":"2026-03-28T13:02:30","modified_gmt":"2026-03-28T12:02:30","slug":"impressum","status":"publish","type":"page","link":"https:\/\/juxirkus.de\/photos\/impressum\/","title":{"rendered":"Impressum"},"content":{"rendered":"\n<p>Verantwortlich im Sinne des Presserechts<br>und des \u00a7 6 des Mediendienste-Staatsvertrages<\/p>\n\n\n\n<p><a href=\"http:\/\/www.pfh-berlin.de\/\" target=\"_blank\" rel=\"noreferrer noopener\"> Pestalozzi-Fr\u00f6bel-Haus<\/a><br>Stiftung des \u00f6ffentlichen Rechts<br>Karl-Schrader-Stra\u00dfe 7-8<br>D-10781 Berlin<\/p>\n\n\n\n<p>Tel.: 030 217300<br>Fax: 030 21730150<br>E-Mail: info@pfh-berlin.de<\/p>\n\n\n\n<figure class=\"wp-block-image alignleft\"><img decoding=\"async\" src=\"https:\/\/juxirkus.de\/juxirkus\/wp-content\/uploads\/2015\/06\/pfh-e1445168916847.gif\" alt=\"pfh\" class=\"wp-image-999\"\/><\/figure>\n\n\n\n<p><strong>Zust\u00e4ndige Aufsichtsbeh\u00f6rde<\/strong><br>Senatsverwaltung f\u00fcr Bildung, Jugend und Wissenschaft des Landes Berlin<\/p>\n\n\n\n<figure class=\"wp-block-image\"><img decoding=\"async\" src=\"https:\/\/juxirkus.de\/juxirkus\/wp-content\/uploads\/2015\/10\/JA_Blau_neg_RGB.jpg\" alt=\"Logo Jugendamt\" class=\"wp-image-1009\"\/><\/figure>\n\n\n\n<figure class=\"wp-block-image\"><img decoding=\"async\" src=\"https:\/\/juxirkus.de\/juxirkus\/wp-content\/uploads\/2015\/06\/kiezoase-e1445170637138.jpg\" alt=\"Logo kiezoase\" class=\"wp-image-1013\"\/><\/figure>\n\n\n\n<p><strong>Redaktion und Konzeption<br><\/strong><a href=\"https:\/\/juxirkus.de\/juxirkus\/kontakt\/\">Mona Griesel<\/a> und <a href=\"https:\/\/juxirkus.de\/juxirkus\/kontakt\/\">Alexander Frey<\/a><\/p>\n\n\n\n<p><strong>Technische Betreuung<br><\/strong>Silvio K\u00fcnstner<\/p>\n\n\n\n<p><strong>Sponsoring der Webseite<\/strong><br>CBXNET combox internet GmbH<\/p>\n\n\n\n<p><strong>Fotos<\/strong><br>Juxirkus-Sch\u00f6neberg<\/p>\n\n\n\n<h5 class=\"wp-block-heading\"><strong>Haftungsausschluss<\/strong><\/h5>\n\n\n\n<p><strong>Haftung f\u00fcr Inhalte<\/strong><\/p>\n\n\n\n<p>Die Inhalte unserer Seiten wurden mit gr\u00f6\u00dfter Sorgfalt erstellt. F\u00fcr die Richtigkeit, Vollst\u00e4ndigkeit und Aktualit\u00e4t der Inhalte k\u00f6nnen wir jedoch keine Gew\u00e4hr \u00fcbernehmen. Als Diensteanbieter sind wir gem\u00e4\u00df \u00a7 7 Abs.1 TMG f\u00fcr eigene Inhalte auf diesen Seiten nach den allgemeinen Gesetzen verantwortlich. Nach \u00a7\u00a7 8 bis 10 TMG sind wir als Diensteanbieter jedoch nicht verpflichtet, \u00fcbermittelte oder gespeicherte fremde Informationen zu \u00fcberwachen oder nach Umst\u00e4nden zu forschen, die auf eine rechtswidrige T\u00e4tigkeit hinweisen. Verpflichtungen zur Entfernung oder Sperrung der Nutzung von Informationen nach den allgemeinen Gesetzen bleiben hiervon unber\u00fchrt. Eine diesbez\u00fcgliche Haftung ist jedoch erst ab dem Zeitpunkt der Kenntnis einer konkreten Rechtsverletzung m\u00f6glich. Bei Bekanntwerden von entsprechenden Rechtsverletzungen werden wir diese Inhalte umgehend entfernen.<\/p>\n\n\n\n<p><strong>Haftung f\u00fcr Links<\/strong><\/p>\n\n\n\n<p>Unser Angebot enth\u00e4lt Links zu externen Webseiten Dritter, auf deren Inhalte wir keinen Einfluss haben. Deshalb k\u00f6nnen wir f\u00fcr diese fremden Inhalte auch keine Gew\u00e4hr \u00fcbernehmen. F\u00fcr die Inhalte der verlinkten Seiten ist stets der jeweilige Anbieter oder Betreiber der Seiten verantwortlich. Die verlinkten Seiten wurden zum Zeitpunkt der Verlinkung auf m\u00f6gliche Rechtsverst\u00f6\u00dfe \u00fcberpr\u00fcft. Rechtswidrige Inhalte waren zum Zeitpunkt der Verlinkung nicht erkennbar. Eine permanente inhaltliche Kontrolle der verlinkten Seiten ist jedoch ohne konkrete Anhaltspunkte einer Rechtsverletzung nicht zumutbar. Bei Bekanntwerden von Rechtsverletzungen werden wir derartige Links umgehend entfernen.<\/p>\n\n\n\n<p><strong>Urheberrecht<\/strong><\/p>\n\n\n\n<p>Die durch die Seitenbetreiber erstellten Inhalte und Werke auf diesen Seiten unterliegen dem deutschen Urheberrecht. Die Vervielf\u00e4ltigung, Bearbeitung, Verbreitung und jede Art der Verwertung au\u00dferhalb der Grenzen des Urheberrechtes bed\u00fcrfen der schriftlichen Zustimmung des jeweiligen Autors bzw. Erstellers. Downloads und Kopien dieser Seite sind nur f\u00fcr den privaten, nicht kommerziellen Gebrauch gestattet. Soweit die Inhalte auf dieser Seite nicht vom Betreiber erstellt wurden, werden die Urheberrechte Dritter beachtet. Insbesondere werden Inhalte Dritter als solche gekennzeichnet. Sollten Sie trotzdem auf eine Urheberrechtsverletzung aufmerksam werden, bitten wir um einen entsprechenden Hinweis. Bei Bekanntwerden von Rechtsverletzungen werden wir derartige Inhalte umgehend entfernen.<\/p>\n","protected":false},"excerpt":{"rendered":"<p>Verantwortlich im Sinne des Presserechtsund des \u00a7 6 des Mediendienste-Staatsvertrages Pestalozzi-Fr\u00f6bel-HausStiftung des \u00f6ffentlichen RechtsKarl-Schrader-Stra\u00dfe 7-8D-10781 Berlin Tel.: 030 217300Fax: 030 21730150E-Mail: info@pfh-berlin.de [&hellip;]<\/p>\n","protected":false},"author":4,"featured_media":0,"parent":0,"menu_order":0,"comment_status":"closed","ping_status":"closed","template":"","meta":{"ngg_post_thumbnail":0,"footnotes":""},"class_list":["post-39256","page","type-page","status-publish","hentry"],"_links":{"self":[{"href":"https:\/\/juxirkus.de\/photos\/wp-json\/wp\/v2\/pages\/39256","targetHints":{"allow":["GET"]}}],"collection":[{"href":"https:\/\/juxirkus.de\/photos\/wp-json\/wp\/v2\/pages"}],"about":[{"href":"https:\/\/juxirkus.de\/photos\/wp-json\/wp\/v2\/types\/page"}],"author":[{"embeddable":true,"href":"https:\/\/juxirkus.de\/photos\/wp-json\/wp\/v2\/users\/4"}],"replies":[{"embeddable":true,"href":"https:\/\/juxirkus.de\/photos\/wp-json\/wp\/v2\/comments?post=39256"}],"version-history":[{"count":5,"href":"https:\/\/juxirkus.de\/photos\/wp-json\/wp\/v2\/pages\/39256\/revisions"}],"predecessor-version":[{"id":48211,"href":"https:\/\/juxirkus.de\/photos\/wp-json\/wp\/v2\/pages\/39256\/revisions\/48211"}],"wp:attachment":[{"href":"https:\/\/juxirkus.de\/photos\/wp-json\/wp\/v2\/media?parent=39256"}],"curies":[{"name":"wp","href":"https:\/\/api.w.org\/{rel}","templated":true}]}}